{"id":1139,"date":"2026-02-07T13:30:53","date_gmt":"2026-02-07T12:30:53","guid":{"rendered":"https:\/\/grunert-psychotherapie.de\/?page_id=1139"},"modified":"2026-02-11T09:39:29","modified_gmt":"2026-02-11T08:39:29","slug":"psycho-onkologie","status":"publish","type":"page","link":"https:\/\/grunert-psychotherapie.de\/tr\/behandlungsschwerpunkte\/psycho-onkologie\/","title":{"rendered":"Psiko-Onkoloji"},"content":{"rendered":"<h1>Psiko-onkolojik G\u00f6r\u00fc\u015fme (Dan\u0131\u015fma)<\/h1>\n<p>Kanser hastal\u0131\u011f\u0131 bir\u00e7ok insan i\u00e7in ruhsal ve varolu\u015fsal a\u00e7\u0131dan \u00e7ok zorlay\u0131c\u0131 bir deneyimdir. T\u0131bbi tedavi tamamlanm\u0131\u015f ya da hastal\u0131k kontrol alt\u0131na al\u0131nm\u0131\u015f olsa bile, \u00e7o\u011fu zaman i\u00e7sel gerginlikler, korkular ve pek \u00e7ok soru devam eder. Psiko-onkolojik g\u00f6r\u00fc\u015fme, bu s\u00fcre\u00e7te psikoterap\u00f6tik destek almak isteyen kanser hastalar\u0131na y\u00f6neliktir.<\/p>\n<p>Bir\u00e7ok ki\u015fi, tan\u0131 ve ilk tedavi d\u00f6neminden sonra depresif bir ruh hali, s\u00fcrekli ya da tekrarlayan kayg\u0131lar, su\u00e7luluk veya utan\u00e7 duygular\u0131 ve kendi bedenini ya da kimli\u011fini alg\u0131lamada derin bir g\u00fcvensizlik ya\u015fayabilir. Kanser hastal\u0131\u011f\u0131, insan\u0131n hayata bak\u0131\u015f\u0131n\u0131 k\u00f6kten de\u011fi\u015ftirebilir; kontrol, g\u00fcvenlik, ya\u015fam\u0131n sonlulu\u011fu ve anlam gibi sorular\u0131 g\u00fcndeme getirebilir.<\/p>\n<p>Bu i\u00e7sel zorluklara ek olarak, ki\u015fileraras\u0131 ili\u015fkilerde de sorunlar ortaya \u00e7\u0131kabilir. \u0130li\u015fkiler de\u011fi\u015fir, roller kayar ve sosyal \u00e7evre her zaman beklenen ya da ihtiya\u00e7 duyulan deste\u011fi veremeyebilir. \u0130yi niyetle verilen tavsiyeler, d\u00fc\u015f\u00fcnmeden sorulan sorular ya da arkada\u015flar\u0131n geri \u00e7ekilmesi, ki\u015finin kendini bu deneyimde yaln\u0131z hissetmesini art\u0131rabilir.<\/p>\n<p>Psiko-onkolojik g\u00f6r\u00fc\u015fmemde, \u015fu anda sizi en \u00e7ok zorlayan ruhsal y\u00fcklerin neler oldu\u011funu ve bunlar\u0131n kanser hastal\u0131\u011f\u0131, ge\u00e7mi\u015f ya\u015fam deneyimleri ve mevcut ili\u015fki kal\u0131plar\u0131yla nas\u0131l ba\u011flant\u0131l\u0131 oldu\u011funu birlikte anlamaya \u00e7al\u0131\u015f\u0131r\u0131z. S\u0131kl\u0131kla hastal\u0131k, daha \u00f6nce iyi dengelenmi\u015f olan i\u00e7sel \u00e7at\u0131\u015fmalar\u0131 ya da eski duygusal yaralar\u0131 yeniden harekete ge\u00e7irebilir. Ayn\u0131 zamanda bu g\u00f6r\u00fc\u015fme, uzmanla\u015fm\u0131\u015f psiko-onkolojik grup terapime kat\u0131l\u0131m i\u00e7in bir \u00f6n g\u00f6r\u00fc\u015fme niteli\u011fi ta\u015f\u0131r. Bu ilk g\u00f6r\u00fc\u015fmede birbirimizi tan\u0131r ve kanser hastalar\u0131na y\u00f6nelik grup terapisinin sizin i\u00e7in uygun bir tedavi olup olmad\u0131\u011f\u0131n\u0131 ya da \u00f6ncelikle ba\u015fka bir terap\u00f6tik deste\u011fin daha anlaml\u0131 olup olmayaca\u011f\u0131n\u0131 birlikte de\u011ferlendiririz.<\/p>\n<p>Psiko-onkolojik grup terapisi, ortak konusu \u201ckanser hastal\u0131\u011f\u0131\u201d olan ki\u015filer i\u00e7in g\u00fcvenli bir alan sunar. Bir\u00e7ok hasta, benzer deneyimler ya\u015fam\u0131\u015f insanlarla bir araya gelmeyi rahatlat\u0131c\u0131 bulur. Grupta, her \u015feyi ayr\u0131nt\u0131l\u0131 olarak anlatmak zorunda kalmadan anla\u015f\u0131lma duygusu ortaya \u00e7\u0131kar. Yaln\u0131zl\u0131k ve i\u00e7sel izolasyon hissi azalabilir; destek ve aidiyet duygusu geli\u015fir.<\/p>\n<p>Analitik y\u00f6nelimli grup terapisinde yaln\u0131zca g\u00fcncel sorunlarla de\u011fil, daha derin duygusal s\u00fcre\u00e7lerle de \u00e7al\u0131\u015f\u0131r\u0131z. Hastal\u0131\u011fa verilen bilin\u00e7d\u0131\u015f\u0131 tepkiler, korku, \u00f6fke, k\u0131skan\u00e7l\u0131k, su\u00e7luluk ya da \u00e7aresizlik gibi \u00e7eli\u015fkili duygular ve tekrarlayan ili\u015fki kal\u0131plar\u0131 fark edilebilir, dile getirilebilir ve daha iyi anla\u015f\u0131labilir. Grup i\u00e7indeki payla\u015f\u0131m, yeni duygusal deneyimlerin olu\u015fmas\u0131na ve g\u00fc\u00e7lendirici ba\u015f etme ve iyile\u015fme s\u00fcre\u00e7lerinin ba\u015flamas\u0131na yard\u0131mc\u0131 olabilir.<\/p>\n<p>Psiko-onkolojik tedavinin amac\u0131, duygusal ya\u015fam kalitesini art\u0131rmak, i\u00e7sel dengeyi g\u00fc\u00e7lendirmek ve kanser hastal\u0131\u011f\u0131n\u0131n ruhsal etkileriyle daha iyi ba\u015fa \u00e7\u0131kabilmeyi desteklemektir.<\/p>\n<p>Psiko-onkolojik g\u00f6r\u00fc\u015fmenin ve sonras\u0131nda yap\u0131lacak grup terapisinin masraflar\u0131 sa\u011fl\u0131k sigortalar\u0131 taraf\u0131ndan kar\u015f\u0131lanmaktad\u0131r.<\/p>\n<p>Sizi memnuniyetle ayr\u0131nt\u0131l\u0131 olarak bilgilendiririm.<\/p>\n<p>Dan\u0131\u015fmanl\u0131k ve \u00f6n g\u00f6r\u00fc\u015fme randevusu i\u00e7in <a href=\"https:\/\/grunert-psychotherapie.de\/tr\/kontakt\/\">e-posta<\/a> yoluyla ya da <a href=\"https:\/\/www.jameda.de\/pinar-grunert\/psychosomatiker-aerztlicher-psychotherapeut-psychoanalyse\/berlin\" target=\"_blank\" rel=\"noopener\">Jameda<\/a> veya <a href=\"https:\/\/www.doctolib.de\/psychosomatische-medizin-psychotherapie\/berlin\/pinar-grunert\" target=\"_blank\" rel=\"noopener\">Doctolib<\/a> randevu platformlar\u0131 \u00fczerinden psikoterapi dan\u0131\u015fma saatim i\u00e7in randevu alabilirsiniz.<\/p>\n","protected":false},"excerpt":{"rendered":"<p>Psiko-onkolojik G\u00f6r\u00fc\u015fme (Dan\u0131\u015fma) Kanser hastal\u0131\u011f\u0131 bir\u00e7ok insan i\u00e7in ruhsal ve varolu\u015fsal a\u00e7\u0131dan \u00e7ok zorlay\u0131c\u0131 bir deneyimdir. T\u0131bbi tedavi tamamlanm\u0131\u015f ya &hellip; <a href=\"https:\/\/grunert-psychotherapie.de\/tr\/behandlungsschwerpunkte\/psycho-onkologie\/\">Daha Fazlas\u0131n\u0131 Oku<\/a><\/p>\n","protected":false},"author":1,"featured_media":0,"parent":341,"menu_order":0,"comment_status":"closed","ping_status":"closed","template":"","meta":{"_exactmetrics_skip_tracking":false,"_exactmetrics_sitenote_active":false,"_exactmetrics_sitenote_note":"","_exactmetrics_sitenote_category":0,"footnotes":""},"class_list":["post-1139","page","type-page","status-publish","hentry"],"translation":{"provider":"WPGlobus","version":"3.0.2","language":"tr","enabled_languages":["de","tr"],"languages":{"de":{"title":true,"content":true,"excerpt":false},"tr":{"title":true,"content":true,"excerpt":false}}},"yoast_head":"<!-- This site is optimized with the Yoast SEO Premium plugin v26.9 (Yoast SEO v27.6) - https:\/\/yoast.com\/product\/yoast-seo-premium-wordpress\/ -->\n<title>Dr. med. Pinar Grunert &#8226; Psiko-Onkoloji<\/title>\n<meta name=\"robots\" content=\"index, follow, max-snippet:-1, max-image-preview:large, max-video-preview:-1\" \/>\n<link rel=\"canonical\" href=\"https:\/\/grunert-psychotherapie.de\/behandlungsschwerpunkte\/psycho-onkologie\/\" \/>\n<meta property=\"og:locale\" content=\"tr_TR\" \/>\n<meta property=\"og:type\" content=\"article\" \/>\n<meta property=\"og:title\" content=\"Dr. med. Pinar Grunert &#8226; Psiko-Onkoloji\" \/>\n<meta property=\"og:url\" content=\"https:\/\/grunert-psychotherapie.de\/behandlungsschwerpunkte\/psycho-onkologie\/\" \/>\n<meta property=\"og:site_name\" content=\"Dr. med. Pinar Grunert\" \/>\n<meta property=\"article:modified_time\" content=\"2026-02-11T08:39:29+00:00\" \/>\n<meta property=\"og:image\" content=\"https:\/\/grunert-psychotherapie.de\/wp-content\/uploads\/2023\/03\/website_screenshot_pinar-grunert.jpg\" \/>\n\t<meta property=\"og:image:width\" content=\"1200\" \/>\n\t<meta property=\"og:image:height\" content=\"675\" \/>\n\t<meta property=\"og:image:type\" content=\"image\/jpeg\" \/>\n<meta name=\"twitter:card\" content=\"summary_large_image\" \/>\n<meta name=\"twitter:label1\" content=\"Est. reading time\" \/>\n\t<meta name=\"twitter:data1\" content=\"3 minutes\" \/>\n<script type=\"application\/ld+json\" class=\"yoast-schema-graph\">{\"@context\":\"https:\\\/\\\/schema.org\",\"@graph\":[{\"@type\":\"WebPage\",\"@id\":\"https:\\\/\\\/grunert-psychotherapie.de\\\/behandlungsschwerpunkte\\\/psycho-onkologie\\\/\",\"url\":\"https:\\\/\\\/grunert-psychotherapie.de\\\/behandlungsschwerpunkte\\\/psycho-onkologie\\\/\",\"name\":\"Dr. med. Pinar Grunert &#8226; Psiko-Onkoloji\",\"isPartOf\":{\"@id\":\"https:\\\/\\\/grunert-psychotherapie.de\\\/#website\"},\"datePublished\":\"2026-02-07T12:30:53+00:00\",\"dateModified\":\"2026-02-11T08:39:29+00:00\",\"description\":\"Dr. med. Pinar Grunert \u2022 Fach\u00e4rztin f\u00fcr Psychosomatische Medizin und Psychotherapie und Psychoanalytikerin in Berlin, muttersprachlich auf deutsch und t\u00fcrkisch, KV-Zulassung\",\"breadcrumb\":{\"@id\":\"https:\\\/\\\/grunert-psychotherapie.de\\\/behandlungsschwerpunkte\\\/psycho-onkologie\\\/#breadcrumb\"},\"inLanguage\":\"tr-TR\",\"potentialAction\":[{\"@type\":\"ReadAction\",\"target\":[\"https:\\\/\\\/grunert-psychotherapie.de\\\/behandlungsschwerpunkte\\\/psycho-onkologie\\\/\"]}]},{\"@type\":\"BreadcrumbList\",\"@id\":\"https:\\\/\\\/grunert-psychotherapie.de\\\/behandlungsschwerpunkte\\\/psycho-onkologie\\\/#breadcrumb\",\"itemListElement\":[{\"@type\":\"ListItem\",\"position\":1,\"name\":\"Startseite\",\"item\":\"https:\\\/\\\/grunert-psychotherapie.de\\\/\"},{\"@type\":\"ListItem\",\"position\":2,\"name\":\"Meine Behandlungsschwerpunkte\",\"item\":\"https:\\\/\\\/grunert-psychotherapie.de\\\/behandlungsschwerpunkte\\\/\"},{\"@type\":\"ListItem\",\"position\":3,\"name\":\"Psycho-Onkologie\"}]},{\"@type\":\"WebSite\",\"@id\":\"https:\\\/\\\/grunert-psychotherapie.de\\\/#website\",\"url\":\"https:\\\/\\\/grunert-psychotherapie.de\\\/\",\"name\":\"Dr. med. Pinar Grunert\",\"description\":\"Fach\u00e4rztin f\u00fcr Psychosomatische Medizin und Psychotherapie in deutscher und t\u00fcrkischer Muttersprache\",\"publisher\":{\"@id\":\"https:\\\/\\\/grunert-psychotherapie.de\\\/#\\\/schema\\\/person\\\/4b53dd21af435bc2960d9ec5a34215ae\"},\"alternateName\":\"Dr. med. Pinar Grunert \u2022 Fach\u00e4rztin f\u00fcr Psychosomatische Medizin und Psychotherapie und Psychoanalytikerin in Berlin, muttersprachlich auf deutsch und t\u00fcrkisch\",\"potentialAction\":[{\"@type\":\"SearchAction\",\"target\":{\"@type\":\"EntryPoint\",\"urlTemplate\":\"https:\\\/\\\/grunert-psychotherapie.de\\\/?s={search_term_string}\"},\"query-input\":{\"@type\":\"PropertyValueSpecification\",\"valueRequired\":true,\"valueName\":\"search_term_string\"}}],\"inLanguage\":\"tr-TR\"},{\"@type\":[\"Person\",\"Organization\"],\"@id\":\"https:\\\/\\\/grunert-psychotherapie.de\\\/#\\\/schema\\\/person\\\/4b53dd21af435bc2960d9ec5a34215ae\",\"name\":\"Dr. med. Pinar Grunert\",\"image\":{\"@type\":\"ImageObject\",\"inLanguage\":\"tr-TR\",\"@id\":\"https:\\\/\\\/grunert-psychotherapie.de\\\/wp-content\\\/uploads\\\/2019\\\/08\\\/start-slider_quadrat_01.jpg\",\"url\":\"https:\\\/\\\/grunert-psychotherapie.de\\\/wp-content\\\/uploads\\\/2019\\\/08\\\/start-slider_quadrat_01.jpg\",\"contentUrl\":\"https:\\\/\\\/grunert-psychotherapie.de\\\/wp-content\\\/uploads\\\/2019\\\/08\\\/start-slider_quadrat_01.jpg\",\"width\":350,\"height\":350,\"caption\":\"Dr. med. Pinar Grunert\"},\"logo\":{\"@id\":\"https:\\\/\\\/grunert-psychotherapie.de\\\/wp-content\\\/uploads\\\/2019\\\/08\\\/start-slider_quadrat_01.jpg\"},\"description\":\"Facharztpraxis f\u00fcr Psychosomatische Medizin und Psychotherapie, Psychoanalyse\",\"sameAs\":[\"https:\\\/\\\/grunert-psychotherapie.de\"],\"honorificPrefix\":\"Dr\",\"honorificSuffix\":\"med\",\"gender\":\"weiblich\",\"knowsAbout\":[\"psychologische Hilfe bei unerf\u00fclltem Kinderwunsch in Berlin\",\"Psychotherapie in Berlin\",\"Psychotherapie f\u00fcr Burnout in Berlin\",\"Psychotherapeutinf\u00fcr Depressionen und \u00c4ngste in Berlin Psychotherapie\",\"Depressionen\",\"\u00c4ngste\",\"Stress assoziierte Erkrankungen\",\"unerf\u00fcllter Kinderwunsch\",\"Somatoforme Schmerzen\",\"Tiefenpsychologie\",\"Psychotherapie auf T\u00fcrkisch und Deutsch\",\"Migration\",\"Spezialisierte Therapiegruppen\",\"Fehlgeburt\"],\"knowsLanguage\":[\"Deutsch\",\"T\u00fcrkisch\"],\"jobTitle\":\"Psychotherapeutin\",\"worksFor\":\"Dr. med Pinar Grunert\"}]}<\/script>\n<!-- \/ Yoast SEO Premium plugin. -->","yoast_head_json":{"title":"Dr. med. Pinar Grunert &#8226; Psiko-Onkoloji","robots":{"index":"index","follow":"follow","max-snippet":"max-snippet:-1","max-image-preview":"max-image-preview:large","max-video-preview":"max-video-preview:-1"},"canonical":"https:\/\/grunert-psychotherapie.de\/behandlungsschwerpunkte\/psycho-onkologie\/","og_locale":"tr_TR","og_type":"article","og_title":"Dr. med. Pinar Grunert &#8226; Psiko-Onkoloji","og_url":"https:\/\/grunert-psychotherapie.de\/behandlungsschwerpunkte\/psycho-onkologie\/","og_site_name":"Dr. med. Pinar Grunert","article_modified_time":"2026-02-11T08:39:29+00:00","og_image":[{"width":1200,"height":675,"url":"https:\/\/grunert-psychotherapie.de\/wp-content\/uploads\/2023\/03\/website_screenshot_pinar-grunert.jpg","type":"image\/jpeg"}],"twitter_card":"summary_large_image","twitter_misc":{"Est. reading time":"3 minutes"},"schema":{"@context":"https:\/\/schema.org","@graph":[{"@type":"WebPage","@id":"https:\/\/grunert-psychotherapie.de\/behandlungsschwerpunkte\/psycho-onkologie\/","url":"https:\/\/grunert-psychotherapie.de\/behandlungsschwerpunkte\/psycho-onkologie\/","name":"Dr. med. Pinar Grunert &#8226; Psiko-Onkoloji","isPartOf":{"@id":"https:\/\/grunert-psychotherapie.de\/#website"},"datePublished":"2026-02-07T12:30:53+00:00","dateModified":"2026-02-11T08:39:29+00:00","description":"Dr. med. Pinar Grunert \u2022 Fach\u00e4rztin f\u00fcr Psychosomatische Medizin und Psychotherapie und Psychoanalytikerin in Berlin, muttersprachlich auf deutsch und t\u00fcrkisch, KV-Zulassung","breadcrumb":{"@id":"https:\/\/grunert-psychotherapie.de\/behandlungsschwerpunkte\/psycho-onkologie\/#breadcrumb"},"inLanguage":"tr-TR","potentialAction":[{"@type":"ReadAction","target":["https:\/\/grunert-psychotherapie.de\/behandlungsschwerpunkte\/psycho-onkologie\/"]}]},{"@type":"BreadcrumbList","@id":"https:\/\/grunert-psychotherapie.de\/behandlungsschwerpunkte\/psycho-onkologie\/#breadcrumb","itemListElement":[{"@type":"ListItem","position":1,"name":"Startseite","item":"https:\/\/grunert-psychotherapie.de\/"},{"@type":"ListItem","position":2,"name":"Meine Behandlungsschwerpunkte","item":"https:\/\/grunert-psychotherapie.de\/behandlungsschwerpunkte\/"},{"@type":"ListItem","position":3,"name":"Psycho-Onkologie"}]},{"@type":"WebSite","@id":"https:\/\/grunert-psychotherapie.de\/#website","url":"https:\/\/grunert-psychotherapie.de\/","name":"Dr. med. Pinar Grunert","description":"Fach\u00e4rztin f\u00fcr Psychosomatische Medizin und Psychotherapie in deutscher und t\u00fcrkischer Muttersprache","publisher":{"@id":"https:\/\/grunert-psychotherapie.de\/#\/schema\/person\/4b53dd21af435bc2960d9ec5a34215ae"},"alternateName":"Dr. med. Pinar Grunert \u2022 Fach\u00e4rztin f\u00fcr Psychosomatische Medizin und Psychotherapie und Psychoanalytikerin in Berlin, muttersprachlich auf deutsch und t\u00fcrkisch","potentialAction":[{"@type":"SearchAction","target":{"@type":"EntryPoint","urlTemplate":"https:\/\/grunert-psychotherapie.de\/?s={search_term_string}"},"query-input":{"@type":"PropertyValueSpecification","valueRequired":true,"valueName":"search_term_string"}}],"inLanguage":"tr-TR"},{"@type":["Person","Organization"],"@id":"https:\/\/grunert-psychotherapie.de\/#\/schema\/person\/4b53dd21af435bc2960d9ec5a34215ae","name":"Dr. med. Pinar Grunert","image":{"@type":"ImageObject","inLanguage":"tr-TR","@id":"https:\/\/grunert-psychotherapie.de\/wp-content\/uploads\/2019\/08\/start-slider_quadrat_01.jpg","url":"https:\/\/grunert-psychotherapie.de\/wp-content\/uploads\/2019\/08\/start-slider_quadrat_01.jpg","contentUrl":"https:\/\/grunert-psychotherapie.de\/wp-content\/uploads\/2019\/08\/start-slider_quadrat_01.jpg","width":350,"height":350,"caption":"Dr. med. Pinar Grunert"},"logo":{"@id":"https:\/\/grunert-psychotherapie.de\/wp-content\/uploads\/2019\/08\/start-slider_quadrat_01.jpg"},"description":"Facharztpraxis f\u00fcr Psychosomatische Medizin und Psychotherapie, Psychoanalyse","sameAs":["https:\/\/grunert-psychotherapie.de"],"honorificPrefix":"Dr","honorificSuffix":"med","gender":"weiblich","knowsAbout":["psychologische Hilfe bei unerf\u00fclltem Kinderwunsch in Berlin","Psychotherapie in Berlin","Psychotherapie f\u00fcr Burnout in Berlin","Psychotherapeutinf\u00fcr Depressionen und \u00c4ngste in Berlin Psychotherapie","Depressionen","\u00c4ngste","Stress assoziierte Erkrankungen","unerf\u00fcllter Kinderwunsch","Somatoforme Schmerzen","Tiefenpsychologie","Psychotherapie auf T\u00fcrkisch und Deutsch","Migration","Spezialisierte Therapiegruppen","Fehlgeburt"],"knowsLanguage":["Deutsch","T\u00fcrkisch"],"jobTitle":"Psychotherapeutin","worksFor":"Dr. med Pinar Grunert"}]}},"_links":{"self":[{"href":"https:\/\/grunert-psychotherapie.de\/tr\/wp-json\/wp\/v2\/pages\/1139","targetHints":{"allow":["GET"]}}],"collection":[{"href":"https:\/\/grunert-psychotherapie.de\/tr\/wp-json\/wp\/v2\/pages"}],"about":[{"href":"https:\/\/grunert-psychotherapie.de\/tr\/wp-json\/wp\/v2\/types\/page"}],"author":[{"embeddable":true,"href":"https:\/\/grunert-psychotherapie.de\/tr\/wp-json\/wp\/v2\/users\/1"}],"replies":[{"embeddable":true,"href":"https:\/\/grunert-psychotherapie.de\/tr\/wp-json\/wp\/v2\/comments?post=1139"}],"version-history":[{"count":0,"href":"https:\/\/grunert-psychotherapie.de\/tr\/wp-json\/wp\/v2\/pages\/1139\/revisions"}],"up":[{"embeddable":true,"href":"https:\/\/grunert-psychotherapie.de\/tr\/wp-json\/wp\/v2\/pages\/341"}],"wp:attachment":[{"href":"https:\/\/grunert-psychotherapie.de\/tr\/wp-json\/wp\/v2\/media?parent=1139"}],"curies":[{"name":"wp","href":"https:\/\/api.w.org\/{rel}","templated":true}]}}