{"id":1144,"date":"2026-02-07T13:35:40","date_gmt":"2026-02-07T12:35:40","guid":{"rendered":"https:\/\/grunert-psychotherapie.de\/?page_id=1144"},"modified":"2026-02-11T09:38:28","modified_gmt":"2026-02-11T08:38:28","slug":"psycho-kardiologie","status":"publish","type":"page","link":"https:\/\/grunert-psychotherapie.de\/tr\/behandlungsschwerpunkte\/psycho-kardiologie\/","title":{"rendered":"Psiko-Kardiyoloji"},"content":{"rendered":"<h1>Psikokardiyolojik Dan\u0131\u015fmanl\u0131k<\/h1>\n<p>Bir kalp-damar hastal\u0131\u011f\u0131 yaln\u0131zca bedeni de\u011fil, ruhu da derinden etkileyebilir. Tan\u0131 konulduktan sonra, kalp krizi gibi akut bir olay\u0131n ard\u0131ndan, bir ameliyat sonras\u0131nda ya da kronik bir kalp hastal\u0131\u011f\u0131n\u0131n seyri s\u0131ras\u0131nda bir\u00e7ok ki\u015fi belirgin psikolojik zorlanmalar ya\u015far. Bedensel bulgular stabil olsa bile bu ruhsal y\u00fckler devam edebilir ya da artabilir. Psikokardiyolojik dan\u0131\u015fmanl\u0131k, kalp hastal\u0131\u011f\u0131 olan ve ek olarak ruhsal destek, a\u00e7\u0131kl\u0131k ve psikoterap\u00f6tik e\u015flik arayan hastalara y\u00f6neliktir.<\/p>\n<p>Kalp hastal\u0131klar\u0131 s\u0131kl\u0131kla stresle ili\u015fkili belirtilerle birlikte g\u00f6r\u00fcl\u00fcr. Bunlara s\u00fcrekli yorgunluk, uyku bozukluklar\u0131, depresif duygu durumlar\u0131 ya da yeni bir kalp olay\u0131 ya\u015fama korkusu gibi yo\u011fun kayg\u0131lar e\u015flik edebilir. Pek \u00e7ok hasta, bedensel sinyalleri (\u00f6rne\u011fin kalp \u00e7arp\u0131nt\u0131s\u0131) a\u015f\u0131r\u0131 bi\u00e7imde izledi\u011fini, bunun sonucunda ka\u00e7\u0131nma davran\u0131\u015flar\u0131 ya da panik tepkileri geli\u015ftirdi\u011fini anlat\u0131r.<br \/>\nRuhsal zorlanmalar yaln\u0131zca psikolojik iyilik halini etkilemekle kalmaz, ayn\u0131 zamanda kalp-damar hastal\u0131\u011f\u0131n\u0131n seyrini de etkiler. Depresyon ve kronik stres, yeni kardiyolojik olaylar\u0131n riskini art\u0131rabilir; ya\u015fam kalitesini ve bedensel iyile\u015fmeyi olumsuz y\u00f6nde etkileyebilir.<\/p>\n<p>Buna ek olarak bir\u00e7ok hasta, kendilik alg\u0131s\u0131nda, kendi bedenine olan g\u00fcveninde ve gelece\u011fe bak\u0131\u015f\u0131nda de\u011fi\u015fimler ya\u015far. \u00c7aresizlik, g\u00fc\u00e7s\u00fczl\u00fck, varolu\u015fsal kayg\u0131lar ya da su\u00e7luluk ve utan\u00e7 duygular\u0131 ortaya \u00e7\u0131kabilir ve hastal\u0131kla ba\u015f etmeyi zorla\u015ft\u0131rabilir.<\/p>\n<p>Psikokardiyolojik dan\u0131\u015fmanl\u0131kta ilk olarak mevcut ruhsal durumun ve bunun kalp hastal\u0131\u011f\u0131yla olan ili\u015fkisinin anla\u015f\u0131lmas\u0131 hedeflenir. Birlikte, hangi i\u00e7sel y\u00fcklerin \u00f6n planda oldu\u011funu, durumu hangi d\u00fc\u015f\u00fcnce ve davran\u0131\u015f \u00f6r\u00fcnt\u00fclerinin \u015fekillendirdi\u011fini ve bunlar\u0131n hastal\u0131k, \u00f6nceki ya\u015fam deneyimleri ve ki\u015fileraras\u0131 ili\u015fkiler taraf\u0131ndan nas\u0131l etkilendi\u011fini ele al\u0131r\u0131z. Bu ilk de\u011ferlendirme, ki\u015fiye uygun bir terap\u00f6tik \u00f6nerinin temelini olu\u015fturur.<\/p>\n<p>\u0130htiyaca ve ba\u015fvuru nedenine g\u00f6re psikokardiyolojik dan\u0131\u015fmanl\u0131k, bireysel terapiye ya da benim sundu\u011fum gibi konuya \u00f6zg\u00fc bir grup terapisine y\u00f6nlendirebilir.<br \/>\nGrup terapisi, deneyimlerin payla\u015f\u0131labildi\u011fi, kar\u015f\u0131l\u0131kl\u0131 anlay\u0131\u015f\u0131n geli\u015fti\u011fi ve yeni ba\u015f etme stratejilerinin \u00f6\u011frenilebildi\u011fi g\u00fcvenli bir ortam sunar. Benzer bedensel ve duygusal zorluklar ya\u015fayan di\u011fer ki\u015filerle ileti\u015fim kurmak, bir\u00e7ok hasta i\u00e7in rahatlat\u0131c\u0131 ve dengeleyici bir deneyimdir. Ama\u00e7; duygusal ya\u015fam kalitesini art\u0131rmak, e\u015flik eden ruhsal sorunlar\u0131 azaltmak ve hem ruhsal hem de bedensel iyilik halini destekleyen sa\u011flam bir i\u00e7sel denge geli\u015ftirmektir.<\/p>\n<p>Psikokardiyolojik dan\u0131\u015fmanl\u0131\u011f\u0131n yan\u0131 s\u0131ra taraf\u0131mdan sunulan **\u201cKardiyolojik Hastal\u0131\u011f\u0131 Olan Hastalar i\u00e7in Uzmanla\u015fm\u0131\u015f Terapi Grubu\u201d**nun masraflar\u0131 sa\u011fl\u0131k sigortan\u0131z taraf\u0131ndan kar\u015f\u0131lanmaktad\u0131r.<\/p>\n<p>Sizi memnuniyetle bireysel olarak bilgilendiririm.<\/p>\n<p>Dan\u0131\u015fmanl\u0131k ve \u00f6n g\u00f6r\u00fc\u015fme randevusu i\u00e7in <a href=\"https:\/\/grunert-psychotherapie.de\/tr\/kontakt\/\">e-posta<\/a> yoluyla ya da <a href=\"https:\/\/www.jameda.de\/pinar-grunert\/psychosomatiker-aerztlicher-psychotherapeut-psychoanalyse\/berlin\" target=\"_blank\" rel=\"noopener\">Jameda<\/a> veya <a href=\"https:\/\/www.doctolib.de\/psychosomatische-medizin-psychotherapie\/berlin\/pinar-grunert\" target=\"_blank\" rel=\"noopener\">Doctolib<\/a> randevu platformlar\u0131 \u00fczerinden psikoterapi dan\u0131\u015fma saatim i\u00e7in randevu alabilirsiniz.<\/p>\n","protected":false},"excerpt":{"rendered":"<p>Psikokardiyolojik Dan\u0131\u015fmanl\u0131k Bir kalp-damar hastal\u0131\u011f\u0131 yaln\u0131zca bedeni de\u011fil, ruhu da derinden etkileyebilir. Tan\u0131 konulduktan sonra, kalp krizi gibi akut bir &hellip; <a href=\"https:\/\/grunert-psychotherapie.de\/tr\/behandlungsschwerpunkte\/psycho-kardiologie\/\">Daha Fazlas\u0131n\u0131 Oku<\/a><\/p>\n","protected":false},"author":1,"featured_media":0,"parent":341,"menu_order":0,"comment_status":"closed","ping_status":"closed","template":"","meta":{"_exactmetrics_skip_tracking":false,"_exactmetrics_sitenote_active":false,"_exactmetrics_sitenote_note":"","_exactmetrics_sitenote_category":0,"footnotes":""},"class_list":["post-1144","page","type-page","status-publish","hentry"],"translation":{"provider":"WPGlobus","version":"3.0.2","language":"tr","enabled_languages":["de","tr"],"languages":{"de":{"title":true,"content":true,"excerpt":false},"tr":{"title":true,"content":true,"excerpt":false}}},"yoast_head":"<!-- This site is optimized with the Yoast SEO Premium plugin v26.9 (Yoast SEO v27.6) - https:\/\/yoast.com\/product\/yoast-seo-premium-wordpress\/ -->\n<title>Dr. med. Pinar Grunert &#8226; Psiko-Kardiyoloji<\/title>\n<meta name=\"robots\" content=\"index, follow, max-snippet:-1, max-image-preview:large, max-video-preview:-1\" \/>\n<link rel=\"canonical\" href=\"https:\/\/grunert-psychotherapie.de\/behandlungsschwerpunkte\/psycho-kardiologie\/\" \/>\n<meta property=\"og:locale\" content=\"tr_TR\" \/>\n<meta property=\"og:type\" content=\"article\" \/>\n<meta property=\"og:title\" content=\"Dr. med. Pinar Grunert &#8226; Psiko-Kardiyoloji\" \/>\n<meta property=\"og:url\" content=\"https:\/\/grunert-psychotherapie.de\/behandlungsschwerpunkte\/psycho-kardiologie\/\" \/>\n<meta property=\"og:site_name\" content=\"Dr. med. Pinar Grunert\" \/>\n<meta property=\"article:modified_time\" content=\"2026-02-11T08:38:28+00:00\" \/>\n<meta property=\"og:image\" content=\"https:\/\/grunert-psychotherapie.de\/wp-content\/uploads\/2023\/03\/website_screenshot_pinar-grunert.jpg\" \/>\n\t<meta property=\"og:image:width\" content=\"1200\" \/>\n\t<meta property=\"og:image:height\" content=\"675\" \/>\n\t<meta property=\"og:image:type\" content=\"image\/jpeg\" \/>\n<meta name=\"twitter:card\" content=\"summary_large_image\" \/>\n<meta name=\"twitter:label1\" content=\"Est. reading time\" \/>\n\t<meta name=\"twitter:data1\" content=\"3 minutes\" \/>\n<script type=\"application\/ld+json\" class=\"yoast-schema-graph\">{\"@context\":\"https:\\\/\\\/schema.org\",\"@graph\":[{\"@type\":\"WebPage\",\"@id\":\"https:\\\/\\\/grunert-psychotherapie.de\\\/behandlungsschwerpunkte\\\/psycho-kardiologie\\\/\",\"url\":\"https:\\\/\\\/grunert-psychotherapie.de\\\/behandlungsschwerpunkte\\\/psycho-kardiologie\\\/\",\"name\":\"Dr. med. Pinar Grunert &#8226; Psiko-Kardiyoloji\",\"isPartOf\":{\"@id\":\"https:\\\/\\\/grunert-psychotherapie.de\\\/#website\"},\"datePublished\":\"2026-02-07T12:35:40+00:00\",\"dateModified\":\"2026-02-11T08:38:28+00:00\",\"description\":\"Dr. med. Pinar Grunert \u2022 Fach\u00e4rztin f\u00fcr Psychosomatische Medizin und Psychotherapie und Psychoanalytikerin in Berlin, muttersprachlich auf deutsch und t\u00fcrkisch, KV-Zulassung\",\"breadcrumb\":{\"@id\":\"https:\\\/\\\/grunert-psychotherapie.de\\\/behandlungsschwerpunkte\\\/psycho-kardiologie\\\/#breadcrumb\"},\"inLanguage\":\"tr-TR\",\"potentialAction\":[{\"@type\":\"ReadAction\",\"target\":[\"https:\\\/\\\/grunert-psychotherapie.de\\\/behandlungsschwerpunkte\\\/psycho-kardiologie\\\/\"]}]},{\"@type\":\"BreadcrumbList\",\"@id\":\"https:\\\/\\\/grunert-psychotherapie.de\\\/behandlungsschwerpunkte\\\/psycho-kardiologie\\\/#breadcrumb\",\"itemListElement\":[{\"@type\":\"ListItem\",\"position\":1,\"name\":\"Startseite\",\"item\":\"https:\\\/\\\/grunert-psychotherapie.de\\\/\"},{\"@type\":\"ListItem\",\"position\":2,\"name\":\"Meine Behandlungsschwerpunkte\",\"item\":\"https:\\\/\\\/grunert-psychotherapie.de\\\/behandlungsschwerpunkte\\\/\"},{\"@type\":\"ListItem\",\"position\":3,\"name\":\"Psycho-Kardiologie\"}]},{\"@type\":\"WebSite\",\"@id\":\"https:\\\/\\\/grunert-psychotherapie.de\\\/#website\",\"url\":\"https:\\\/\\\/grunert-psychotherapie.de\\\/\",\"name\":\"Dr. med. Pinar Grunert\",\"description\":\"Fach\u00e4rztin f\u00fcr Psychosomatische Medizin und Psychotherapie in deutscher und t\u00fcrkischer Muttersprache\",\"publisher\":{\"@id\":\"https:\\\/\\\/grunert-psychotherapie.de\\\/#\\\/schema\\\/person\\\/4b53dd21af435bc2960d9ec5a34215ae\"},\"alternateName\":\"Dr. med. Pinar Grunert \u2022 Fach\u00e4rztin f\u00fcr Psychosomatische Medizin und Psychotherapie und Psychoanalytikerin in Berlin, muttersprachlich auf deutsch und t\u00fcrkisch\",\"potentialAction\":[{\"@type\":\"SearchAction\",\"target\":{\"@type\":\"EntryPoint\",\"urlTemplate\":\"https:\\\/\\\/grunert-psychotherapie.de\\\/?s={search_term_string}\"},\"query-input\":{\"@type\":\"PropertyValueSpecification\",\"valueRequired\":true,\"valueName\":\"search_term_string\"}}],\"inLanguage\":\"tr-TR\"},{\"@type\":[\"Person\",\"Organization\"],\"@id\":\"https:\\\/\\\/grunert-psychotherapie.de\\\/#\\\/schema\\\/person\\\/4b53dd21af435bc2960d9ec5a34215ae\",\"name\":\"Dr. med. Pinar Grunert\",\"image\":{\"@type\":\"ImageObject\",\"inLanguage\":\"tr-TR\",\"@id\":\"https:\\\/\\\/grunert-psychotherapie.de\\\/wp-content\\\/uploads\\\/2019\\\/08\\\/start-slider_quadrat_01.jpg\",\"url\":\"https:\\\/\\\/grunert-psychotherapie.de\\\/wp-content\\\/uploads\\\/2019\\\/08\\\/start-slider_quadrat_01.jpg\",\"contentUrl\":\"https:\\\/\\\/grunert-psychotherapie.de\\\/wp-content\\\/uploads\\\/2019\\\/08\\\/start-slider_quadrat_01.jpg\",\"width\":350,\"height\":350,\"caption\":\"Dr. med. Pinar Grunert\"},\"logo\":{\"@id\":\"https:\\\/\\\/grunert-psychotherapie.de\\\/wp-content\\\/uploads\\\/2019\\\/08\\\/start-slider_quadrat_01.jpg\"},\"description\":\"Facharztpraxis f\u00fcr Psychosomatische Medizin und Psychotherapie, Psychoanalyse\",\"sameAs\":[\"https:\\\/\\\/grunert-psychotherapie.de\"],\"honorificPrefix\":\"Dr\",\"honorificSuffix\":\"med\",\"gender\":\"weiblich\",\"knowsAbout\":[\"psychologische Hilfe bei unerf\u00fclltem Kinderwunsch in Berlin\",\"Psychotherapie in Berlin\",\"Psychotherapie f\u00fcr Burnout in Berlin\",\"Psychotherapeutinf\u00fcr Depressionen und \u00c4ngste in Berlin Psychotherapie\",\"Depressionen\",\"\u00c4ngste\",\"Stress assoziierte Erkrankungen\",\"unerf\u00fcllter Kinderwunsch\",\"Somatoforme Schmerzen\",\"Tiefenpsychologie\",\"Psychotherapie auf T\u00fcrkisch und Deutsch\",\"Migration\",\"Spezialisierte Therapiegruppen\",\"Fehlgeburt\"],\"knowsLanguage\":[\"Deutsch\",\"T\u00fcrkisch\"],\"jobTitle\":\"Psychotherapeutin\",\"worksFor\":\"Dr. med Pinar Grunert\"}]}<\/script>\n<!-- \/ Yoast SEO Premium plugin. -->","yoast_head_json":{"title":"Dr. med. Pinar Grunert &#8226; Psiko-Kardiyoloji","robots":{"index":"index","follow":"follow","max-snippet":"max-snippet:-1","max-image-preview":"max-image-preview:large","max-video-preview":"max-video-preview:-1"},"canonical":"https:\/\/grunert-psychotherapie.de\/behandlungsschwerpunkte\/psycho-kardiologie\/","og_locale":"tr_TR","og_type":"article","og_title":"Dr. med. Pinar Grunert &#8226; Psiko-Kardiyoloji","og_url":"https:\/\/grunert-psychotherapie.de\/behandlungsschwerpunkte\/psycho-kardiologie\/","og_site_name":"Dr. med. Pinar Grunert","article_modified_time":"2026-02-11T08:38:28+00:00","og_image":[{"width":1200,"height":675,"url":"https:\/\/grunert-psychotherapie.de\/wp-content\/uploads\/2023\/03\/website_screenshot_pinar-grunert.jpg","type":"image\/jpeg"}],"twitter_card":"summary_large_image","twitter_misc":{"Est. reading time":"3 minutes"},"schema":{"@context":"https:\/\/schema.org","@graph":[{"@type":"WebPage","@id":"https:\/\/grunert-psychotherapie.de\/behandlungsschwerpunkte\/psycho-kardiologie\/","url":"https:\/\/grunert-psychotherapie.de\/behandlungsschwerpunkte\/psycho-kardiologie\/","name":"Dr. med. Pinar Grunert &#8226; Psiko-Kardiyoloji","isPartOf":{"@id":"https:\/\/grunert-psychotherapie.de\/#website"},"datePublished":"2026-02-07T12:35:40+00:00","dateModified":"2026-02-11T08:38:28+00:00","description":"Dr. med. Pinar Grunert \u2022 Fach\u00e4rztin f\u00fcr Psychosomatische Medizin und Psychotherapie und Psychoanalytikerin in Berlin, muttersprachlich auf deutsch und t\u00fcrkisch, KV-Zulassung","breadcrumb":{"@id":"https:\/\/grunert-psychotherapie.de\/behandlungsschwerpunkte\/psycho-kardiologie\/#breadcrumb"},"inLanguage":"tr-TR","potentialAction":[{"@type":"ReadAction","target":["https:\/\/grunert-psychotherapie.de\/behandlungsschwerpunkte\/psycho-kardiologie\/"]}]},{"@type":"BreadcrumbList","@id":"https:\/\/grunert-psychotherapie.de\/behandlungsschwerpunkte\/psycho-kardiologie\/#breadcrumb","itemListElement":[{"@type":"ListItem","position":1,"name":"Startseite","item":"https:\/\/grunert-psychotherapie.de\/"},{"@type":"ListItem","position":2,"name":"Meine Behandlungsschwerpunkte","item":"https:\/\/grunert-psychotherapie.de\/behandlungsschwerpunkte\/"},{"@type":"ListItem","position":3,"name":"Psycho-Kardiologie"}]},{"@type":"WebSite","@id":"https:\/\/grunert-psychotherapie.de\/#website","url":"https:\/\/grunert-psychotherapie.de\/","name":"Dr. med. Pinar Grunert","description":"Fach\u00e4rztin f\u00fcr Psychosomatische Medizin und Psychotherapie in deutscher und t\u00fcrkischer Muttersprache","publisher":{"@id":"https:\/\/grunert-psychotherapie.de\/#\/schema\/person\/4b53dd21af435bc2960d9ec5a34215ae"},"alternateName":"Dr. med. Pinar Grunert \u2022 Fach\u00e4rztin f\u00fcr Psychosomatische Medizin und Psychotherapie und Psychoanalytikerin in Berlin, muttersprachlich auf deutsch und t\u00fcrkisch","potentialAction":[{"@type":"SearchAction","target":{"@type":"EntryPoint","urlTemplate":"https:\/\/grunert-psychotherapie.de\/?s={search_term_string}"},"query-input":{"@type":"PropertyValueSpecification","valueRequired":true,"valueName":"search_term_string"}}],"inLanguage":"tr-TR"},{"@type":["Person","Organization"],"@id":"https:\/\/grunert-psychotherapie.de\/#\/schema\/person\/4b53dd21af435bc2960d9ec5a34215ae","name":"Dr. med. Pinar Grunert","image":{"@type":"ImageObject","inLanguage":"tr-TR","@id":"https:\/\/grunert-psychotherapie.de\/wp-content\/uploads\/2019\/08\/start-slider_quadrat_01.jpg","url":"https:\/\/grunert-psychotherapie.de\/wp-content\/uploads\/2019\/08\/start-slider_quadrat_01.jpg","contentUrl":"https:\/\/grunert-psychotherapie.de\/wp-content\/uploads\/2019\/08\/start-slider_quadrat_01.jpg","width":350,"height":350,"caption":"Dr. med. Pinar Grunert"},"logo":{"@id":"https:\/\/grunert-psychotherapie.de\/wp-content\/uploads\/2019\/08\/start-slider_quadrat_01.jpg"},"description":"Facharztpraxis f\u00fcr Psychosomatische Medizin und Psychotherapie, Psychoanalyse","sameAs":["https:\/\/grunert-psychotherapie.de"],"honorificPrefix":"Dr","honorificSuffix":"med","gender":"weiblich","knowsAbout":["psychologische Hilfe bei unerf\u00fclltem Kinderwunsch in Berlin","Psychotherapie in Berlin","Psychotherapie f\u00fcr Burnout in Berlin","Psychotherapeutinf\u00fcr Depressionen und \u00c4ngste in Berlin Psychotherapie","Depressionen","\u00c4ngste","Stress assoziierte Erkrankungen","unerf\u00fcllter Kinderwunsch","Somatoforme Schmerzen","Tiefenpsychologie","Psychotherapie auf T\u00fcrkisch und Deutsch","Migration","Spezialisierte Therapiegruppen","Fehlgeburt"],"knowsLanguage":["Deutsch","T\u00fcrkisch"],"jobTitle":"Psychotherapeutin","worksFor":"Dr. med Pinar Grunert"}]}},"_links":{"self":[{"href":"https:\/\/grunert-psychotherapie.de\/tr\/wp-json\/wp\/v2\/pages\/1144","targetHints":{"allow":["GET"]}}],"collection":[{"href":"https:\/\/grunert-psychotherapie.de\/tr\/wp-json\/wp\/v2\/pages"}],"about":[{"href":"https:\/\/grunert-psychotherapie.de\/tr\/wp-json\/wp\/v2\/types\/page"}],"author":[{"embeddable":true,"href":"https:\/\/grunert-psychotherapie.de\/tr\/wp-json\/wp\/v2\/users\/1"}],"replies":[{"embeddable":true,"href":"https:\/\/grunert-psychotherapie.de\/tr\/wp-json\/wp\/v2\/comments?post=1144"}],"version-history":[{"count":0,"href":"https:\/\/grunert-psychotherapie.de\/tr\/wp-json\/wp\/v2\/pages\/1144\/revisions"}],"up":[{"embeddable":true,"href":"https:\/\/grunert-psychotherapie.de\/tr\/wp-json\/wp\/v2\/pages\/341"}],"wp:attachment":[{"href":"https:\/\/grunert-psychotherapie.de\/tr\/wp-json\/wp\/v2\/media?parent=1144"}],"curies":[{"name":"wp","href":"https:\/\/api.w.org\/{rel}","templated":true}]}}