{"id":1158,"date":"2026-02-07T13:50:47","date_gmt":"2026-02-07T12:50:47","guid":{"rendered":"https:\/\/grunert-psychotherapie.de\/?page_id=1158"},"modified":"2026-02-07T16:45:14","modified_gmt":"2026-02-07T15:45:14","slug":"einzeltherapie","status":"publish","type":"page","link":"https:\/\/grunert-psychotherapie.de\/tr\/psychotherapeutische-sprechstunde\/einzeltherapie\/","title":{"rendered":"Bireysel Terapi"},"content":{"rendered":"<h1>Derinlemesine Psikodinamik Bireysel Psikoterapi<\/h1>\n<p>Derinlemesine psikodinamik psikoterapi (TfPT), bilimsel olarak kabul edilmi\u015f bir psikoterapi y\u00f6ntemidir ve yasal sa\u011fl\u0131k sigortalar\u0131n\u0131n (devlet sigortas\u0131) standart sa\u011fl\u0131k hizmetleri kapsam\u0131na dahildir. Bu terapi, ruhsal yak\u0131nmalar\u0131n hafifletilmesine ve bu sorunlar\u0131n bilin\u00e7d\u0131\u015f\u0131 nedenlerinin daha iyi anla\u015f\u0131lmas\u0131na yard\u0131mc\u0131 olur.<\/p>\n<p>Bu terapi yakla\u015f\u0131m\u0131nda; i\u00e7sel \u00e7at\u0131\u015fmalar, tekrarlayan ili\u015fki \u00f6r\u00fcnt\u00fcleri ve ge\u00e7mi\u015fte ya\u015fanan zorlay\u0131c\u0131 deneyimlerin, ki\u015finin g\u00fcncel d\u00fc\u015f\u00fcnce, duygu ve davran\u0131\u015flar\u0131n\u0131 nas\u0131l etkiledi\u011fi ele al\u0131n\u0131r. Terapide bu ba\u011flant\u0131lar birlikte incelenir ve kal\u0131c\u0131 de\u011fi\u015fimlerin sa\u011flanabilmesi i\u00e7in ad\u0131m ad\u0131m \u00e7al\u0131\u015f\u0131l\u0131r.<\/p>\n<p>Derinlemesine psikodinamik bireysel psikoterapi; depresyon, kayg\u0131 bozukluklar\u0131, psikosomatik yak\u0131nmalar, ya\u015fam krizleri, ili\u015fki sorunlar\u0131 ve \u00f6zde\u011fer (\u00f6zg\u00fcven) problemleri gibi durumlarda uygundur.<\/p>\n<p>Terapi genellikle bireysel olarak yap\u0131l\u0131r, s\u00fcre s\u0131n\u0131rl\u0131d\u0131r ve muayenehanemde asistan doktorlar\u0131m taraf\u0131ndan uygulan\u0131r.<\/p>\n<p>Masraflar yasal sa\u011fl\u0131k sigortas\u0131 taraf\u0131ndan kar\u015f\u0131lan\u0131r.<\/p>\n<p>\u2e3b<\/p>\n<h2>S\u0131k\u00e7a Sorulan Sorular (SSS)<\/h2>\n<p><strong>Derinlemesine psikodinamik psikoterapi ile psikanaliz aras\u0131ndaki fark nedir?<\/strong><\/p>\n<p>Derinlemesine psikodinamik psikoterapi, psikanalitik kuramlara dayan\u0131r; ancak g\u00fcncel sorunlara daha fazla odaklan\u0131r ve genellikle zamanla s\u0131n\u0131rl\u0131d\u0131r. Klasik psikanalize k\u0131yasla seanslar \u00e7o\u011funlukla haftada bir yap\u0131l\u0131r ve kar\u015f\u0131l\u0131kl\u0131 konu\u015fma \u015feklinde ger\u00e7ekle\u015fir.<\/p>\n<p><strong>Derinlemesine psikodinamik hangi \u015fik\u00e2yetlerde uygundur?<\/strong><\/p>\n<p>Derinlemesine psikodinamik \u00f6zellikle; depresyon, kayg\u0131, psikosomatik \u015fik\u00e2yetler, uyum bozukluklar\u0131, ili\u015fki \u00e7at\u0131\u015fmalar\u0131, \u00f6zg\u00fcven sorunlar\u0131 ve zorlay\u0131c\u0131 ya\u015fam olaylar\u0131 sonras\u0131nda ortaya \u00e7\u0131kan duygusal y\u00fcklenmeler durumlar\u0131nda etkilidir.<\/p>\n<p><strong>Derinlemesine psikodinamik psikoterapi s\u00fcreci nas\u0131l ilerler?<\/strong><\/p>\n<p>Terapinin ba\u015f\u0131nda deneme (Probatorik) g\u00f6r\u00fc\u015fmeler yap\u0131l\u0131r. Bu g\u00f6r\u00fc\u015fmeler; kar\u015f\u0131l\u0131kl\u0131 tan\u0131\u015fma, de\u011ferlendirme (tan\u0131) ve terapi hedeflerinin birlikte belirlenmesi amac\u0131yla ger\u00e7ekle\u015ftirilir. Ard\u0131ndan, g\u00fcncel konular\u0131n, duygular\u0131n ve ili\u015fki deneyimlerinin ele al\u0131nd\u0131\u011f\u0131 terapi s\u00fcreci ba\u015flar.<\/p>\n<p><strong>Derinlemesine psikodinamik psikoterapi ne kadar s\u00fcrer?<\/strong><\/p>\n<p>Terapinin s\u00fcresi ki\u015fiye g\u00f6re de\u011fi\u015fir. Genellikle belirli say\u0131da seansla s\u0131n\u0131rl\u0131 bir terapidir. S\u00fcre, terapist ve dan\u0131\u015fan taraf\u0131ndan birlikte planlan\u0131r ve gerekti\u011finde uyarlan\u0131r.<\/p>\n<p><strong>Sa\u011fl\u0131k sigortas\u0131 masraflar\u0131 kar\u015f\u0131lar m\u0131?<\/strong><\/p>\n<p>Evet. Derinlemesine psikodinamik psikoterapi, resm\u00ee olarak tan\u0131nm\u0131\u015f bir terapi y\u00f6ntemidir. Uygun tan\u0131 konulmas\u0131 ve gerekli ba\u015fvurunun yap\u0131lmas\u0131 h\u00e2linde, masraflar yasal sa\u011fl\u0131k sigortalar\u0131 taraf\u0131ndan kar\u015f\u0131lan\u0131r.<\/p>\n<p><strong>Terapiye gelmeden \u00f6nce haz\u0131rlanmal\u0131 m\u0131y\u0131m?<\/strong><\/p>\n<p>Hay\u0131r. Herhangi bir haz\u0131rl\u0131k yapman\u0131z gerekmez. Terapinin \u00e7\u0131k\u0131\u015f noktas\u0131, \u015fu an ya\u015fad\u0131\u011f\u0131n\u0131z \u015fik\u00e2yetler ve sizi \u015fu anda me\u015fgul eden konulard\u0131r.<\/p>\n<p><strong>Terapi i\u00e7in sevk (\u00dcberweisung) gerekir mi?<\/strong><\/p>\n<p>Genellikle sevk gerekmez. Do\u011frudan benim psikoterapi klini\u011fimle ileti\u015fime ge\u00e7ebilirsiniz.<\/p>\n<p>Dan\u0131\u015fmanl\u0131k ve \u00f6n g\u00f6r\u00fc\u015fme randevusu i\u00e7in <a href=\"https:\/\/grunert-psychotherapie.de\/tr\/kontakt\/\">e-posta<\/a> yoluyla ya da <a href=\"https:\/\/www.jameda.de\/pinar-grunert\/psychosomatiker-aerztlicher-psychotherapeut-psychoanalyse\/berlin\" target=\"_blank\" rel=\"noopener\">Jameda<\/a> veya <a href=\"https:\/\/www.doctolib.de\/psychosomatische-medizin-psychotherapie\/berlin\/pinar-grunert\" target=\"_blank\" rel=\"noopener\">Doctolib<\/a> randevu platformlar\u0131 \u00fczerinden psikoterapi dan\u0131\u015fma saatim i\u00e7in randevu alabilirsiniz.<\/p>\n","protected":false},"excerpt":{"rendered":"<p>Derinlemesine Psikodinamik Bireysel Psikoterapi Derinlemesine psikodinamik psikoterapi (TfPT), bilimsel olarak kabul edilmi\u015f bir psikoterapi y\u00f6ntemidir ve yasal sa\u011fl\u0131k sigortalar\u0131n\u0131n (devlet &hellip; <a href=\"https:\/\/grunert-psychotherapie.de\/tr\/psychotherapeutische-sprechstunde\/einzeltherapie\/\">Daha Fazlas\u0131n\u0131 Oku<\/a><\/p>\n","protected":false},"author":1,"featured_media":0,"parent":338,"menu_order":0,"comment_status":"closed","ping_status":"closed","template":"","meta":{"_exactmetrics_skip_tracking":false,"_exactmetrics_sitenote_active":false,"_exactmetrics_sitenote_note":"","_exactmetrics_sitenote_category":0,"footnotes":""},"class_list":["post-1158","page","type-page","status-publish","hentry"],"translation":{"provider":"WPGlobus","version":"3.0.2","language":"tr","enabled_languages":["de","tr"],"languages":{"de":{"title":true,"content":true,"excerpt":false},"tr":{"title":true,"content":true,"excerpt":false}}},"yoast_head":"<!-- This site is optimized with the Yoast SEO Premium plugin v26.9 (Yoast SEO v27.6) - https:\/\/yoast.com\/product\/yoast-seo-premium-wordpress\/ -->\n<title>Dr. med. Pinar Grunert &#8226; Bireysel Terapi<\/title>\n<meta name=\"robots\" content=\"index, follow, max-snippet:-1, max-image-preview:large, max-video-preview:-1\" \/>\n<link rel=\"canonical\" href=\"https:\/\/grunert-psychotherapie.de\/psychotherapeutische-sprechstunde\/einzeltherapie\/\" \/>\n<meta property=\"og:locale\" content=\"tr_TR\" \/>\n<meta property=\"og:type\" content=\"article\" \/>\n<meta property=\"og:title\" content=\"Dr. med. Pinar Grunert &#8226; Bireysel Terapi\" \/>\n<meta property=\"og:url\" content=\"https:\/\/grunert-psychotherapie.de\/psychotherapeutische-sprechstunde\/einzeltherapie\/\" \/>\n<meta property=\"og:site_name\" content=\"Dr. med. Pinar Grunert\" \/>\n<meta property=\"article:modified_time\" content=\"2026-02-07T15:45:14+00:00\" \/>\n<meta property=\"og:image\" content=\"https:\/\/grunert-psychotherapie.de\/wp-content\/uploads\/2023\/03\/website_screenshot_pinar-grunert.jpg\" \/>\n\t<meta property=\"og:image:width\" content=\"1200\" \/>\n\t<meta property=\"og:image:height\" content=\"675\" \/>\n\t<meta property=\"og:image:type\" content=\"image\/jpeg\" \/>\n<meta name=\"twitter:card\" content=\"summary_large_image\" \/>\n<meta name=\"twitter:label1\" content=\"Est. reading time\" \/>\n\t<meta name=\"twitter:data1\" content=\"2 minutes\" \/>\n<script type=\"application\/ld+json\" class=\"yoast-schema-graph\">{\"@context\":\"https:\\\/\\\/schema.org\",\"@graph\":[{\"@type\":\"WebPage\",\"@id\":\"https:\\\/\\\/grunert-psychotherapie.de\\\/psychotherapeutische-sprechstunde\\\/einzeltherapie\\\/\",\"url\":\"https:\\\/\\\/grunert-psychotherapie.de\\\/psychotherapeutische-sprechstunde\\\/einzeltherapie\\\/\",\"name\":\"Dr. med. Pinar Grunert &#8226; Bireysel Terapi\",\"isPartOf\":{\"@id\":\"https:\\\/\\\/grunert-psychotherapie.de\\\/#website\"},\"datePublished\":\"2026-02-07T12:50:47+00:00\",\"dateModified\":\"2026-02-07T15:45:14+00:00\",\"description\":\"Dr. med. Pinar Grunert \u2022 Fach\u00e4rztin f\u00fcr Psychosomatische Medizin und Psychotherapie und Psychoanalytikerin in Berlin, muttersprachlich auf deutsch und t\u00fcrkisch, KV-Zulassung\",\"breadcrumb\":{\"@id\":\"https:\\\/\\\/grunert-psychotherapie.de\\\/psychotherapeutische-sprechstunde\\\/einzeltherapie\\\/#breadcrumb\"},\"inLanguage\":\"tr-TR\",\"potentialAction\":[{\"@type\":\"ReadAction\",\"target\":[\"https:\\\/\\\/grunert-psychotherapie.de\\\/psychotherapeutische-sprechstunde\\\/einzeltherapie\\\/\"]}]},{\"@type\":\"BreadcrumbList\",\"@id\":\"https:\\\/\\\/grunert-psychotherapie.de\\\/psychotherapeutische-sprechstunde\\\/einzeltherapie\\\/#breadcrumb\",\"itemListElement\":[{\"@type\":\"ListItem\",\"position\":1,\"name\":\"Startseite\",\"item\":\"https:\\\/\\\/grunert-psychotherapie.de\\\/\"},{\"@type\":\"ListItem\",\"position\":2,\"name\":\"Psychotherapeutische Sprechstunde\",\"item\":\"https:\\\/\\\/grunert-psychotherapie.de\\\/psychotherapeutische-sprechstunde\\\/\"},{\"@type\":\"ListItem\",\"position\":3,\"name\":\"Einzeltherapie\"}]},{\"@type\":\"WebSite\",\"@id\":\"https:\\\/\\\/grunert-psychotherapie.de\\\/#website\",\"url\":\"https:\\\/\\\/grunert-psychotherapie.de\\\/\",\"name\":\"Dr. med. Pinar Grunert\",\"description\":\"Fach\u00e4rztin f\u00fcr Psychosomatische Medizin und Psychotherapie in deutscher und t\u00fcrkischer Muttersprache\",\"publisher\":{\"@id\":\"https:\\\/\\\/grunert-psychotherapie.de\\\/#\\\/schema\\\/person\\\/4b53dd21af435bc2960d9ec5a34215ae\"},\"alternateName\":\"Dr. med. Pinar Grunert \u2022 Fach\u00e4rztin f\u00fcr Psychosomatische Medizin und Psychotherapie und Psychoanalytikerin in Berlin, muttersprachlich auf deutsch und t\u00fcrkisch\",\"potentialAction\":[{\"@type\":\"SearchAction\",\"target\":{\"@type\":\"EntryPoint\",\"urlTemplate\":\"https:\\\/\\\/grunert-psychotherapie.de\\\/?s={search_term_string}\"},\"query-input\":{\"@type\":\"PropertyValueSpecification\",\"valueRequired\":true,\"valueName\":\"search_term_string\"}}],\"inLanguage\":\"tr-TR\"},{\"@type\":[\"Person\",\"Organization\"],\"@id\":\"https:\\\/\\\/grunert-psychotherapie.de\\\/#\\\/schema\\\/person\\\/4b53dd21af435bc2960d9ec5a34215ae\",\"name\":\"Dr. med. Pinar Grunert\",\"image\":{\"@type\":\"ImageObject\",\"inLanguage\":\"tr-TR\",\"@id\":\"https:\\\/\\\/grunert-psychotherapie.de\\\/wp-content\\\/uploads\\\/2019\\\/08\\\/start-slider_quadrat_01.jpg\",\"url\":\"https:\\\/\\\/grunert-psychotherapie.de\\\/wp-content\\\/uploads\\\/2019\\\/08\\\/start-slider_quadrat_01.jpg\",\"contentUrl\":\"https:\\\/\\\/grunert-psychotherapie.de\\\/wp-content\\\/uploads\\\/2019\\\/08\\\/start-slider_quadrat_01.jpg\",\"width\":350,\"height\":350,\"caption\":\"Dr. med. Pinar Grunert\"},\"logo\":{\"@id\":\"https:\\\/\\\/grunert-psychotherapie.de\\\/wp-content\\\/uploads\\\/2019\\\/08\\\/start-slider_quadrat_01.jpg\"},\"description\":\"Facharztpraxis f\u00fcr Psychosomatische Medizin und Psychotherapie, Psychoanalyse\",\"sameAs\":[\"https:\\\/\\\/grunert-psychotherapie.de\"],\"honorificPrefix\":\"Dr\",\"honorificSuffix\":\"med\",\"gender\":\"weiblich\",\"knowsAbout\":[\"psychologische Hilfe bei unerf\u00fclltem Kinderwunsch in Berlin\",\"Psychotherapie in Berlin\",\"Psychotherapie f\u00fcr Burnout in Berlin\",\"Psychotherapeutinf\u00fcr Depressionen und \u00c4ngste in Berlin Psychotherapie\",\"Depressionen\",\"\u00c4ngste\",\"Stress assoziierte Erkrankungen\",\"unerf\u00fcllter Kinderwunsch\",\"Somatoforme Schmerzen\",\"Tiefenpsychologie\",\"Psychotherapie auf T\u00fcrkisch und Deutsch\",\"Migration\",\"Spezialisierte Therapiegruppen\",\"Fehlgeburt\"],\"knowsLanguage\":[\"Deutsch\",\"T\u00fcrkisch\"],\"jobTitle\":\"Psychotherapeutin\",\"worksFor\":\"Dr. med Pinar Grunert\"}]}<\/script>\n<!-- \/ Yoast SEO Premium plugin. -->","yoast_head_json":{"title":"Dr. med. Pinar Grunert &#8226; Bireysel Terapi","robots":{"index":"index","follow":"follow","max-snippet":"max-snippet:-1","max-image-preview":"max-image-preview:large","max-video-preview":"max-video-preview:-1"},"canonical":"https:\/\/grunert-psychotherapie.de\/psychotherapeutische-sprechstunde\/einzeltherapie\/","og_locale":"tr_TR","og_type":"article","og_title":"Dr. med. Pinar Grunert &#8226; Bireysel Terapi","og_url":"https:\/\/grunert-psychotherapie.de\/psychotherapeutische-sprechstunde\/einzeltherapie\/","og_site_name":"Dr. med. Pinar Grunert","article_modified_time":"2026-02-07T15:45:14+00:00","og_image":[{"width":1200,"height":675,"url":"https:\/\/grunert-psychotherapie.de\/wp-content\/uploads\/2023\/03\/website_screenshot_pinar-grunert.jpg","type":"image\/jpeg"}],"twitter_card":"summary_large_image","twitter_misc":{"Est. reading time":"2 minutes"},"schema":{"@context":"https:\/\/schema.org","@graph":[{"@type":"WebPage","@id":"https:\/\/grunert-psychotherapie.de\/psychotherapeutische-sprechstunde\/einzeltherapie\/","url":"https:\/\/grunert-psychotherapie.de\/psychotherapeutische-sprechstunde\/einzeltherapie\/","name":"Dr. med. Pinar Grunert &#8226; Bireysel Terapi","isPartOf":{"@id":"https:\/\/grunert-psychotherapie.de\/#website"},"datePublished":"2026-02-07T12:50:47+00:00","dateModified":"2026-02-07T15:45:14+00:00","description":"Dr. med. Pinar Grunert \u2022 Fach\u00e4rztin f\u00fcr Psychosomatische Medizin und Psychotherapie und Psychoanalytikerin in Berlin, muttersprachlich auf deutsch und t\u00fcrkisch, KV-Zulassung","breadcrumb":{"@id":"https:\/\/grunert-psychotherapie.de\/psychotherapeutische-sprechstunde\/einzeltherapie\/#breadcrumb"},"inLanguage":"tr-TR","potentialAction":[{"@type":"ReadAction","target":["https:\/\/grunert-psychotherapie.de\/psychotherapeutische-sprechstunde\/einzeltherapie\/"]}]},{"@type":"BreadcrumbList","@id":"https:\/\/grunert-psychotherapie.de\/psychotherapeutische-sprechstunde\/einzeltherapie\/#breadcrumb","itemListElement":[{"@type":"ListItem","position":1,"name":"Startseite","item":"https:\/\/grunert-psychotherapie.de\/"},{"@type":"ListItem","position":2,"name":"Psychotherapeutische Sprechstunde","item":"https:\/\/grunert-psychotherapie.de\/psychotherapeutische-sprechstunde\/"},{"@type":"ListItem","position":3,"name":"Einzeltherapie"}]},{"@type":"WebSite","@id":"https:\/\/grunert-psychotherapie.de\/#website","url":"https:\/\/grunert-psychotherapie.de\/","name":"Dr. med. Pinar Grunert","description":"Fach\u00e4rztin f\u00fcr Psychosomatische Medizin und Psychotherapie in deutscher und t\u00fcrkischer Muttersprache","publisher":{"@id":"https:\/\/grunert-psychotherapie.de\/#\/schema\/person\/4b53dd21af435bc2960d9ec5a34215ae"},"alternateName":"Dr. med. Pinar Grunert \u2022 Fach\u00e4rztin f\u00fcr Psychosomatische Medizin und Psychotherapie und Psychoanalytikerin in Berlin, muttersprachlich auf deutsch und t\u00fcrkisch","potentialAction":[{"@type":"SearchAction","target":{"@type":"EntryPoint","urlTemplate":"https:\/\/grunert-psychotherapie.de\/?s={search_term_string}"},"query-input":{"@type":"PropertyValueSpecification","valueRequired":true,"valueName":"search_term_string"}}],"inLanguage":"tr-TR"},{"@type":["Person","Organization"],"@id":"https:\/\/grunert-psychotherapie.de\/#\/schema\/person\/4b53dd21af435bc2960d9ec5a34215ae","name":"Dr. med. Pinar Grunert","image":{"@type":"ImageObject","inLanguage":"tr-TR","@id":"https:\/\/grunert-psychotherapie.de\/wp-content\/uploads\/2019\/08\/start-slider_quadrat_01.jpg","url":"https:\/\/grunert-psychotherapie.de\/wp-content\/uploads\/2019\/08\/start-slider_quadrat_01.jpg","contentUrl":"https:\/\/grunert-psychotherapie.de\/wp-content\/uploads\/2019\/08\/start-slider_quadrat_01.jpg","width":350,"height":350,"caption":"Dr. med. Pinar Grunert"},"logo":{"@id":"https:\/\/grunert-psychotherapie.de\/wp-content\/uploads\/2019\/08\/start-slider_quadrat_01.jpg"},"description":"Facharztpraxis f\u00fcr Psychosomatische Medizin und Psychotherapie, Psychoanalyse","sameAs":["https:\/\/grunert-psychotherapie.de"],"honorificPrefix":"Dr","honorificSuffix":"med","gender":"weiblich","knowsAbout":["psychologische Hilfe bei unerf\u00fclltem Kinderwunsch in Berlin","Psychotherapie in Berlin","Psychotherapie f\u00fcr Burnout in Berlin","Psychotherapeutinf\u00fcr Depressionen und \u00c4ngste in Berlin Psychotherapie","Depressionen","\u00c4ngste","Stress assoziierte Erkrankungen","unerf\u00fcllter Kinderwunsch","Somatoforme Schmerzen","Tiefenpsychologie","Psychotherapie auf T\u00fcrkisch und Deutsch","Migration","Spezialisierte Therapiegruppen","Fehlgeburt"],"knowsLanguage":["Deutsch","T\u00fcrkisch"],"jobTitle":"Psychotherapeutin","worksFor":"Dr. med Pinar Grunert"}]}},"_links":{"self":[{"href":"https:\/\/grunert-psychotherapie.de\/tr\/wp-json\/wp\/v2\/pages\/1158","targetHints":{"allow":["GET"]}}],"collection":[{"href":"https:\/\/grunert-psychotherapie.de\/tr\/wp-json\/wp\/v2\/pages"}],"about":[{"href":"https:\/\/grunert-psychotherapie.de\/tr\/wp-json\/wp\/v2\/types\/page"}],"author":[{"embeddable":true,"href":"https:\/\/grunert-psychotherapie.de\/tr\/wp-json\/wp\/v2\/users\/1"}],"replies":[{"embeddable":true,"href":"https:\/\/grunert-psychotherapie.de\/tr\/wp-json\/wp\/v2\/comments?post=1158"}],"version-history":[{"count":0,"href":"https:\/\/grunert-psychotherapie.de\/tr\/wp-json\/wp\/v2\/pages\/1158\/revisions"}],"up":[{"embeddable":true,"href":"https:\/\/grunert-psychotherapie.de\/tr\/wp-json\/wp\/v2\/pages\/338"}],"wp:attachment":[{"href":"https:\/\/grunert-psychotherapie.de\/tr\/wp-json\/wp\/v2\/media?parent=1158"}],"curies":[{"name":"wp","href":"https:\/\/api.w.org\/{rel}","templated":true}]}}