{"id":21,"date":"2019-08-05T15:01:11","date_gmt":"2019-08-05T13:01:11","guid":{"rendered":"https:\/\/grunert-psychotherapie.de\/?page_id=21"},"modified":"2024-08-13T15:02:37","modified_gmt":"2024-08-13T13:02:37","slug":"start","status":"publish","type":"page","link":"https:\/\/grunert-psychotherapie.de\/tr\/","title":{"rendered":"Ba\u015flang\u0131\u00e7"},"content":{"rendered":"<div style=\"text-align: justify;\">\n<p style=\"text-align: justify;\">\u00a0<\/p>\n<\/div>\n<div style=\"text-align: center;\"><div id=\"metaslider-id-551\" style=\"width: 100%; margin: 0 auto;\" class=\"ml-slider-3-109-0 metaslider metaslider-flex metaslider-551 ml-slider ms-theme-default nav-hidden\" role=\"region\" aria-label=\"START\" data-height=\"500\" data-width=\"1100\">\n    <div id=\"metaslider_container_551\">\n        <div id=\"metaslider_551\" class=\"flexslider\">\n            <ul class='slides'>\n                <li style=\"display: block; width: 100%;\" class=\"slide-1208 ms-image \" aria-roledescription=\"slide\" data-date=\"2026-02-07 15:15:44\" data-filename=\"gruppenraum_1_1100x500.jpg\" data-slide-type=\"image\"><img loading=\"lazy\" decoding=\"async\" src=\"https:\/\/grunert-psychotherapie.de\/wp-content\/uploads\/2026\/02\/gruppenraum_1_1100x500.jpg\" height=\"500\" width=\"1100\" alt=\"Dr. med. Pinar Grunert \u2022 Fach\u00e4rztin f\u00fcr Psychosomatische Medizin und Psychotherapie und Psychoanalytikerin in Berlin, muttersprachlich auf deutsch und t\u00fcrkisch\" class=\"slider-551 slide-1208 msDefaultImage\" title=\"Dr. med. Pinar Grunert \u2022 Fach\u00e4rztin f\u00fcr Psychosomatische Medizin und Psychotherapie und Psychoanalytikerin in Berlin, muttersprachlich auf deutsch und t\u00fcrkisch\" \/><\/li>\n                <li style=\"display: none; width: 100%;\" class=\"slide-552 ms-image \" aria-roledescription=\"slide\" data-date=\"2019-08-26 17:29:50\" data-filename=\"pinar-grunert_2026_1100x500.jpg\" data-slide-type=\"image\"><img loading=\"lazy\" decoding=\"async\" src=\"https:\/\/grunert-psychotherapie.de\/wp-content\/uploads\/2026\/03\/pinar-grunert_2026_1100x500.jpg\" height=\"500\" width=\"1100\" alt=\"Dr. med. Pinar Grunert \u2022 Fach\u00e4rztin f\u00fcr Psychosomatische Medizin und Psychotherapie und Psychoanalytikerin in Berlin, muttersprachlich auf deutsch und t\u00fcrkisch\" class=\"slider-551 slide-552 msDefaultImage\" title=\"pinar-grunert_2026_1100x500\" \/><\/li>\n                <li style=\"display: none; width: 100%;\" class=\"slide-559 ms-image \" aria-roledescription=\"slide\" data-date=\"2019-08-26 18:32:42\" data-filename=\"pinar-grunert_1100x500_01.jpg\" data-slide-type=\"image\"><img loading=\"lazy\" decoding=\"async\" src=\"https:\/\/grunert-psychotherapie.de\/wp-content\/uploads\/2019\/08\/pinar-grunert_1100x500_01.jpg\" height=\"500\" width=\"1100\" alt=\"Dr. med. Pinar Grunert \u2022 Fach\u00e4rztin f\u00fcr Psychosomatische Medizin und Psychotherapie und Psychoanalytikerin in Berlin, muttersprachlich auf deutsch und t\u00fcrkisch\" class=\"slider-551 slide-559 msDefaultImage\" title=\"Dr. med. Pinar Grunert \u2022 Fach\u00e4rztin f\u00fcr Psychosomatische Medizin und Psychotherapie und Psychoanalytikerin in Berlin, muttersprachlich auf deutsch und t\u00fcrkisch\" \/><\/li>\n                <li style=\"display: none; width: 100%;\" class=\"slide-561 ms-image \" aria-roledescription=\"slide\" data-date=\"2019-08-26 18:32:42\" data-filename=\"pinar-grunert_1100x500_03.jpg\" data-slide-type=\"image\"><img loading=\"lazy\" decoding=\"async\" src=\"https:\/\/grunert-psychotherapie.de\/wp-content\/uploads\/2019\/08\/pinar-grunert_1100x500_03.jpg\" height=\"500\" width=\"1100\" alt=\"Dr. med. Pinar Grunert \u2022 Fach\u00e4rztin f\u00fcr Psychosomatische Medizin und Psychotherapie und Psychoanalytikerin in Berlin, muttersprachlich auf deutsch und t\u00fcrkisch\" class=\"slider-551 slide-561 msDefaultImage\" title=\"Dr. med. Pinar Grunert \u2022 Fach\u00e4rztin f\u00fcr Psychosomatische Medizin und Psychotherapie und Psychoanalytikerin in Berlin, muttersprachlich auf deutsch und t\u00fcrkisch\" \/><\/li>\n                <li style=\"display: none; width: 100%;\" class=\"slide-560 ms-image \" aria-roledescription=\"slide\" data-date=\"2019-08-26 18:32:42\" data-filename=\"pinar-grunert_1100x500_02.jpg\" data-slide-type=\"image\"><img loading=\"lazy\" decoding=\"async\" src=\"https:\/\/grunert-psychotherapie.de\/wp-content\/uploads\/2019\/08\/pinar-grunert_1100x500_02.jpg\" height=\"500\" width=\"1100\" alt=\"Dr. med. Pinar Grunert \u2022 Fach\u00e4rztin f\u00fcr Psychosomatische Medizin und Psychotherapie und Psychoanalytikerin in Berlin, muttersprachlich auf deutsch und t\u00fcrkisch\" class=\"slider-551 slide-560 msDefaultImage\" title=\"Dr. med. Pinar Grunert \u2022 Fach\u00e4rztin f\u00fcr Psychosomatische Medizin und Psychotherapie und Psychoanalytikerin in Berlin, muttersprachlich auf deutsch und t\u00fcrkisch\" \/><\/li>\n                <li style=\"display: none; width: 100%;\" class=\"slide-571 ms-image \" aria-roledescription=\"slide\" data-date=\"2019-08-26 19:40:18\" data-filename=\"pinar-grunert_1100x500_07.jpg\" data-slide-type=\"image\"><img loading=\"lazy\" decoding=\"async\" src=\"https:\/\/grunert-psychotherapie.de\/wp-content\/uploads\/2019\/08\/pinar-grunert_1100x500_07.jpg\" height=\"500\" width=\"1100\" alt=\"Dr. med. Pinar Grunert \u2022 Fach\u00e4rztin f\u00fcr Psychosomatische Medizin und Psychotherapie und Psychoanalytikerin in Berlin, muttersprachlich auf deutsch und t\u00fcrkisch\" class=\"slider-551 slide-571 msDefaultImage\" title=\"Dr. med. Pinar Grunert \u2022 Fach\u00e4rztin f\u00fcr Psychosomatische Medizin und Psychotherapie und Psychoanalytikerin in Berlin, muttersprachlich auf deutsch und t\u00fcrkisch\" \/><\/li>\n            <\/ul>\n        <\/div>\n        \n    <\/div>\n<\/div><\/div>\n<h5 style=\"text-align: right;\"><em><span style=\"color: #993300;\">&#8220;Hastal\u0131klar\u0131n tedavisindeki en b\u00fcy\u00fck hata budur; beden i\u00e7in doktorlar, ruh i\u00e7inse doktorlar vard\u0131r,<br \/>ikisi birbirinden ayr\u0131lamad\u0131\u011f\u0131nda.&#8221;<br \/>Platon (M\u00d6 427 &#8211; 347)<\/span><\/em><\/h5>\n<p>&nbsp;<\/p>\n<p>&nbsp;<\/p>\n<p>&nbsp;<\/p>\n<h6 style=\"text-align: right;\">\n<p><span style=\"color: #ffffff;\"><strong><em>L\u00fctfen sol \u00fcstte Almanca ve T\u00fcrk\u00e7e aras\u0131nda se\u00e7im yap\u0131n.<\/em><\/strong><\/span><\/h6>\n<div style=\"text-align: right;\">\n<p>&nbsp;<\/p>\n<\/div>\n<div class=\"alignnormal\" style=\"text-align: right;\">\u00a0<\/div>\n","protected":false},"excerpt":{"rendered":"<p>\u00a0 &#8220;Hastal\u0131klar\u0131n tedavisindeki en b\u00fcy\u00fck hata budur; beden i\u00e7in doktorlar, ruh i\u00e7inse doktorlar vard\u0131r,ikisi birbirinden ayr\u0131lamad\u0131\u011f\u0131nda.&#8221;Platon (M\u00d6 427 &#8211; 347) &hellip; <a href=\"https:\/\/grunert-psychotherapie.de\/tr\/\">Daha Fazlas\u0131n\u0131 Oku<\/a><\/p>\n","protected":false},"author":1,"featured_media":0,"parent":0,"menu_order":0,"comment_status":"closed","ping_status":"closed","template":"","meta":{"_exactmetrics_skip_tracking":false,"_exactmetrics_sitenote_active":false,"_exactmetrics_sitenote_note":"","_exactmetrics_sitenote_category":0,"footnotes":""},"class_list":["post-21","page","type-page","status-publish","hentry"],"translation":{"provider":"WPGlobus","version":"3.0.2","language":"tr","enabled_languages":["de","tr"],"languages":{"de":{"title":true,"content":true,"excerpt":false},"tr":{"title":true,"content":true,"excerpt":false}}},"yoast_head":"<!-- This site is optimized with the Yoast SEO Premium plugin v26.9 (Yoast SEO v27.5) - https:\/\/yoast.com\/product\/yoast-seo-premium-wordpress\/ -->\n<title>Dr. med. Pinar Grunert \u2022 Fach\u00e4rztin f\u00fcr Psychosomatische Medizin und Psychotherapie &#8226; Ba\u015flang\u0131\u00e7<\/title>\n<meta name=\"description\" content=\"Dr. med. P\u0131nar Grunert - Berlin&#039;de psikosomatik t\u0131p ve psikoterapi uzman\u0131 ve psikanalist, anadili Almanca ve T\u00fcrk\u00e7e, KV lisans\u0131\" \/>\n<meta name=\"robots\" content=\"index, follow, max-snippet:-1, max-image-preview:large, max-video-preview:-1\" \/>\n<link rel=\"canonical\" href=\"https:\/\/grunert-psychotherapie.de\/\" \/>\n<meta property=\"og:locale\" content=\"tr_TR\" \/>\n<meta property=\"og:type\" content=\"article\" \/>\n<meta property=\"og:title\" content=\"Dr. med. Pinar Grunert &#8226; Ba\u015flang\u0131\u00e7\" \/>\n<meta property=\"og:description\" content=\"Dr. med. P\u0131nar Grunert - Berlin&#039;de psikosomatik t\u0131p ve psikoterapi uzman\u0131 ve psikanalist, anadili Almanca ve T\u00fcrk\u00e7e, KV lisans\u0131\" \/>\n<meta property=\"og:url\" content=\"https:\/\/grunert-psychotherapie.de\/\" \/>\n<meta property=\"og:site_name\" content=\"Dr. med. Pinar Grunert\" \/>\n<meta property=\"article:modified_time\" content=\"2024-08-13T13:02:37+00:00\" \/>\n<meta property=\"og:image\" content=\"https:\/\/grunert-psychotherapie.de\/wp-content\/uploads\/2023\/03\/website_screenshot_pinar-grunert.jpg\" \/>\n\t<meta property=\"og:image:width\" content=\"1200\" \/>\n\t<meta property=\"og:image:height\" content=\"675\" \/>\n\t<meta property=\"og:image:type\" content=\"image\/jpeg\" \/>\n<meta name=\"twitter:card\" content=\"summary_large_image\" \/>\n<meta name=\"twitter:label1\" content=\"Est. reading time\" \/>\n\t<meta name=\"twitter:data1\" content=\"1 minute\" \/>\n<script type=\"application\/ld+json\" class=\"yoast-schema-graph\">{\"@context\":\"https:\\\/\\\/schema.org\",\"@graph\":[{\"@type\":\"WebPage\",\"@id\":\"https:\\\/\\\/grunert-psychotherapie.de\\\/\",\"url\":\"https:\\\/\\\/grunert-psychotherapie.de\\\/\",\"name\":\"Dr. med. Pinar Grunert \u2022 Fach\u00e4rztin f\u00fcr Psychosomatische Medizin und Psychotherapie &#8226; Ba\u015flang\u0131\u00e7\",\"isPartOf\":{\"@id\":\"https:\\\/\\\/grunert-psychotherapie.de\\\/#website\"},\"datePublished\":\"2019-08-05T13:01:11+00:00\",\"dateModified\":\"2024-08-13T13:02:37+00:00\",\"description\":\"Dr. med. Pinar Grunert \u2022 Fach\u00e4rztin f\u00fcr Psychosomatische Medizin und Psychotherapie und Psychoanalytikerin \u2022 Regensburger Str. 1, 10777 Berlin, muttersprachlich auf deutsch und t\u00fcrkisch, KV-Zulassung\",\"breadcrumb\":{\"@id\":\"https:\\\/\\\/grunert-psychotherapie.de\\\/#breadcrumb\"},\"inLanguage\":\"tr-TR\",\"potentialAction\":[{\"@type\":\"ReadAction\",\"target\":[\"https:\\\/\\\/grunert-psychotherapie.de\\\/\"]}]},{\"@type\":\"BreadcrumbList\",\"@id\":\"https:\\\/\\\/grunert-psychotherapie.de\\\/#breadcrumb\",\"itemListElement\":[{\"@type\":\"ListItem\",\"position\":1,\"name\":\"Startseite\",\"item\":\"https:\\\/\\\/grunert-psychotherapie.de\\\/\"},{\"@type\":\"ListItem\",\"position\":2,\"name\":\"Start\"}]},{\"@type\":\"WebSite\",\"@id\":\"https:\\\/\\\/grunert-psychotherapie.de\\\/#website\",\"url\":\"https:\\\/\\\/grunert-psychotherapie.de\\\/\",\"name\":\"Dr. med. Pinar Grunert\",\"description\":\"Fach\u00e4rztin f\u00fcr Psychosomatische Medizin und Psychotherapie in deutscher und t\u00fcrkischer Muttersprache\",\"publisher\":{\"@id\":\"https:\\\/\\\/grunert-psychotherapie.de\\\/#\\\/schema\\\/person\\\/4b53dd21af435bc2960d9ec5a34215ae\"},\"alternateName\":\"Dr. med. Pinar Grunert \u2022 Fach\u00e4rztin f\u00fcr Psychosomatische Medizin und Psychotherapie und Psychoanalytikerin in Berlin, muttersprachlich auf deutsch und t\u00fcrkisch\",\"potentialAction\":[{\"@type\":\"SearchAction\",\"target\":{\"@type\":\"EntryPoint\",\"urlTemplate\":\"https:\\\/\\\/grunert-psychotherapie.de\\\/?s={search_term_string}\"},\"query-input\":{\"@type\":\"PropertyValueSpecification\",\"valueRequired\":true,\"valueName\":\"search_term_string\"}}],\"inLanguage\":\"tr-TR\"},{\"@type\":[\"Person\",\"Organization\"],\"@id\":\"https:\\\/\\\/grunert-psychotherapie.de\\\/#\\\/schema\\\/person\\\/4b53dd21af435bc2960d9ec5a34215ae\",\"name\":\"Dr. med. Pinar Grunert\",\"image\":{\"@type\":\"ImageObject\",\"inLanguage\":\"tr-TR\",\"@id\":\"https:\\\/\\\/grunert-psychotherapie.de\\\/wp-content\\\/uploads\\\/2019\\\/08\\\/start-slider_quadrat_01.jpg\",\"url\":\"https:\\\/\\\/grunert-psychotherapie.de\\\/wp-content\\\/uploads\\\/2019\\\/08\\\/start-slider_quadrat_01.jpg\",\"contentUrl\":\"https:\\\/\\\/grunert-psychotherapie.de\\\/wp-content\\\/uploads\\\/2019\\\/08\\\/start-slider_quadrat_01.jpg\",\"width\":350,\"height\":350,\"caption\":\"Dr. med. Pinar Grunert\"},\"logo\":{\"@id\":\"https:\\\/\\\/grunert-psychotherapie.de\\\/wp-content\\\/uploads\\\/2019\\\/08\\\/start-slider_quadrat_01.jpg\"},\"description\":\"Facharztpraxis f\u00fcr Psychosomatische Medizin und Psychotherapie, Psychoanalyse\",\"sameAs\":[\"https:\\\/\\\/grunert-psychotherapie.de\"],\"honorificPrefix\":\"Dr\",\"honorificSuffix\":\"med\",\"gender\":\"weiblich\",\"knowsAbout\":[\"psychologische Hilfe bei unerf\u00fclltem Kinderwunsch in Berlin\",\"Psychotherapie in Berlin\",\"Psychotherapie f\u00fcr Burnout in Berlin\",\"Psychotherapeutinf\u00fcr Depressionen und \u00c4ngste in Berlin Psychotherapie\",\"Depressionen\",\"\u00c4ngste\",\"Stress assoziierte Erkrankungen\",\"unerf\u00fcllter Kinderwunsch\",\"Somatoforme Schmerzen\",\"Tiefenpsychologie\",\"Psychotherapie auf T\u00fcrkisch und Deutsch\",\"Migration\",\"Spezialisierte Therapiegruppen\",\"Fehlgeburt\"],\"knowsLanguage\":[\"Deutsch\",\"T\u00fcrkisch\"],\"jobTitle\":\"Psychotherapeutin\",\"worksFor\":\"Dr. med Pinar Grunert\"}]}<\/script>\n<!-- \/ Yoast SEO Premium plugin. -->","yoast_head_json":{"title":"Dr. med. Pinar Grunert \u2022 Fach\u00e4rztin f\u00fcr Psychosomatische Medizin und Psychotherapie &#8226; Ba\u015flang\u0131\u00e7","description":"Dr. med. P\u0131nar Grunert - Berlin'de psikosomatik t\u0131p ve psikoterapi uzman\u0131 ve psikanalist, anadili Almanca ve T\u00fcrk\u00e7e, KV lisans\u0131","robots":{"index":"index","follow":"follow","max-snippet":"max-snippet:-1","max-image-preview":"max-image-preview:large","max-video-preview":"max-video-preview:-1"},"canonical":"https:\/\/grunert-psychotherapie.de\/","og_locale":"tr_TR","og_type":"article","og_title":"Dr. med. Pinar Grunert &#8226; Ba\u015flang\u0131\u00e7","og_description":"Dr. med. P\u0131nar Grunert - Berlin'de psikosomatik t\u0131p ve psikoterapi uzman\u0131 ve psikanalist, anadili Almanca ve T\u00fcrk\u00e7e, KV lisans\u0131","og_url":"https:\/\/grunert-psychotherapie.de\/","og_site_name":"Dr. med. Pinar Grunert","article_modified_time":"2024-08-13T13:02:37+00:00","og_image":[{"width":1200,"height":675,"url":"https:\/\/grunert-psychotherapie.de\/wp-content\/uploads\/2023\/03\/website_screenshot_pinar-grunert.jpg","type":"image\/jpeg"}],"twitter_card":"summary_large_image","twitter_misc":{"Est. reading time":"1 minute"},"schema":{"@context":"https:\/\/schema.org","@graph":[{"@type":"WebPage","@id":"https:\/\/grunert-psychotherapie.de\/","url":"https:\/\/grunert-psychotherapie.de\/","name":"Dr. med. Pinar Grunert \u2022 Fach\u00e4rztin f\u00fcr Psychosomatische Medizin und Psychotherapie &#8226; Ba\u015flang\u0131\u00e7","isPartOf":{"@id":"https:\/\/grunert-psychotherapie.de\/#website"},"datePublished":"2019-08-05T13:01:11+00:00","dateModified":"2024-08-13T13:02:37+00:00","description":"Dr. med. Pinar Grunert \u2022 Fach\u00e4rztin f\u00fcr Psychosomatische Medizin und Psychotherapie und Psychoanalytikerin \u2022 Regensburger Str. 1, 10777 Berlin, muttersprachlich auf deutsch und t\u00fcrkisch, KV-Zulassung","breadcrumb":{"@id":"https:\/\/grunert-psychotherapie.de\/#breadcrumb"},"inLanguage":"tr-TR","potentialAction":[{"@type":"ReadAction","target":["https:\/\/grunert-psychotherapie.de\/"]}]},{"@type":"BreadcrumbList","@id":"https:\/\/grunert-psychotherapie.de\/#breadcrumb","itemListElement":[{"@type":"ListItem","position":1,"name":"Startseite","item":"https:\/\/grunert-psychotherapie.de\/"},{"@type":"ListItem","position":2,"name":"Start"}]},{"@type":"WebSite","@id":"https:\/\/grunert-psychotherapie.de\/#website","url":"https:\/\/grunert-psychotherapie.de\/","name":"Dr. med. Pinar Grunert","description":"Fach\u00e4rztin f\u00fcr Psychosomatische Medizin und Psychotherapie in deutscher und t\u00fcrkischer Muttersprache","publisher":{"@id":"https:\/\/grunert-psychotherapie.de\/#\/schema\/person\/4b53dd21af435bc2960d9ec5a34215ae"},"alternateName":"Dr. med. Pinar Grunert \u2022 Fach\u00e4rztin f\u00fcr Psychosomatische Medizin und Psychotherapie und Psychoanalytikerin in Berlin, muttersprachlich auf deutsch und t\u00fcrkisch","potentialAction":[{"@type":"SearchAction","target":{"@type":"EntryPoint","urlTemplate":"https:\/\/grunert-psychotherapie.de\/?s={search_term_string}"},"query-input":{"@type":"PropertyValueSpecification","valueRequired":true,"valueName":"search_term_string"}}],"inLanguage":"tr-TR"},{"@type":["Person","Organization"],"@id":"https:\/\/grunert-psychotherapie.de\/#\/schema\/person\/4b53dd21af435bc2960d9ec5a34215ae","name":"Dr. med. Pinar Grunert","image":{"@type":"ImageObject","inLanguage":"tr-TR","@id":"https:\/\/grunert-psychotherapie.de\/wp-content\/uploads\/2019\/08\/start-slider_quadrat_01.jpg","url":"https:\/\/grunert-psychotherapie.de\/wp-content\/uploads\/2019\/08\/start-slider_quadrat_01.jpg","contentUrl":"https:\/\/grunert-psychotherapie.de\/wp-content\/uploads\/2019\/08\/start-slider_quadrat_01.jpg","width":350,"height":350,"caption":"Dr. med. Pinar Grunert"},"logo":{"@id":"https:\/\/grunert-psychotherapie.de\/wp-content\/uploads\/2019\/08\/start-slider_quadrat_01.jpg"},"description":"Facharztpraxis f\u00fcr Psychosomatische Medizin und Psychotherapie, Psychoanalyse","sameAs":["https:\/\/grunert-psychotherapie.de"],"honorificPrefix":"Dr","honorificSuffix":"med","gender":"weiblich","knowsAbout":["psychologische Hilfe bei unerf\u00fclltem Kinderwunsch in Berlin","Psychotherapie in Berlin","Psychotherapie f\u00fcr Burnout in Berlin","Psychotherapeutinf\u00fcr Depressionen und \u00c4ngste in Berlin Psychotherapie","Depressionen","\u00c4ngste","Stress assoziierte Erkrankungen","unerf\u00fcllter Kinderwunsch","Somatoforme Schmerzen","Tiefenpsychologie","Psychotherapie auf T\u00fcrkisch und Deutsch","Migration","Spezialisierte Therapiegruppen","Fehlgeburt"],"knowsLanguage":["Deutsch","T\u00fcrkisch"],"jobTitle":"Psychotherapeutin","worksFor":"Dr. med Pinar Grunert"}]}},"_links":{"self":[{"href":"https:\/\/grunert-psychotherapie.de\/tr\/wp-json\/wp\/v2\/pages\/21","targetHints":{"allow":["GET"]}}],"collection":[{"href":"https:\/\/grunert-psychotherapie.de\/tr\/wp-json\/wp\/v2\/pages"}],"about":[{"href":"https:\/\/grunert-psychotherapie.de\/tr\/wp-json\/wp\/v2\/types\/page"}],"author":[{"embeddable":true,"href":"https:\/\/grunert-psychotherapie.de\/tr\/wp-json\/wp\/v2\/users\/1"}],"replies":[{"embeddable":true,"href":"https:\/\/grunert-psychotherapie.de\/tr\/wp-json\/wp\/v2\/comments?post=21"}],"version-history":[{"count":0,"href":"https:\/\/grunert-psychotherapie.de\/tr\/wp-json\/wp\/v2\/pages\/21\/revisions"}],"wp:attachment":[{"href":"https:\/\/grunert-psychotherapie.de\/tr\/wp-json\/wp\/v2\/media?parent=21"}],"curies":[{"name":"wp","href":"https:\/\/api.w.org\/{rel}","templated":true}]}}