{"id":236,"date":"2019-08-12T17:26:04","date_gmt":"2019-08-12T15:26:04","guid":{"rendered":"https:\/\/grunert-psychotherapie.de\/?page_id=236"},"modified":"2026-01-31T11:41:25","modified_gmt":"2026-01-31T10:41:25","slug":"biografie","status":"publish","type":"page","link":"https:\/\/grunert-psychotherapie.de\/tr\/biografie\/","title":{"rendered":"\u00d6zge\u00e7mi\u015f"},"content":{"rendered":"<h4><img loading=\"lazy\" decoding=\"async\" class=\"alignnone size-medium wp-image-257\" src=\"https:\/\/grunert-psychotherapie.de\/wp-content\/uploads\/2019\/08\/pinar-grunert_01-225x300.jpg\" alt=\"\" width=\"225\" height=\"300\" data-id=\"257\" srcset=\"https:\/\/grunert-psychotherapie.de\/wp-content\/uploads\/2019\/08\/pinar-grunert_01-225x300.jpg 225w, https:\/\/grunert-psychotherapie.de\/wp-content\/uploads\/2019\/08\/pinar-grunert_01-768x1024.jpg 768w, https:\/\/grunert-psychotherapie.de\/wp-content\/uploads\/2019\/08\/pinar-grunert_01.jpg 1000w\" sizes=\"auto, (max-width: 225px) 100vw, 225px\" \/><\/h4>\n<p>&nbsp;<\/p>\n<p>1987<br \/>\nKassel&#8217;deki <a href=\"https:\/\/www.wgkassel.de\/\" target=\"_blank\" rel=\"noopener\">Wilhelmsgymnasium&#8217;da<\/a> Abitur<\/p>\n<p>&nbsp;<\/p>\n<p>1988 &#8211; 1994<br \/>\nG\u00f6ttingen&#8217;deki <a href=\"http:\/\/www.uni-goettingen.de\/\" target=\"_blank\" rel=\"noopener\">Georg-August \u00dcniversitesi&#8217;nde<\/a> be\u015feri t\u0131p e\u011fitimi ald\u0131<\/p>\n<p>&nbsp;<\/p>\n<p>1991 &#8211; 1996<br \/>\nG\u00f6ttingen Georg-August \u00dcniversitesi N\u00f6rofizyoloji B\u00f6l\u00fcm\u00fc&#8217;nde Prof. Dr. rer. nat. Hans-Peter Zippel y\u00f6netiminde &#8220;Carassius auratus&#8217;un bulbus olfactorius&#8217;undaki mitral h\u00fccrelerin tek h\u00fccre t\u00fcrevleri ve yan\u0131t \u00f6zellikleri&#8221; konusunda doktora.<\/p>\n<p>&nbsp;<\/p>\n<p>1994 &#8211; 2001<br \/>\nG\u00f6ttingen \u00dcniversite Hastanesi&#8217;nde \u0130\u00e7 Hastal\u0131klar\u0131, N\u00f6roloji, Klinik N\u00f6rofizyoloji, Psikiyatri, Psikosomatik T\u0131p ve Psikoterapi b\u00f6l\u00fcmlerinde ara\u015ft\u0131rma g\u00f6revlisi<\/p>\n<p>&nbsp;<\/p>\n<p>1999<br \/>\nPsikiyatri alan\u0131nda uzman olarak tan\u0131nma<\/p>\n<p>&nbsp;<\/p>\n<p>1995 &#8211; 2005<br \/>\nLou Andreas Salome Psikanaliz ve Psikoterapi Enstit\u00fcs\u00fc G\u00f6ttingen&#8217;de ve Berlin Psikoterapi Enstit\u00fcs\u00fc&#8217;nde psikanalist olarak ileri e\u011fitim<\/p>\n<p>&nbsp;<\/p>\n<p>2007<\/p>\n<p>Psikanalist olarak tan\u0131nma (bireysel ve grup analizi)<\/p>\n<p>&nbsp;<\/p>\n<p>2001 &#8211; 2003<br \/>\nCharit\u00e9, T\u0131bbi Klinik B\u00f6l\u00fcm\u00fc&#8217;nde psikosomatik odakl\u0131 ara\u015ft\u0131rma g\u00f6revlisi<\/p>\n<p>&nbsp;<\/p>\n<p>2003 &#8211; 2005<br \/>\nTheodor-Wenzel-Werk, Psikosomatik T\u0131p ve Psikoterapi B\u00f6l\u00fcm\u00fc&#8217;ndeki kliniklerde asistan doktor ve i\u00e7 hastal\u0131klar\u0131 uzman\u0131<\/p>\n<p>&nbsp;<\/p>\n<p>2004<br \/>\nPsikosomatik t\u0131p ve psikoterapi alan\u0131nda uzman olarak tan\u0131nma<\/p>\n<p>&nbsp;<\/p>\n<p>2007&#8217;den beri<br \/>\nPsikosomatik t\u0131p ve psikoterapi uzman\u0131 ve psikanalist (panel doktoru) olarak kendi muayenehanesini kurdu<\/p>\n<p>&nbsp;<\/p>\n<p>Faydal\u0131 linkler:<\/p>\n<p style=\"text-align: justify;\"><a href=\"https:\/\/www.youtube.com\/watch?v=Gx9J8j2Xz0g&amp;list=PLtGSj0Qq7-VEn_je4FqqDzfEQpdqTnsQR\" target=\"_blank\" rel=\"noopener noreferrer\">Psychotherapeut aus Leidenschaft<\/a><\/p>\n<p style=\"text-align: justify;\"><a href=\"https:\/\/youtu.be\/GelInbc4tlg\" target=\"_blank\" rel=\"noopener noreferrer\">Pneumatische Plastologie<\/a><\/p>\n<p><a href=\"https:\/\/www.jameda.de\/pinar-grunert\/facharzt-fuer-psychosomatische-medizin-psychotherapie-facharzt-fuer-psychiatrie-psychotherapie-psychoanalyse\/berlin\" target=\"_blank\" rel=\"noopener\">jameda<\/a><\/p>\n<p>&nbsp;<\/p>\n<p><a href=\"https:\/\/www.jameda.de\/berlin\/aerzte\/psychosom-med-u-psychotherapeuten\/dr-pinar-grunert\/uebersicht\/81063645_1\/?utm_content=BWnote&amp;utm_source=Kunden-Homepages&amp;utm_medium=Badges&amp;utm_term=81063645&amp;utm_campaign=Badges\" target=\"_blank\" rel=\"noopener noreferrer\"><img loading=\"lazy\" decoding=\"async\" class=\"size-full wp-image-742 alignright\" src=\"https:\/\/grunert-psychotherapie.de\/wp-content\/uploads\/2019\/10\/jameda_note-1.gif\" alt=\"Dr. med. Pinar Grunert \u2022 Fach\u00e4rztin f\u00fcr Psychosomatische Medizin und Psychotherapie und Psychoanalytikerin, in deutsch und t\u00fcrkischer Muttersprache\" width=\"92\" height=\"142\" \/> <\/a><a href=\"https:\/\/www.jameda.de\/berlin\/aerzte\/psychosom-med-u-psychotherapeuten\/dr-pinar-grunert\/uebersicht\/81063645_1\/?utm_content=BWnote&amp;utm_source=Kunden-Homepages&amp;utm_medium=Badges&amp;utm_term=81063645&amp;utm_campaign=Badges\" target=\"_blank\" rel=\"noopener noreferrer\"><img loading=\"lazy\" decoding=\"async\" class=\"alignnone wp-image-873 size-full\" src=\"https:\/\/grunert-psychotherapie.de\/wp-content\/uploads\/2020\/01\/JAMEDA-TOP-5_01.png\" alt=\"Dr. med. Pinar Grunert \u2022 Fach\u00e4rztin f\u00fcr Psychosomatische Medizin und Psychotherapie und Psychoanalytikerin in Berlin, muttersprachlich auf deutsch und t\u00fcrkisch\" width=\"266\" height=\"163\" \/><\/a><a href=\"https:\/\/www.jameda.de\/berlin\/aerzte\/psychosom-med-u-psychotherapeuten\/dr-pinar-grunert\/uebersicht\/81063645_1\/?utm_content=BWnote&amp;utm_source=Kunden-Homepages&amp;utm_medium=Badges&amp;utm_term=81063645&amp;utm_campaign=Badges\" target=\"_blank\" rel=\"noopener noreferrer\"><img loading=\"lazy\" decoding=\"async\" class=\"alignnone wp-image-874 size-full\" src=\"https:\/\/grunert-psychotherapie.de\/wp-content\/uploads\/2020\/01\/JAMEDA-TOP-5_02.png\" alt=\"Dr. med. Pinar Grunert \u2022 Fach\u00e4rztin f\u00fcr Psychosomatische Medizin und Psychotherapie und Psychoanalytikerin in Berlin, muttersprachlich auf deutsch und t\u00fcrkisch\" width=\"266\" height=\"163\" \/><\/a><\/p>\n<p><script>!function($_x,_s,id){var js,fjs=$_x.getElementsByTagName(_s)[0];if(!$_x.getElementById(id)){js = $_x.createElement(_s);js.id = id;js.src = \"\/\/platform.docplanner.com\/js\/widget.js\";fjs.parentNode.insertBefore(js,fjs);}}(document,\"script\",\"zl-widget-s\");<\/script><\/p>\n","protected":false},"excerpt":{"rendered":"<p>&nbsp; 1987 Kassel&#8217;deki Wilhelmsgymnasium&#8217;da Abitur &nbsp; 1988 &#8211; 1994 G\u00f6ttingen&#8217;deki Georg-August \u00dcniversitesi&#8217;nde be\u015feri t\u0131p e\u011fitimi ald\u0131 &nbsp; 1991 &#8211; 1996 &hellip; <a href=\"https:\/\/grunert-psychotherapie.de\/tr\/biografie\/\">Daha Fazlas\u0131n\u0131 Oku<\/a><\/p>\n","protected":false},"author":1,"featured_media":0,"parent":0,"menu_order":0,"comment_status":"closed","ping_status":"closed","template":"","meta":{"_exactmetrics_skip_tracking":false,"_exactmetrics_sitenote_active":false,"_exactmetrics_sitenote_note":"","_exactmetrics_sitenote_category":0,"footnotes":""},"class_list":["post-236","page","type-page","status-publish","hentry"],"translation":{"provider":"WPGlobus","version":"3.0.2","language":"tr","enabled_languages":["de","tr"],"languages":{"de":{"title":true,"content":true,"excerpt":false},"tr":{"title":true,"content":true,"excerpt":false}}},"yoast_head":"<!-- This site is optimized with the Yoast SEO Premium plugin v26.9 (Yoast SEO v27.5) - https:\/\/yoast.com\/product\/yoast-seo-premium-wordpress\/ -->\n<title>Dr. med. Pinar Grunert &#8226; \u00d6zge\u00e7mi\u015f<\/title>\n<meta name=\"description\" content=\"Dr. med. P\u0131nar Grunert \u2022 Berlin&#039;de psikosomatik t\u0131p ve psikoterapi uzman\u0131 ve psikanalist, anadili Almanca ve T\u00fcrk\u00e7e, KV lisans\u0131\" \/>\n<meta name=\"robots\" content=\"index, follow, max-snippet:-1, max-image-preview:large, max-video-preview:-1\" \/>\n<link rel=\"canonical\" href=\"https:\/\/grunert-psychotherapie.de\/biografie\/\" \/>\n<meta property=\"og:locale\" content=\"tr_TR\" \/>\n<meta property=\"og:type\" content=\"article\" \/>\n<meta property=\"og:title\" content=\"Dr. med. Pinar Grunert &#8226; \u00d6zge\u00e7mi\u015f\" \/>\n<meta property=\"og:description\" content=\"Dr. med. P\u0131nar Grunert \u2022 Berlin&#039;de psikosomatik t\u0131p ve psikoterapi uzman\u0131 ve psikanalist, anadili Almanca ve T\u00fcrk\u00e7e, KV lisans\u0131\" \/>\n<meta property=\"og:url\" content=\"https:\/\/grunert-psychotherapie.de\/biografie\/\" \/>\n<meta property=\"og:site_name\" content=\"Dr. med. Pinar Grunert\" \/>\n<meta property=\"article:modified_time\" content=\"2026-01-31T10:41:25+00:00\" \/>\n<meta property=\"og:image\" content=\"https:\/\/grunert-psychotherapie.de\/wp-content\/uploads\/2019\/08\/pinar-grunert_01.jpg\" \/>\n\t<meta property=\"og:image:width\" content=\"1000\" \/>\n\t<meta property=\"og:image:height\" content=\"1333\" \/>\n\t<meta property=\"og:image:type\" content=\"image\/jpeg\" \/>\n<meta name=\"twitter:card\" content=\"summary_large_image\" \/>\n<meta name=\"twitter:label1\" content=\"Est. reading time\" \/>\n\t<meta name=\"twitter:data1\" content=\"2 minutes\" \/>\n<script type=\"application\/ld+json\" class=\"yoast-schema-graph\">{\"@context\":\"https:\\\/\\\/schema.org\",\"@graph\":[{\"@type\":\"WebPage\",\"@id\":\"https:\\\/\\\/grunert-psychotherapie.de\\\/biografie\\\/\",\"url\":\"https:\\\/\\\/grunert-psychotherapie.de\\\/biografie\\\/\",\"name\":\"Dr. med. Pinar Grunert &#8226; \u00d6zge\u00e7mi\u015f\",\"isPartOf\":{\"@id\":\"https:\\\/\\\/grunert-psychotherapie.de\\\/#website\"},\"primaryImageOfPage\":{\"@id\":\"https:\\\/\\\/grunert-psychotherapie.de\\\/biografie\\\/#primaryimage\"},\"image\":{\"@id\":\"https:\\\/\\\/grunert-psychotherapie.de\\\/biografie\\\/#primaryimage\"},\"thumbnailUrl\":\"https:\\\/\\\/grunert-psychotherapie.de\\\/wp-content\\\/uploads\\\/2019\\\/08\\\/pinar-grunert_01-225x300.jpg\",\"datePublished\":\"2019-08-12T15:26:04+00:00\",\"dateModified\":\"2026-01-31T10:41:25+00:00\",\"description\":\"Dr. med. P\u0131nar Grunert \u2022 Berlin'de psikosomatik t\u0131p ve psikoterapi uzman\u0131 ve psikanalist, anadili Almanca ve T\u00fcrk\u00e7e, KV lisans\u0131\",\"breadcrumb\":{\"@id\":\"https:\\\/\\\/grunert-psychotherapie.de\\\/biografie\\\/#breadcrumb\"},\"inLanguage\":\"tr-TR\",\"potentialAction\":[{\"@type\":\"ReadAction\",\"target\":[\"https:\\\/\\\/grunert-psychotherapie.de\\\/biografie\\\/\"]}]},{\"@type\":\"ImageObject\",\"inLanguage\":\"tr-TR\",\"@id\":\"https:\\\/\\\/grunert-psychotherapie.de\\\/biografie\\\/#primaryimage\",\"url\":\"https:\\\/\\\/grunert-psychotherapie.de\\\/wp-content\\\/uploads\\\/2019\\\/08\\\/pinar-grunert_01-225x300.jpg\",\"contentUrl\":\"https:\\\/\\\/grunert-psychotherapie.de\\\/wp-content\\\/uploads\\\/2019\\\/08\\\/pinar-grunert_01-225x300.jpg\"},{\"@type\":\"BreadcrumbList\",\"@id\":\"https:\\\/\\\/grunert-psychotherapie.de\\\/biografie\\\/#breadcrumb\",\"itemListElement\":[{\"@type\":\"ListItem\",\"position\":1,\"name\":\"Startseite\",\"item\":\"https:\\\/\\\/grunert-psychotherapie.de\\\/\"},{\"@type\":\"ListItem\",\"position\":2,\"name\":\"Vita\"}]},{\"@type\":\"WebSite\",\"@id\":\"https:\\\/\\\/grunert-psychotherapie.de\\\/#website\",\"url\":\"https:\\\/\\\/grunert-psychotherapie.de\\\/\",\"name\":\"Dr. med. Pinar Grunert\",\"description\":\"Fach\u00e4rztin f\u00fcr Psychosomatische Medizin und Psychotherapie in deutscher und t\u00fcrkischer Muttersprache\",\"publisher\":{\"@id\":\"https:\\\/\\\/grunert-psychotherapie.de\\\/#\\\/schema\\\/person\\\/4b53dd21af435bc2960d9ec5a34215ae\"},\"alternateName\":\"Dr. med. Pinar Grunert \u2022 Fach\u00e4rztin f\u00fcr Psychosomatische Medizin und Psychotherapie und Psychoanalytikerin in Berlin, muttersprachlich auf deutsch und t\u00fcrkisch\",\"potentialAction\":[{\"@type\":\"SearchAction\",\"target\":{\"@type\":\"EntryPoint\",\"urlTemplate\":\"https:\\\/\\\/grunert-psychotherapie.de\\\/?s={search_term_string}\"},\"query-input\":{\"@type\":\"PropertyValueSpecification\",\"valueRequired\":true,\"valueName\":\"search_term_string\"}}],\"inLanguage\":\"tr-TR\"},{\"@type\":[\"Person\",\"Organization\"],\"@id\":\"https:\\\/\\\/grunert-psychotherapie.de\\\/#\\\/schema\\\/person\\\/4b53dd21af435bc2960d9ec5a34215ae\",\"name\":\"Dr. med. Pinar Grunert\",\"image\":{\"@type\":\"ImageObject\",\"inLanguage\":\"tr-TR\",\"@id\":\"https:\\\/\\\/grunert-psychotherapie.de\\\/wp-content\\\/uploads\\\/2019\\\/08\\\/start-slider_quadrat_01.jpg\",\"url\":\"https:\\\/\\\/grunert-psychotherapie.de\\\/wp-content\\\/uploads\\\/2019\\\/08\\\/start-slider_quadrat_01.jpg\",\"contentUrl\":\"https:\\\/\\\/grunert-psychotherapie.de\\\/wp-content\\\/uploads\\\/2019\\\/08\\\/start-slider_quadrat_01.jpg\",\"width\":350,\"height\":350,\"caption\":\"Dr. med. Pinar Grunert\"},\"logo\":{\"@id\":\"https:\\\/\\\/grunert-psychotherapie.de\\\/wp-content\\\/uploads\\\/2019\\\/08\\\/start-slider_quadrat_01.jpg\"},\"description\":\"Facharztpraxis f\u00fcr Psychosomatische Medizin und Psychotherapie, Psychoanalyse\",\"sameAs\":[\"https:\\\/\\\/grunert-psychotherapie.de\"],\"honorificPrefix\":\"Dr\",\"honorificSuffix\":\"med\",\"gender\":\"weiblich\",\"knowsAbout\":[\"psychologische Hilfe bei unerf\u00fclltem Kinderwunsch in Berlin\",\"Psychotherapie in Berlin\",\"Psychotherapie f\u00fcr Burnout in Berlin\",\"Psychotherapeutinf\u00fcr Depressionen und \u00c4ngste in Berlin Psychotherapie\",\"Depressionen\",\"\u00c4ngste\",\"Stress assoziierte Erkrankungen\",\"unerf\u00fcllter Kinderwunsch\",\"Somatoforme Schmerzen\",\"Tiefenpsychologie\",\"Psychotherapie auf T\u00fcrkisch und Deutsch\",\"Migration\",\"Spezialisierte Therapiegruppen\",\"Fehlgeburt\"],\"knowsLanguage\":[\"Deutsch\",\"T\u00fcrkisch\"],\"jobTitle\":\"Psychotherapeutin\",\"worksFor\":\"Dr. med Pinar Grunert\"}]}<\/script>\n<!-- \/ Yoast SEO Premium plugin. -->","yoast_head_json":{"title":"Dr. med. Pinar Grunert &#8226; \u00d6zge\u00e7mi\u015f","description":"Dr. med. P\u0131nar Grunert \u2022 Berlin'de psikosomatik t\u0131p ve psikoterapi uzman\u0131 ve psikanalist, anadili Almanca ve T\u00fcrk\u00e7e, KV lisans\u0131","robots":{"index":"index","follow":"follow","max-snippet":"max-snippet:-1","max-image-preview":"max-image-preview:large","max-video-preview":"max-video-preview:-1"},"canonical":"https:\/\/grunert-psychotherapie.de\/biografie\/","og_locale":"tr_TR","og_type":"article","og_title":"Dr. med. Pinar Grunert &#8226; \u00d6zge\u00e7mi\u015f","og_description":"Dr. med. P\u0131nar Grunert \u2022 Berlin'de psikosomatik t\u0131p ve psikoterapi uzman\u0131 ve psikanalist, anadili Almanca ve T\u00fcrk\u00e7e, KV lisans\u0131","og_url":"https:\/\/grunert-psychotherapie.de\/biografie\/","og_site_name":"Dr. med. Pinar Grunert","article_modified_time":"2026-01-31T10:41:25+00:00","og_image":[{"width":1000,"height":1333,"url":"https:\/\/grunert-psychotherapie.de\/wp-content\/uploads\/2019\/08\/pinar-grunert_01.jpg","type":"image\/jpeg"}],"twitter_card":"summary_large_image","twitter_misc":{"Est. reading time":"2 minutes"},"schema":{"@context":"https:\/\/schema.org","@graph":[{"@type":"WebPage","@id":"https:\/\/grunert-psychotherapie.de\/biografie\/","url":"https:\/\/grunert-psychotherapie.de\/biografie\/","name":"Dr. med. Pinar Grunert &#8226; \u00d6zge\u00e7mi\u015f","isPartOf":{"@id":"https:\/\/grunert-psychotherapie.de\/#website"},"primaryImageOfPage":{"@id":"https:\/\/grunert-psychotherapie.de\/biografie\/#primaryimage"},"image":{"@id":"https:\/\/grunert-psychotherapie.de\/biografie\/#primaryimage"},"thumbnailUrl":"https:\/\/grunert-psychotherapie.de\/wp-content\/uploads\/2019\/08\/pinar-grunert_01-225x300.jpg","datePublished":"2019-08-12T15:26:04+00:00","dateModified":"2026-01-31T10:41:25+00:00","description":"Dr. med. P\u0131nar Grunert \u2022 Berlin'de psikosomatik t\u0131p ve psikoterapi uzman\u0131 ve psikanalist, anadili Almanca ve T\u00fcrk\u00e7e, KV lisans\u0131","breadcrumb":{"@id":"https:\/\/grunert-psychotherapie.de\/biografie\/#breadcrumb"},"inLanguage":"tr-TR","potentialAction":[{"@type":"ReadAction","target":["https:\/\/grunert-psychotherapie.de\/biografie\/"]}]},{"@type":"ImageObject","inLanguage":"tr-TR","@id":"https:\/\/grunert-psychotherapie.de\/biografie\/#primaryimage","url":"https:\/\/grunert-psychotherapie.de\/wp-content\/uploads\/2019\/08\/pinar-grunert_01-225x300.jpg","contentUrl":"https:\/\/grunert-psychotherapie.de\/wp-content\/uploads\/2019\/08\/pinar-grunert_01-225x300.jpg"},{"@type":"BreadcrumbList","@id":"https:\/\/grunert-psychotherapie.de\/biografie\/#breadcrumb","itemListElement":[{"@type":"ListItem","position":1,"name":"Startseite","item":"https:\/\/grunert-psychotherapie.de\/"},{"@type":"ListItem","position":2,"name":"Vita"}]},{"@type":"WebSite","@id":"https:\/\/grunert-psychotherapie.de\/#website","url":"https:\/\/grunert-psychotherapie.de\/","name":"Dr. med. Pinar Grunert","description":"Fach\u00e4rztin f\u00fcr Psychosomatische Medizin und Psychotherapie in deutscher und t\u00fcrkischer Muttersprache","publisher":{"@id":"https:\/\/grunert-psychotherapie.de\/#\/schema\/person\/4b53dd21af435bc2960d9ec5a34215ae"},"alternateName":"Dr. med. Pinar Grunert \u2022 Fach\u00e4rztin f\u00fcr Psychosomatische Medizin und Psychotherapie und Psychoanalytikerin in Berlin, muttersprachlich auf deutsch und t\u00fcrkisch","potentialAction":[{"@type":"SearchAction","target":{"@type":"EntryPoint","urlTemplate":"https:\/\/grunert-psychotherapie.de\/?s={search_term_string}"},"query-input":{"@type":"PropertyValueSpecification","valueRequired":true,"valueName":"search_term_string"}}],"inLanguage":"tr-TR"},{"@type":["Person","Organization"],"@id":"https:\/\/grunert-psychotherapie.de\/#\/schema\/person\/4b53dd21af435bc2960d9ec5a34215ae","name":"Dr. med. Pinar Grunert","image":{"@type":"ImageObject","inLanguage":"tr-TR","@id":"https:\/\/grunert-psychotherapie.de\/wp-content\/uploads\/2019\/08\/start-slider_quadrat_01.jpg","url":"https:\/\/grunert-psychotherapie.de\/wp-content\/uploads\/2019\/08\/start-slider_quadrat_01.jpg","contentUrl":"https:\/\/grunert-psychotherapie.de\/wp-content\/uploads\/2019\/08\/start-slider_quadrat_01.jpg","width":350,"height":350,"caption":"Dr. med. Pinar Grunert"},"logo":{"@id":"https:\/\/grunert-psychotherapie.de\/wp-content\/uploads\/2019\/08\/start-slider_quadrat_01.jpg"},"description":"Facharztpraxis f\u00fcr Psychosomatische Medizin und Psychotherapie, Psychoanalyse","sameAs":["https:\/\/grunert-psychotherapie.de"],"honorificPrefix":"Dr","honorificSuffix":"med","gender":"weiblich","knowsAbout":["psychologische Hilfe bei unerf\u00fclltem Kinderwunsch in Berlin","Psychotherapie in Berlin","Psychotherapie f\u00fcr Burnout in Berlin","Psychotherapeutinf\u00fcr Depressionen und \u00c4ngste in Berlin Psychotherapie","Depressionen","\u00c4ngste","Stress assoziierte Erkrankungen","unerf\u00fcllter Kinderwunsch","Somatoforme Schmerzen","Tiefenpsychologie","Psychotherapie auf T\u00fcrkisch und Deutsch","Migration","Spezialisierte Therapiegruppen","Fehlgeburt"],"knowsLanguage":["Deutsch","T\u00fcrkisch"],"jobTitle":"Psychotherapeutin","worksFor":"Dr. med Pinar Grunert"}]}},"_links":{"self":[{"href":"https:\/\/grunert-psychotherapie.de\/tr\/wp-json\/wp\/v2\/pages\/236","targetHints":{"allow":["GET"]}}],"collection":[{"href":"https:\/\/grunert-psychotherapie.de\/tr\/wp-json\/wp\/v2\/pages"}],"about":[{"href":"https:\/\/grunert-psychotherapie.de\/tr\/wp-json\/wp\/v2\/types\/page"}],"author":[{"embeddable":true,"href":"https:\/\/grunert-psychotherapie.de\/tr\/wp-json\/wp\/v2\/users\/1"}],"replies":[{"embeddable":true,"href":"https:\/\/grunert-psychotherapie.de\/tr\/wp-json\/wp\/v2\/comments?post=236"}],"version-history":[{"count":0,"href":"https:\/\/grunert-psychotherapie.de\/tr\/wp-json\/wp\/v2\/pages\/236\/revisions"}],"wp:attachment":[{"href":"https:\/\/grunert-psychotherapie.de\/tr\/wp-json\/wp\/v2\/media?parent=236"}],"curies":[{"name":"wp","href":"https:\/\/api.w.org\/{rel}","templated":true}]}}