{"id":3,"date":"2019-08-05T14:07:32","date_gmt":"2019-08-05T12:07:32","guid":{"rendered":"https:\/\/grunert-psychotherapie.de\/?page_id=3"},"modified":"2026-01-28T12:05:12","modified_gmt":"2026-01-28T11:05:12","slug":"datenschutzerklaerung","status":"publish","type":"page","link":"https:\/\/grunert-psychotherapie.de\/tr\/datenschutzerklaerung\/","title":{"rendered":"Gizlilik Politikas\u0131"},"content":{"rendered":"<p>G\u0130ZL\u0130L\u0130K POL\u0130T\u0130KASI<br \/>\nSon g\u00fcncelleme: 28.1.2026<\/p>\n<p>Sorumlu ki\u015finin ad\u0131 ve ileti\u015fim bilgileri<\/p>\n<p>Markelstr. 61<br \/>\n12163 Berlin (Steglitz)<br \/>\nAlmanya<\/p>\n<p>grunert-psychotherapy.de<\/p>\n<p>E-posta: mail@grunert-psychotherapie.de<\/p>\n<p>Ki\u015fisel verilerinizin g\u00fcvenli\u011fi ve korunmas\u0131<br \/>\nBize sa\u011flad\u0131\u011f\u0131n\u0131z ki\u015fisel verilerin gizlili\u011fini korumay\u0131 ve yetkisiz eri\u015fime kar\u015f\u0131 korumay\u0131 taahh\u00fct ediyoruz. Bu nedenle, ki\u015fisel verilerinizin maksimum d\u00fczeyde korunmas\u0131n\u0131 sa\u011flamak i\u00e7in azami \u00f6zen g\u00f6steriyor ve en son g\u00fcvenlik standartlar\u0131n\u0131 uyguluyoruz.<\/p>\n<p>Bir perakende \u015firketi olarak, Avrupa Veri Koruma Y\u00f6netmeli\u011fi (DSGVO) h\u00fck\u00fcmlerine ve Federal Veri Koruma Yasas\u0131 (BDSG-neu) d\u00fczenlemelerine tabiyiz. Veri korumaya ili\u015fkin d\u00fczenlemelerin hem bizim taraf\u0131m\u0131zdan hem de harici hizmet sa\u011flay\u0131c\u0131lar\u0131m\u0131z taraf\u0131ndan g\u00f6zetilmesini sa\u011flamak i\u00e7in teknik ve organizasyonel \u00f6nlemler ald\u0131k.<\/p>\n<p>Ki\u015fisel verilerin toplanmas\u0131na ili\u015fkin bilgiler<br \/>\nA\u015fa\u011f\u0131da, web sitemizi kullan\u0131rken ki\u015fisel verilerin toplanmas\u0131 hakk\u0131nda bilgi veriyoruz. Bu gizlilik politikas\u0131nda kullan\u0131lan terimler, Madde 4 DSGVO &#8211; https:\/\/dsgvo-gesetz.de\/art-4-dsgvo\/&#8217;daki tan\u0131mlara kar\u015f\u0131l\u0131k gelir.<\/p>\n<p>Bizimle ileti\u015fime ge\u00e7erken ki\u015fisel verilerin toplanmas\u0131<br \/>\nBizimle e-posta veya bir ileti\u015fim formu arac\u0131l\u0131\u011f\u0131yla ileti\u015fime ge\u00e7erseniz, sa\u011flad\u0131\u011f\u0131n\u0131z veriler (e-posta adresiniz, varsa ad\u0131n\u0131z, varsa posta adresiniz ve telefon numaran\u0131z) sorular\u0131n\u0131z\u0131 yan\u0131tlamak i\u00e7in taraf\u0131m\u0131zdan saklanacakt\u0131r. Bu ba\u011flamda tahakkuk eden verileri, depolama art\u0131k gerekli olmad\u0131\u011f\u0131nda veya depolamaya itiraz etti\u011finizde sileriz. Verileri saklamak i\u00e7in yasal zorunluluklar varsa, i\u015flemeyi yasalar\u0131n gerektirdi\u011fi \u00f6l\u00e7\u00fcde k\u0131s\u0131tlar\u0131z.<\/p>\n<p>Web sitemizi ziyaret ederken ki\u015fisel verilerin toplanmas\u0131<br \/>\nWeb sitemizi yaln\u0131zca bilgi ama\u00e7l\u0131 kulland\u0131\u011f\u0131n\u0131zda, yani kay\u0131t olmad\u0131\u011f\u0131n\u0131zda veya bize ba\u015fka bir \u015fekilde bilgi iletmedi\u011finizde, yaln\u0131zca taray\u0131c\u0131n\u0131z\u0131n sunucumuza iletti\u011fi ki\u015fisel verileri toplar\u0131z. Web sitemizi g\u00f6r\u00fcnt\u00fclemek isterseniz, web sitemizi size g\u00f6stermek ve istikrar\u0131n\u0131 ve g\u00fcvenli\u011fini sa\u011flamak i\u00e7in teknik olarak gerekli olan a\u015fa\u011f\u0131daki verileri toplar\u0131z (yasal dayanak DSGVO Madde 6 paragraf 1 p. 1 lit. f&#8217;dir):<\/p>\n<p>IP adresi<br \/>\nTalebin tarihi ve saati<br \/>\nGreenwich Ortalama Saati (GMT) ile saat dilimi fark\u0131<br \/>\nTalebin i\u00e7eri\u011fi (belirli bir sayfa)<br \/>\nEri\u015fim durumu\/HTTP durum kodu<br \/>\nHer durumda aktar\u0131lan veri miktar\u0131<br \/>\nTalebin geldi\u011fi web sitesi<br \/>\nTaray\u0131c\u0131<br \/>\n\u0130\u015fletim sistemi ve aray\u00fcz\u00fc<br \/>\nTaray\u0131c\u0131 yaz\u0131l\u0131m\u0131n\u0131n dili ve s\u00fcr\u00fcm\u00fc<br \/>\nG\u00fcvenli veri iletimi<\/p>\n<p>\u00c7erezlerin kullan\u0131m\u0131<br \/>\nYukar\u0131da belirtilen verilere ek olarak, web sitemizi kulland\u0131\u011f\u0131n\u0131zda bilgisayar\u0131n\u0131zda \u00e7erezler saklan\u0131r. \u00c7erezler, kulland\u0131\u011f\u0131n\u0131z taray\u0131c\u0131ya ba\u011fl\u0131 olarak sabit diskinizde depolanan ve \u00e7erezi ayarlayan tarafa belirli bilgiler sa\u011flayan k\u00fc\u00e7\u00fck metin dosyalar\u0131d\u0131r. \u00c7erezler programlar\u0131 \u00e7al\u0131\u015ft\u0131ramaz veya bilgisayar\u0131n\u0131za vir\u00fcs aktaramaz. \u0130nternet teklifini bir b\u00fct\u00fcn olarak daha kullan\u0131c\u0131 dostu ve etkili hale getirmeye hizmet ederler.<\/p>\n<p>(1) Ge\u00e7ici \u00e7erezler, taray\u0131c\u0131y\u0131 kapatt\u0131\u011f\u0131n\u0131zda otomatik olarak silinir. Bunlar \u00f6zellikle oturum \u00e7erezlerini i\u00e7erir. Bunlar, taray\u0131c\u0131n\u0131zdan gelen \u00e7e\u015fitli taleplerin ortak oturuma atanabilece\u011fi oturum kimli\u011fi olarak adland\u0131r\u0131lan bir kimlik kaydeder. Bu, web sitemize geri d\u00f6nd\u00fc\u011f\u00fcn\u00fczde bilgisayar\u0131n\u0131z\u0131n tan\u0131nmas\u0131n\u0131 sa\u011flar. Oturum \u00e7erezleri, oturumu kapatt\u0131\u011f\u0131n\u0131zda veya taray\u0131c\u0131y\u0131 kapatt\u0131\u011f\u0131n\u0131zda silinir. Bu \u00e7erezleri devre d\u0131\u015f\u0131 b\u0131rakt\u0131\u011f\u0131n\u0131zda, bu web sitesinin t\u00fcm i\u015flevlerini kullanamayabilece\u011finizi l\u00fctfen unutmay\u0131n, \u00f6rne\u011fin bir sergiyi bildirmek i\u00e7in bir dernek olarak giri\u015f yapmak istiyorsan\u0131z.<\/p>\n<p>(2) Kal\u0131c\u0131 \u00e7erezler, \u00e7erezlere ba\u011fl\u0131 olarak de\u011fi\u015febilen belirli bir s\u00fcre sonra otomatik olarak silinir. \u00c7erezleri istedi\u011finiz zaman taray\u0131c\u0131n\u0131z\u0131n g\u00fcvenlik ayarlar\u0131ndan silebilirsiniz.<\/p>\n<p>(3) Taray\u0131c\u0131 ayarlar\u0131n\u0131z\u0131 tercihlerinize g\u00f6re yap\u0131land\u0131rabilir ve \u00f6rne\u011fin \u00fc\u00e7\u00fcnc\u00fc taraf \u00e7erezlerini veya t\u00fcm \u00e7erezleri kabul etmeyi reddedebilirsiniz. &#8220;\u00dc\u00e7\u00fcnc\u00fc taraf \u00e7erezleri&#8221; olarak adland\u0131r\u0131lan \u00e7erezler, \u015fu anda bulundu\u011funuz web sitesi taraf\u0131ndan de\u011fil, \u00fc\u00e7\u00fcnc\u00fc bir taraf\u00e7a ayarlanan \u00e7erezlerdir. Sunucumuzda \u00e7al\u0131\u015ft\u0131r\u0131lan istatistik arac\u0131 Matomo gibi yaln\u0131zca yerel hizmetleri kulland\u0131\u011f\u0131m\u0131zdan, \u00fc\u00e7\u00fcnc\u00fc taraf \u00e7erezleri ayarlanmaz. Google Haritalar gibi harici hizmetler teknik nedenlerle bunu gerekli k\u0131larsa, gelecekte \u00fc\u00e7\u00fcnc\u00fc taraf \u00e7erezleri ayarlanabilir.<\/p>\n<p>Web sitemizin di\u011fer i\u015flevleri ve teklifleri<br \/>\n(1) Web sitemizin tamamen bilgi ama\u00e7l\u0131 kullan\u0131m\u0131na ek olarak, web sitemizi<\/p>\n<p><a href=\"https:\/\/www.deepl.com\/translator?utm_source=macos&amp;utm_medium=app&amp;utm_campaign=macos-share\" target=\"_blank\" rel=\"noopener\">Translated with DeepL<\/a><\/p>\n","protected":false},"excerpt":{"rendered":"<p>G\u0130ZL\u0130L\u0130K POL\u0130T\u0130KASI Son g\u00fcncelleme: 28.1.2026 Sorumlu ki\u015finin ad\u0131 ve ileti\u015fim bilgileri Markelstr. 61 12163 Berlin (Steglitz) Almanya grunert-psychotherapy.de E-posta: mail@grunert-psychotherapie.de &hellip; <a href=\"https:\/\/grunert-psychotherapie.de\/tr\/datenschutzerklaerung\/\">Daha Fazlas\u0131n\u0131 Oku<\/a><\/p>\n","protected":false},"author":1,"featured_media":0,"parent":0,"menu_order":0,"comment_status":"closed","ping_status":"closed","template":"","meta":{"_exactmetrics_skip_tracking":false,"_exactmetrics_sitenote_active":false,"_exactmetrics_sitenote_note":"","_exactmetrics_sitenote_category":0,"footnotes":""},"class_list":["post-3","page","type-page","status-publish","hentry"],"translation":{"provider":"WPGlobus","version":"3.0.2","language":"tr","enabled_languages":["de","tr"],"languages":{"de":{"title":true,"content":true,"excerpt":false},"tr":{"title":true,"content":true,"excerpt":false}}},"yoast_head":"<!-- This site is optimized with the Yoast SEO Premium plugin v26.9 (Yoast SEO v27.3) - https:\/\/yoast.com\/product\/yoast-seo-premium-wordpress\/ -->\n<title>Dr. med. Pinar Grunert &#8226; Gizlilik Politikas\u0131<\/title>\n<meta name=\"robots\" content=\"index, follow, max-snippet:-1, max-image-preview:large, max-video-preview:-1\" \/>\n<link rel=\"canonical\" href=\"https:\/\/grunert-psychotherapie.de\/datenschutzerklaerung\/\" \/>\n<meta property=\"og:locale\" content=\"tr_TR\" \/>\n<meta property=\"og:type\" content=\"article\" \/>\n<meta property=\"og:title\" content=\"Dr. med. Pinar Grunert &#8226; Gizlilik Politikas\u0131\" \/>\n<meta property=\"og:url\" content=\"https:\/\/grunert-psychotherapie.de\/datenschutzerklaerung\/\" \/>\n<meta property=\"og:site_name\" content=\"Dr. med. Pinar Grunert\" \/>\n<meta property=\"article:modified_time\" content=\"2026-01-28T11:05:12+00:00\" \/>\n<meta property=\"og:image\" content=\"https:\/\/grunert-psychotherapie.de\/wp-content\/uploads\/2023\/03\/website_screenshot_pinar-grunert.jpg\" \/>\n\t<meta property=\"og:image:width\" content=\"1200\" \/>\n\t<meta property=\"og:image:height\" content=\"675\" \/>\n\t<meta property=\"og:image:type\" content=\"image\/jpeg\" \/>\n<meta name=\"twitter:card\" content=\"summary_large_image\" \/>\n<meta name=\"twitter:label1\" content=\"Est. reading time\" \/>\n\t<meta name=\"twitter:data1\" content=\"3 minutes\" \/>\n<script type=\"application\/ld+json\" class=\"yoast-schema-graph\">{\"@context\":\"https:\\\/\\\/schema.org\",\"@graph\":[{\"@type\":\"WebPage\",\"@id\":\"https:\\\/\\\/grunert-psychotherapie.de\\\/datenschutzerklaerung\\\/\",\"url\":\"https:\\\/\\\/grunert-psychotherapie.de\\\/datenschutzerklaerung\\\/\",\"name\":\"Dr. med. Pinar Grunert &#8226; Gizlilik Politikas\u0131\",\"isPartOf\":{\"@id\":\"https:\\\/\\\/grunert-psychotherapie.de\\\/#website\"},\"datePublished\":\"2019-08-05T12:07:32+00:00\",\"dateModified\":\"2026-01-28T11:05:12+00:00\",\"description\":\"Dr. med. Pinar Grunert \u2022 Fach\u00e4rztin f\u00fcr Psychosomatische Medizin und Psychotherapie und Psychoanalytikerin in Berlin, muttersprachlich auf deutsch und t\u00fcrkisch, KV-Zulassung\",\"breadcrumb\":{\"@id\":\"https:\\\/\\\/grunert-psychotherapie.de\\\/datenschutzerklaerung\\\/#breadcrumb\"},\"inLanguage\":\"tr-TR\",\"potentialAction\":[{\"@type\":\"ReadAction\",\"target\":[\"https:\\\/\\\/grunert-psychotherapie.de\\\/datenschutzerklaerung\\\/\"]}]},{\"@type\":\"BreadcrumbList\",\"@id\":\"https:\\\/\\\/grunert-psychotherapie.de\\\/datenschutzerklaerung\\\/#breadcrumb\",\"itemListElement\":[{\"@type\":\"ListItem\",\"position\":1,\"name\":\"Startseite\",\"item\":\"https:\\\/\\\/grunert-psychotherapie.de\\\/\"},{\"@type\":\"ListItem\",\"position\":2,\"name\":\"Datenschutzerkl\u00e4rung\"}]},{\"@type\":\"WebSite\",\"@id\":\"https:\\\/\\\/grunert-psychotherapie.de\\\/#website\",\"url\":\"https:\\\/\\\/grunert-psychotherapie.de\\\/\",\"name\":\"Dr. med. Pinar Grunert\",\"description\":\"Fach\u00e4rztin f\u00fcr Psychosomatische Medizin und Psychotherapie in deutscher und t\u00fcrkischer Muttersprache\",\"publisher\":{\"@id\":\"https:\\\/\\\/grunert-psychotherapie.de\\\/#\\\/schema\\\/person\\\/4b53dd21af435bc2960d9ec5a34215ae\"},\"alternateName\":\"Dr. med. Pinar Grunert \u2022 Fach\u00e4rztin f\u00fcr Psychosomatische Medizin und Psychotherapie und Psychoanalytikerin in Berlin, muttersprachlich auf deutsch und t\u00fcrkisch\",\"potentialAction\":[{\"@type\":\"SearchAction\",\"target\":{\"@type\":\"EntryPoint\",\"urlTemplate\":\"https:\\\/\\\/grunert-psychotherapie.de\\\/?s={search_term_string}\"},\"query-input\":{\"@type\":\"PropertyValueSpecification\",\"valueRequired\":true,\"valueName\":\"search_term_string\"}}],\"inLanguage\":\"tr-TR\"},{\"@type\":[\"Person\",\"Organization\"],\"@id\":\"https:\\\/\\\/grunert-psychotherapie.de\\\/#\\\/schema\\\/person\\\/4b53dd21af435bc2960d9ec5a34215ae\",\"name\":\"Dr. med. Pinar Grunert\",\"image\":{\"@type\":\"ImageObject\",\"inLanguage\":\"tr-TR\",\"@id\":\"https:\\\/\\\/grunert-psychotherapie.de\\\/wp-content\\\/uploads\\\/2019\\\/08\\\/start-slider_quadrat_01.jpg\",\"url\":\"https:\\\/\\\/grunert-psychotherapie.de\\\/wp-content\\\/uploads\\\/2019\\\/08\\\/start-slider_quadrat_01.jpg\",\"contentUrl\":\"https:\\\/\\\/grunert-psychotherapie.de\\\/wp-content\\\/uploads\\\/2019\\\/08\\\/start-slider_quadrat_01.jpg\",\"width\":350,\"height\":350,\"caption\":\"Dr. med. Pinar Grunert\"},\"logo\":{\"@id\":\"https:\\\/\\\/grunert-psychotherapie.de\\\/wp-content\\\/uploads\\\/2019\\\/08\\\/start-slider_quadrat_01.jpg\"},\"description\":\"Facharztpraxis f\u00fcr Psychosomatische Medizin und Psychotherapie, Psychoanalyse\",\"sameAs\":[\"https:\\\/\\\/grunert-psychotherapie.de\"],\"honorificPrefix\":\"Dr\",\"honorificSuffix\":\"med\",\"gender\":\"weiblich\",\"knowsAbout\":[\"psychologische Hilfe bei unerf\u00fclltem Kinderwunsch in Berlin\",\"Psychotherapie in Berlin\",\"Psychotherapie f\u00fcr Burnout in Berlin\",\"Psychotherapeutinf\u00fcr Depressionen und \u00c4ngste in Berlin Psychotherapie\",\"Depressionen\",\"\u00c4ngste\",\"Stress assoziierte Erkrankungen\",\"unerf\u00fcllter Kinderwunsch\",\"Somatoforme Schmerzen\",\"Tiefenpsychologie\",\"Psychotherapie auf T\u00fcrkisch und Deutsch\",\"Migration\",\"Spezialisierte Therapiegruppen\",\"Fehlgeburt\"],\"knowsLanguage\":[\"Deutsch\",\"T\u00fcrkisch\"],\"jobTitle\":\"Psychotherapeutin\",\"worksFor\":\"Dr. med Pinar Grunert\"}]}<\/script>\n<!-- \/ Yoast SEO Premium plugin. -->","yoast_head_json":{"title":"Dr. med. Pinar Grunert &#8226; Gizlilik Politikas\u0131","robots":{"index":"index","follow":"follow","max-snippet":"max-snippet:-1","max-image-preview":"max-image-preview:large","max-video-preview":"max-video-preview:-1"},"canonical":"https:\/\/grunert-psychotherapie.de\/datenschutzerklaerung\/","og_locale":"tr_TR","og_type":"article","og_title":"Dr. med. Pinar Grunert &#8226; Gizlilik Politikas\u0131","og_url":"https:\/\/grunert-psychotherapie.de\/datenschutzerklaerung\/","og_site_name":"Dr. med. Pinar Grunert","article_modified_time":"2026-01-28T11:05:12+00:00","og_image":[{"width":1200,"height":675,"url":"https:\/\/grunert-psychotherapie.de\/wp-content\/uploads\/2023\/03\/website_screenshot_pinar-grunert.jpg","type":"image\/jpeg"}],"twitter_card":"summary_large_image","twitter_misc":{"Est. reading time":"3 minutes"},"schema":{"@context":"https:\/\/schema.org","@graph":[{"@type":"WebPage","@id":"https:\/\/grunert-psychotherapie.de\/datenschutzerklaerung\/","url":"https:\/\/grunert-psychotherapie.de\/datenschutzerklaerung\/","name":"Dr. med. Pinar Grunert &#8226; Gizlilik Politikas\u0131","isPartOf":{"@id":"https:\/\/grunert-psychotherapie.de\/#website"},"datePublished":"2019-08-05T12:07:32+00:00","dateModified":"2026-01-28T11:05:12+00:00","description":"Dr. med. Pinar Grunert \u2022 Fach\u00e4rztin f\u00fcr Psychosomatische Medizin und Psychotherapie und Psychoanalytikerin in Berlin, muttersprachlich auf deutsch und t\u00fcrkisch, KV-Zulassung","breadcrumb":{"@id":"https:\/\/grunert-psychotherapie.de\/datenschutzerklaerung\/#breadcrumb"},"inLanguage":"tr-TR","potentialAction":[{"@type":"ReadAction","target":["https:\/\/grunert-psychotherapie.de\/datenschutzerklaerung\/"]}]},{"@type":"BreadcrumbList","@id":"https:\/\/grunert-psychotherapie.de\/datenschutzerklaerung\/#breadcrumb","itemListElement":[{"@type":"ListItem","position":1,"name":"Startseite","item":"https:\/\/grunert-psychotherapie.de\/"},{"@type":"ListItem","position":2,"name":"Datenschutzerkl\u00e4rung"}]},{"@type":"WebSite","@id":"https:\/\/grunert-psychotherapie.de\/#website","url":"https:\/\/grunert-psychotherapie.de\/","name":"Dr. med. Pinar Grunert","description":"Fach\u00e4rztin f\u00fcr Psychosomatische Medizin und Psychotherapie in deutscher und t\u00fcrkischer Muttersprache","publisher":{"@id":"https:\/\/grunert-psychotherapie.de\/#\/schema\/person\/4b53dd21af435bc2960d9ec5a34215ae"},"alternateName":"Dr. med. Pinar Grunert \u2022 Fach\u00e4rztin f\u00fcr Psychosomatische Medizin und Psychotherapie und Psychoanalytikerin in Berlin, muttersprachlich auf deutsch und t\u00fcrkisch","potentialAction":[{"@type":"SearchAction","target":{"@type":"EntryPoint","urlTemplate":"https:\/\/grunert-psychotherapie.de\/?s={search_term_string}"},"query-input":{"@type":"PropertyValueSpecification","valueRequired":true,"valueName":"search_term_string"}}],"inLanguage":"tr-TR"},{"@type":["Person","Organization"],"@id":"https:\/\/grunert-psychotherapie.de\/#\/schema\/person\/4b53dd21af435bc2960d9ec5a34215ae","name":"Dr. med. Pinar Grunert","image":{"@type":"ImageObject","inLanguage":"tr-TR","@id":"https:\/\/grunert-psychotherapie.de\/wp-content\/uploads\/2019\/08\/start-slider_quadrat_01.jpg","url":"https:\/\/grunert-psychotherapie.de\/wp-content\/uploads\/2019\/08\/start-slider_quadrat_01.jpg","contentUrl":"https:\/\/grunert-psychotherapie.de\/wp-content\/uploads\/2019\/08\/start-slider_quadrat_01.jpg","width":350,"height":350,"caption":"Dr. med. Pinar Grunert"},"logo":{"@id":"https:\/\/grunert-psychotherapie.de\/wp-content\/uploads\/2019\/08\/start-slider_quadrat_01.jpg"},"description":"Facharztpraxis f\u00fcr Psychosomatische Medizin und Psychotherapie, Psychoanalyse","sameAs":["https:\/\/grunert-psychotherapie.de"],"honorificPrefix":"Dr","honorificSuffix":"med","gender":"weiblich","knowsAbout":["psychologische Hilfe bei unerf\u00fclltem Kinderwunsch in Berlin","Psychotherapie in Berlin","Psychotherapie f\u00fcr Burnout in Berlin","Psychotherapeutinf\u00fcr Depressionen und \u00c4ngste in Berlin Psychotherapie","Depressionen","\u00c4ngste","Stress assoziierte Erkrankungen","unerf\u00fcllter Kinderwunsch","Somatoforme Schmerzen","Tiefenpsychologie","Psychotherapie auf T\u00fcrkisch und Deutsch","Migration","Spezialisierte Therapiegruppen","Fehlgeburt"],"knowsLanguage":["Deutsch","T\u00fcrkisch"],"jobTitle":"Psychotherapeutin","worksFor":"Dr. med Pinar Grunert"}]}},"_links":{"self":[{"href":"https:\/\/grunert-psychotherapie.de\/tr\/wp-json\/wp\/v2\/pages\/3","targetHints":{"allow":["GET"]}}],"collection":[{"href":"https:\/\/grunert-psychotherapie.de\/tr\/wp-json\/wp\/v2\/pages"}],"about":[{"href":"https:\/\/grunert-psychotherapie.de\/tr\/wp-json\/wp\/v2\/types\/page"}],"author":[{"embeddable":true,"href":"https:\/\/grunert-psychotherapie.de\/tr\/wp-json\/wp\/v2\/users\/1"}],"replies":[{"embeddable":true,"href":"https:\/\/grunert-psychotherapie.de\/tr\/wp-json\/wp\/v2\/comments?post=3"}],"version-history":[{"count":0,"href":"https:\/\/grunert-psychotherapie.de\/tr\/wp-json\/wp\/v2\/pages\/3\/revisions"}],"wp:attachment":[{"href":"https:\/\/grunert-psychotherapie.de\/tr\/wp-json\/wp\/v2\/media?parent=3"}],"curies":[{"name":"wp","href":"https:\/\/api.w.org\/{rel}","templated":true}]}}