{"id":425,"date":"2019-08-20T16:55:27","date_gmt":"2019-08-20T14:55:27","guid":{"rendered":"https:\/\/grunert-psychotherapie.de\/?page_id=425"},"modified":"2026-02-11T09:34:10","modified_gmt":"2026-02-11T08:34:10","slug":"junge-erwachsene","status":"publish","type":"page","link":"https:\/\/grunert-psychotherapie.de\/tr\/behandlungsschwerpunkte\/junge-erwachsene\/","title":{"rendered":"Gen\u00e7 yeti\u015fkinler"},"content":{"rendered":"<h1>Gen\u00e7 Yeti\u015fkinler i\u00e7in \u00d6zel Terapi Grubu (25 ila 35 ya\u015f)<\/h1>\n<h2>Analitik-etkile\u015fimsel uzun s\u00fcreli grup terapisi<\/h2>\n<p>20&#8217;li ya\u015flar\u0131n ortas\u0131ndan 30&#8217;lu ya\u015flar\u0131n ortas\u0131na kadar olan ya\u015fam d\u00f6nemi, zaman ve duygu a\u00e7\u0131s\u0131ndan \u00f6zellikle zorlu bir ge\u00e7i\u015f d\u00f6nemidir: mesleki y\u00f6n belirleme, istikrarl\u0131 ili\u015fkiler kurma, finansal ve varolu\u015fsal kararlar alma ve kendi kimli\u011fini daha da geli\u015ftirme \u00f6n plandad\u0131r. Bir\u00e7ok ki\u015fi bu ya\u015fam evresinde belirsizlik, \u015f\u00fcphe ve artan i\u00e7 \u00e7at\u0131\u015fmalar ya\u015far.<\/p>\n<p>Bu ya\u015f grubunda, depresyon, kayg\u0131, kimlik ve ili\u015fki \u00e7at\u0131\u015fmalar\u0131 gibi psikolojik y\u00fckler \u00f6zellikle s\u0131k g\u00f6r\u00fcl\u00fcr, \u00e7\u00fcnk\u00fc devam eden geli\u015fim g\u00f6revleri duygusal deneyimler ve i\u00e7 \u00e7at\u0131\u015fmalarla g\u00fc\u00e7l\u00fc bir \u015fekilde i\u00e7 i\u00e7e ge\u00e7mi\u015ftir. Bu a\u015fama, benlik ve mesleki kimli\u011fin ilerleyen geli\u015fimi, ebeveyn evinden daha fazla (i\u00e7sel) kopma ve istikrarl\u0131 sosyal ba\u011flar kurma ile yak\u0131ndan ba\u011flant\u0131l\u0131d\u0131r.<\/p>\n<p>Analitik-etkile\u015fimsel grup terapisi nedir?<\/p>\n<p>Analitik-etkile\u015fimsel bir grupta, sadece \u015fikayetler \u00fczerinde de\u011fil, bu \u015fikayetlerin alt\u0131nda yatan ili\u015fki, benlik ve rol kal\u0131plar\u0131 \u00fczerinde de \u00e7al\u0131\u015f\u0131r\u0131z. Grup, ili\u015fki deneyimlerinin ortaya \u00e7\u0131kt\u0131\u011f\u0131, yans\u0131t\u0131ld\u0131\u011f\u0131 ve \u00fczerinde d\u00fc\u015f\u00fcn\u00fcl\u00fcp de\u011ferlendirildi\u011fi bir sosyal alan haline gelir. Kat\u0131l\u0131mc\u0131lar, grup ile birlikte, genellikle erken d\u00f6nem deneyimlerinden kaynaklanan ve \u015fimdiki zamanda tekrarlanan bilin\u00e7d\u0131\u015f\u0131 duygu ve ili\u015fki kal\u0131plar\u0131n\u0131 tan\u0131may\u0131 \u00f6\u011frenirler.<\/p>\n<p>Uzun s\u00fcreli terapi grubunda, a\u015fa\u011f\u0131dakilerin ger\u00e7ekle\u015ftirilebilece\u011fi g\u00fcvenli bir ortam sunuyoruz:<\/p>\n<p>Duygular\u0131n, ili\u015fki deneyimlerinin ve \u00e7at\u0131\u015fmalar\u0131n fark\u0131na var\u0131lmas\u0131,<\/p>\n<p>Ki\u015fileraras\u0131 etkile\u015fimlerde tekrarlayan davran\u0131\u015f ve ili\u015fki kal\u0131plar\u0131n\u0131n deneyimlenmesi,<\/p>\n<p>Gruptan gelen geri bildirimler sayesinde yeni bak\u0131\u015f a\u00e7\u0131lar\u0131, hareket alanlar\u0131 ve daha derin bir \u00f6z-anlay\u0131\u015f\u0131n geli\u015ftirilmesi.<\/p>\n<p>Ortak payla\u015f\u0131mlarda, hem ba\u015fkalar\u0131yla etkile\u015fimde hem de kendi i\u00e7imizde deneyim ve davran\u0131\u015f kal\u0131plar\u0131 yans\u0131t\u0131l\u0131r. Bu, kimlik olu\u015fumunu destekler, kendi ihtiya\u00e7lar\u0131m\u0131z\u0131n daha derinlemesine anla\u015f\u0131lmas\u0131n\u0131 te\u015fvik eder ve duygusal d\u00fczenleme ve \u00f6z yans\u0131tmay\u0131 g\u00fc\u00e7lendirir.<\/p>\n<p>Gruplar\u0131m, kimlik veya ya\u015fam y\u00f6nelimi a\u015famas\u0131nda olan, tekrarlayan depresif veya kayg\u0131 dolu deneyimler ya\u015fayan veya ili\u015fki \u00e7at\u0131\u015fmalar\u0131 i\u00e7inde olan ve derinlemesine bir psikodinamik s\u00fcrece ilgi duyan 25 ila 35 ya\u015f aras\u0131 gen\u00e7 yeti\u015fkinlere y\u00f6neliktir.<\/p>\n<p>\u0130lk g\u00f6r\u00fc\u015fme ve muayenehanemdeki di\u011fer t\u00fcm hizmetlerin masraflar\u0131 sa\u011fl\u0131k sigortan\u0131z taraf\u0131ndan kar\u015f\u0131lan\u0131r. Sevk gerekmez.<\/p>\n<p>S\u00fcre\u00e7, hedefler ve somut konular hakk\u0131nda ba\u015fka sorular\u0131n\u0131z varsa veya ilk g\u00f6r\u00fc\u015fmeyle ilgileniyorsan\u0131z, sizinle g\u00f6r\u00fc\u015fmekten memnuniyet duyar\u0131m.<\/p>\n<p>Dan\u0131\u015fmanl\u0131k ve \u00f6n g\u00f6r\u00fc\u015fme randevusu i\u00e7in <a href=\"https:\/\/grunert-psychotherapie.de\/tr\/kontakt\/\">e-posta<\/a> yoluyla ya da <a href=\"https:\/\/www.jameda.de\/pinar-grunert\/psychosomatiker-aerztlicher-psychotherapeut-psychoanalyse\/berlin\" target=\"_blank\" rel=\"noopener\">Jameda<\/a> veya <a href=\"https:\/\/www.doctolib.de\/psychosomatische-medizin-psychotherapie\/berlin\/pinar-grunert\" target=\"_blank\" rel=\"noopener\">Doctolib<\/a> randevu platformlar\u0131 \u00fczerinden psikoterapi dan\u0131\u015fma saatim i\u00e7in randevu alabilirsiniz.<\/p>\n","protected":false},"excerpt":{"rendered":"<p>Gen\u00e7 Yeti\u015fkinler i\u00e7in \u00d6zel Terapi Grubu (25 ila 35 ya\u015f) Analitik-etkile\u015fimsel uzun s\u00fcreli grup terapisi 20&#8217;li ya\u015flar\u0131n ortas\u0131ndan 30&#8217;lu ya\u015flar\u0131n &hellip; <a href=\"https:\/\/grunert-psychotherapie.de\/tr\/behandlungsschwerpunkte\/junge-erwachsene\/\">Daha Fazlas\u0131n\u0131 Oku<\/a><\/p>\n","protected":false},"author":1,"featured_media":0,"parent":341,"menu_order":0,"comment_status":"closed","ping_status":"closed","template":"","meta":{"_exactmetrics_skip_tracking":false,"_exactmetrics_sitenote_active":false,"_exactmetrics_sitenote_note":"","_exactmetrics_sitenote_category":0,"footnotes":""},"class_list":["post-425","page","type-page","status-publish","hentry"],"translation":{"provider":"WPGlobus","version":"3.0.2","language":"tr","enabled_languages":["de","tr"],"languages":{"de":{"title":true,"content":true,"excerpt":false},"tr":{"title":true,"content":true,"excerpt":false}}},"yoast_head":"<!-- This site is optimized with the Yoast SEO Premium plugin v26.9 (Yoast SEO v27.5) - https:\/\/yoast.com\/product\/yoast-seo-premium-wordpress\/ -->\n<title>Dr. med. Pinar Grunert \u2022 Psychotherapeutin f\u00fcr junge Erwachsene in Berlin &#8226; Gen\u00e7 yeti\u015fkinler<\/title>\n<meta name=\"description\" content=\"Dr. med. P\u0131nar Grunert \u2022 Berlin&#039;de psikosomatik t\u0131p ve psikoterapi uzman\u0131 ve psikanalist, anadili Almanca ve T\u00fcrk\u00e7e, KV lisans\u0131\" \/>\n<meta name=\"robots\" content=\"index, follow, max-snippet:-1, max-image-preview:large, max-video-preview:-1\" \/>\n<link rel=\"canonical\" href=\"https:\/\/grunert-psychotherapie.de\/behandlungsschwerpunkte\/junge-erwachsene\/\" \/>\n<meta property=\"og:locale\" content=\"tr_TR\" \/>\n<meta property=\"og:type\" content=\"article\" \/>\n<meta property=\"og:title\" content=\"Dr. med. Pinar Grunert &#8226; Gen\u00e7 yeti\u015fkinler\" \/>\n<meta property=\"og:description\" content=\"Dr. med. P\u0131nar Grunert \u2022 Berlin&#039;de psikosomatik t\u0131p ve psikoterapi uzman\u0131 ve psikanalist, anadili Almanca ve T\u00fcrk\u00e7e, KV lisans\u0131\" \/>\n<meta property=\"og:url\" content=\"https:\/\/grunert-psychotherapie.de\/behandlungsschwerpunkte\/junge-erwachsene\/\" \/>\n<meta property=\"og:site_name\" content=\"Dr. med. Pinar Grunert\" \/>\n<meta property=\"article:modified_time\" content=\"2026-02-11T08:34:10+00:00\" \/>\n<meta property=\"og:image\" content=\"https:\/\/grunert-psychotherapie.de\/wp-content\/uploads\/2023\/03\/website_screenshot_pinar-grunert.jpg\" \/>\n\t<meta property=\"og:image:width\" content=\"1200\" \/>\n\t<meta property=\"og:image:height\" content=\"675\" \/>\n\t<meta property=\"og:image:type\" content=\"image\/jpeg\" \/>\n<meta name=\"twitter:card\" content=\"summary_large_image\" \/>\n<meta name=\"twitter:label1\" content=\"Est. reading time\" \/>\n\t<meta name=\"twitter:data1\" content=\"3 minutes\" \/>\n<script type=\"application\/ld+json\" class=\"yoast-schema-graph\">{\"@context\":\"https:\\\/\\\/schema.org\",\"@graph\":[{\"@type\":\"WebPage\",\"@id\":\"https:\\\/\\\/grunert-psychotherapie.de\\\/behandlungsschwerpunkte\\\/junge-erwachsene\\\/\",\"url\":\"https:\\\/\\\/grunert-psychotherapie.de\\\/behandlungsschwerpunkte\\\/junge-erwachsene\\\/\",\"name\":\"Dr. med. Pinar Grunert \u2022 Psychotherapeutin f\u00fcr junge Erwachsene in Berlin &#8226; Gen\u00e7 yeti\u015fkinler\",\"isPartOf\":{\"@id\":\"https:\\\/\\\/grunert-psychotherapie.de\\\/#website\"},\"datePublished\":\"2019-08-20T14:55:27+00:00\",\"dateModified\":\"2026-02-11T08:34:10+00:00\",\"description\":\"Dr. med. Pinar Grunert \u2022 Fach\u00e4rztin f\u00fcr Psychosomatische Medizin und Psychotherapie und Psychoanalytikerin in Berlin, muttersprachlich auf deutsch und t\u00fcrkisch, KV-Zulassung\",\"breadcrumb\":{\"@id\":\"https:\\\/\\\/grunert-psychotherapie.de\\\/behandlungsschwerpunkte\\\/junge-erwachsene\\\/#breadcrumb\"},\"inLanguage\":\"tr-TR\",\"potentialAction\":[{\"@type\":\"ReadAction\",\"target\":[\"https:\\\/\\\/grunert-psychotherapie.de\\\/behandlungsschwerpunkte\\\/junge-erwachsene\\\/\"]}]},{\"@type\":\"BreadcrumbList\",\"@id\":\"https:\\\/\\\/grunert-psychotherapie.de\\\/behandlungsschwerpunkte\\\/junge-erwachsene\\\/#breadcrumb\",\"itemListElement\":[{\"@type\":\"ListItem\",\"position\":1,\"name\":\"Startseite\",\"item\":\"https:\\\/\\\/grunert-psychotherapie.de\\\/\"},{\"@type\":\"ListItem\",\"position\":2,\"name\":\"Meine Behandlungsschwerpunkte\",\"item\":\"https:\\\/\\\/grunert-psychotherapie.de\\\/behandlungsschwerpunkte\\\/\"},{\"@type\":\"ListItem\",\"position\":3,\"name\":\"Junge Erwachsene\"}]},{\"@type\":\"WebSite\",\"@id\":\"https:\\\/\\\/grunert-psychotherapie.de\\\/#website\",\"url\":\"https:\\\/\\\/grunert-psychotherapie.de\\\/\",\"name\":\"Dr. med. Pinar Grunert\",\"description\":\"Fach\u00e4rztin f\u00fcr Psychosomatische Medizin und Psychotherapie in deutscher und t\u00fcrkischer Muttersprache\",\"publisher\":{\"@id\":\"https:\\\/\\\/grunert-psychotherapie.de\\\/#\\\/schema\\\/person\\\/4b53dd21af435bc2960d9ec5a34215ae\"},\"alternateName\":\"Dr. med. Pinar Grunert \u2022 Fach\u00e4rztin f\u00fcr Psychosomatische Medizin und Psychotherapie und Psychoanalytikerin in Berlin, muttersprachlich auf deutsch und t\u00fcrkisch\",\"potentialAction\":[{\"@type\":\"SearchAction\",\"target\":{\"@type\":\"EntryPoint\",\"urlTemplate\":\"https:\\\/\\\/grunert-psychotherapie.de\\\/?s={search_term_string}\"},\"query-input\":{\"@type\":\"PropertyValueSpecification\",\"valueRequired\":true,\"valueName\":\"search_term_string\"}}],\"inLanguage\":\"tr-TR\"},{\"@type\":[\"Person\",\"Organization\"],\"@id\":\"https:\\\/\\\/grunert-psychotherapie.de\\\/#\\\/schema\\\/person\\\/4b53dd21af435bc2960d9ec5a34215ae\",\"name\":\"Dr. med. Pinar Grunert\",\"image\":{\"@type\":\"ImageObject\",\"inLanguage\":\"tr-TR\",\"@id\":\"https:\\\/\\\/grunert-psychotherapie.de\\\/wp-content\\\/uploads\\\/2019\\\/08\\\/start-slider_quadrat_01.jpg\",\"url\":\"https:\\\/\\\/grunert-psychotherapie.de\\\/wp-content\\\/uploads\\\/2019\\\/08\\\/start-slider_quadrat_01.jpg\",\"contentUrl\":\"https:\\\/\\\/grunert-psychotherapie.de\\\/wp-content\\\/uploads\\\/2019\\\/08\\\/start-slider_quadrat_01.jpg\",\"width\":350,\"height\":350,\"caption\":\"Dr. med. Pinar Grunert\"},\"logo\":{\"@id\":\"https:\\\/\\\/grunert-psychotherapie.de\\\/wp-content\\\/uploads\\\/2019\\\/08\\\/start-slider_quadrat_01.jpg\"},\"description\":\"Facharztpraxis f\u00fcr Psychosomatische Medizin und Psychotherapie, Psychoanalyse\",\"sameAs\":[\"https:\\\/\\\/grunert-psychotherapie.de\"],\"honorificPrefix\":\"Dr\",\"honorificSuffix\":\"med\",\"gender\":\"weiblich\",\"knowsAbout\":[\"psychologische Hilfe bei unerf\u00fclltem Kinderwunsch in Berlin\",\"Psychotherapie in Berlin\",\"Psychotherapie f\u00fcr Burnout in Berlin\",\"Psychotherapeutinf\u00fcr Depressionen und \u00c4ngste in Berlin Psychotherapie\",\"Depressionen\",\"\u00c4ngste\",\"Stress assoziierte Erkrankungen\",\"unerf\u00fcllter Kinderwunsch\",\"Somatoforme Schmerzen\",\"Tiefenpsychologie\",\"Psychotherapie auf T\u00fcrkisch und Deutsch\",\"Migration\",\"Spezialisierte Therapiegruppen\",\"Fehlgeburt\"],\"knowsLanguage\":[\"Deutsch\",\"T\u00fcrkisch\"],\"jobTitle\":\"Psychotherapeutin\",\"worksFor\":\"Dr. med Pinar Grunert\"}]}<\/script>\n<!-- \/ Yoast SEO Premium plugin. -->","yoast_head_json":{"title":"Dr. med. Pinar Grunert \u2022 Psychotherapeutin f\u00fcr junge Erwachsene in Berlin &#8226; Gen\u00e7 yeti\u015fkinler","description":"Dr. med. P\u0131nar Grunert \u2022 Berlin'de psikosomatik t\u0131p ve psikoterapi uzman\u0131 ve psikanalist, anadili Almanca ve T\u00fcrk\u00e7e, KV lisans\u0131","robots":{"index":"index","follow":"follow","max-snippet":"max-snippet:-1","max-image-preview":"max-image-preview:large","max-video-preview":"max-video-preview:-1"},"canonical":"https:\/\/grunert-psychotherapie.de\/behandlungsschwerpunkte\/junge-erwachsene\/","og_locale":"tr_TR","og_type":"article","og_title":"Dr. med. Pinar Grunert &#8226; Gen\u00e7 yeti\u015fkinler","og_description":"Dr. med. P\u0131nar Grunert \u2022 Berlin'de psikosomatik t\u0131p ve psikoterapi uzman\u0131 ve psikanalist, anadili Almanca ve T\u00fcrk\u00e7e, KV lisans\u0131","og_url":"https:\/\/grunert-psychotherapie.de\/behandlungsschwerpunkte\/junge-erwachsene\/","og_site_name":"Dr. med. Pinar Grunert","article_modified_time":"2026-02-11T08:34:10+00:00","og_image":[{"width":1200,"height":675,"url":"https:\/\/grunert-psychotherapie.de\/wp-content\/uploads\/2023\/03\/website_screenshot_pinar-grunert.jpg","type":"image\/jpeg"}],"twitter_card":"summary_large_image","twitter_misc":{"Est. reading time":"3 minutes"},"schema":{"@context":"https:\/\/schema.org","@graph":[{"@type":"WebPage","@id":"https:\/\/grunert-psychotherapie.de\/behandlungsschwerpunkte\/junge-erwachsene\/","url":"https:\/\/grunert-psychotherapie.de\/behandlungsschwerpunkte\/junge-erwachsene\/","name":"Dr. med. Pinar Grunert \u2022 Psychotherapeutin f\u00fcr junge Erwachsene in Berlin &#8226; Gen\u00e7 yeti\u015fkinler","isPartOf":{"@id":"https:\/\/grunert-psychotherapie.de\/#website"},"datePublished":"2019-08-20T14:55:27+00:00","dateModified":"2026-02-11T08:34:10+00:00","description":"Dr. med. Pinar Grunert \u2022 Fach\u00e4rztin f\u00fcr Psychosomatische Medizin und Psychotherapie und Psychoanalytikerin in Berlin, muttersprachlich auf deutsch und t\u00fcrkisch, KV-Zulassung","breadcrumb":{"@id":"https:\/\/grunert-psychotherapie.de\/behandlungsschwerpunkte\/junge-erwachsene\/#breadcrumb"},"inLanguage":"tr-TR","potentialAction":[{"@type":"ReadAction","target":["https:\/\/grunert-psychotherapie.de\/behandlungsschwerpunkte\/junge-erwachsene\/"]}]},{"@type":"BreadcrumbList","@id":"https:\/\/grunert-psychotherapie.de\/behandlungsschwerpunkte\/junge-erwachsene\/#breadcrumb","itemListElement":[{"@type":"ListItem","position":1,"name":"Startseite","item":"https:\/\/grunert-psychotherapie.de\/"},{"@type":"ListItem","position":2,"name":"Meine Behandlungsschwerpunkte","item":"https:\/\/grunert-psychotherapie.de\/behandlungsschwerpunkte\/"},{"@type":"ListItem","position":3,"name":"Junge Erwachsene"}]},{"@type":"WebSite","@id":"https:\/\/grunert-psychotherapie.de\/#website","url":"https:\/\/grunert-psychotherapie.de\/","name":"Dr. med. Pinar Grunert","description":"Fach\u00e4rztin f\u00fcr Psychosomatische Medizin und Psychotherapie in deutscher und t\u00fcrkischer Muttersprache","publisher":{"@id":"https:\/\/grunert-psychotherapie.de\/#\/schema\/person\/4b53dd21af435bc2960d9ec5a34215ae"},"alternateName":"Dr. med. Pinar Grunert \u2022 Fach\u00e4rztin f\u00fcr Psychosomatische Medizin und Psychotherapie und Psychoanalytikerin in Berlin, muttersprachlich auf deutsch und t\u00fcrkisch","potentialAction":[{"@type":"SearchAction","target":{"@type":"EntryPoint","urlTemplate":"https:\/\/grunert-psychotherapie.de\/?s={search_term_string}"},"query-input":{"@type":"PropertyValueSpecification","valueRequired":true,"valueName":"search_term_string"}}],"inLanguage":"tr-TR"},{"@type":["Person","Organization"],"@id":"https:\/\/grunert-psychotherapie.de\/#\/schema\/person\/4b53dd21af435bc2960d9ec5a34215ae","name":"Dr. med. Pinar Grunert","image":{"@type":"ImageObject","inLanguage":"tr-TR","@id":"https:\/\/grunert-psychotherapie.de\/wp-content\/uploads\/2019\/08\/start-slider_quadrat_01.jpg","url":"https:\/\/grunert-psychotherapie.de\/wp-content\/uploads\/2019\/08\/start-slider_quadrat_01.jpg","contentUrl":"https:\/\/grunert-psychotherapie.de\/wp-content\/uploads\/2019\/08\/start-slider_quadrat_01.jpg","width":350,"height":350,"caption":"Dr. med. Pinar Grunert"},"logo":{"@id":"https:\/\/grunert-psychotherapie.de\/wp-content\/uploads\/2019\/08\/start-slider_quadrat_01.jpg"},"description":"Facharztpraxis f\u00fcr Psychosomatische Medizin und Psychotherapie, Psychoanalyse","sameAs":["https:\/\/grunert-psychotherapie.de"],"honorificPrefix":"Dr","honorificSuffix":"med","gender":"weiblich","knowsAbout":["psychologische Hilfe bei unerf\u00fclltem Kinderwunsch in Berlin","Psychotherapie in Berlin","Psychotherapie f\u00fcr Burnout in Berlin","Psychotherapeutinf\u00fcr Depressionen und \u00c4ngste in Berlin Psychotherapie","Depressionen","\u00c4ngste","Stress assoziierte Erkrankungen","unerf\u00fcllter Kinderwunsch","Somatoforme Schmerzen","Tiefenpsychologie","Psychotherapie auf T\u00fcrkisch und Deutsch","Migration","Spezialisierte Therapiegruppen","Fehlgeburt"],"knowsLanguage":["Deutsch","T\u00fcrkisch"],"jobTitle":"Psychotherapeutin","worksFor":"Dr. med Pinar Grunert"}]}},"_links":{"self":[{"href":"https:\/\/grunert-psychotherapie.de\/tr\/wp-json\/wp\/v2\/pages\/425","targetHints":{"allow":["GET"]}}],"collection":[{"href":"https:\/\/grunert-psychotherapie.de\/tr\/wp-json\/wp\/v2\/pages"}],"about":[{"href":"https:\/\/grunert-psychotherapie.de\/tr\/wp-json\/wp\/v2\/types\/page"}],"author":[{"embeddable":true,"href":"https:\/\/grunert-psychotherapie.de\/tr\/wp-json\/wp\/v2\/users\/1"}],"replies":[{"embeddable":true,"href":"https:\/\/grunert-psychotherapie.de\/tr\/wp-json\/wp\/v2\/comments?post=425"}],"version-history":[{"count":0,"href":"https:\/\/grunert-psychotherapie.de\/tr\/wp-json\/wp\/v2\/pages\/425\/revisions"}],"up":[{"embeddable":true,"href":"https:\/\/grunert-psychotherapie.de\/tr\/wp-json\/wp\/v2\/pages\/341"}],"wp:attachment":[{"href":"https:\/\/grunert-psychotherapie.de\/tr\/wp-json\/wp\/v2\/media?parent=425"}],"curies":[{"name":"wp","href":"https:\/\/api.w.org\/{rel}","templated":true}]}}