{"id":457,"date":"2019-08-21T12:37:11","date_gmt":"2019-08-21T10:37:11","guid":{"rendered":"https:\/\/grunert-psychotherapie.de\/?page_id=457"},"modified":"2026-02-11T09:35:10","modified_gmt":"2026-02-11T08:35:10","slug":"junge-erwachsene-2","status":"publish","type":"page","link":"https:\/\/grunert-psychotherapie.de\/tr\/behandlungsschwerpunkte\/junge-erwachsene-2\/","title":{"rendered":"\u00c7ocuk sahibi olma arzusu"},"content":{"rendered":"<h1>\u00c7ocuk sahibi olma arzusu ger\u00e7ekle\u015fmemi\u015f kad\u0131nlar i\u00e7in \u00f6zel terapi grubu<\/h1>\n<p>Ger\u00e7ekle\u015fmeyen \u00e7ocuk sahibi olma arzusu b\u00fcy\u00fck bir y\u00fckt\u00fcr.<\/p>\n<p>Bir \u00e7ift &#8211; genellikle y\u0131llarca korunduktan sonra &#8211; \u00e7ocuk sahibi olma isteklerini ger\u00e7ekle\u015ftirmeye karar verirse, hamileli\u011fin ger\u00e7ekle\u015fmemesi kontrol kayb\u0131, \u00e7aresizlik ve ba\u011f\u0131ml\u0131l\u0131k duygular\u0131n\u0131n ya\u015fanmas\u0131na neden olabilir. Bu duygular, ge\u00e7mi\u015fte bir aile kurmay\u0131 planlamak \u00e7ift i\u00e7in ne kadar \u00f6nemliyse, yani di\u011fer ya\u015fam hedeflerine ne kadar \u00f6ncelik verilmi\u015f ve ula\u015f\u0131lm\u0131\u015fsa o kadar yo\u011fun ya\u015fanmaktad\u0131r. Yap\u0131labilirli\u011fin s\u0131n\u0131rlar\u0131yla aniden y\u00fczle\u015fmek \u00e7iftin dengesini bozabilir. \u0130stem d\u0131\u015f\u0131 \u00e7ocuksuzluk deneyimi ne kadar uzun s\u00fcrerse, genellikle su\u00e7luluk duygusuyla i\u015flenen ve ek \u00f6z sayg\u0131 sorunlar\u0131na yol a\u00e7abilen \u015fikayet ve k\u0131skan\u00e7l\u0131k duygular\u0131 o kadar \u00fcz\u00fcc\u00fc hale gelebilir. Bir\u00e7ok \u00e7ift daha sonra \u00f6nceki sosyal \u00e7evrelerine k\u0131smen yabanc\u0131la\u015ft\u0131\u011f\u0131ndan, belirli bir sosyal geri \u00e7ekilme meydana gelebilir. Bu da \u00e7ocuk do\u011furma konusuna ba\u015fkalar\u0131n\u0131n yard\u0131m\u0131yla daha mesafeli bir \u015fekilde bakma ve yeni bak\u0131\u015f a\u00e7\u0131lar\u0131 benimsemek i\u00e7in ilham alma olanaklar\u0131n\u0131 azalt\u0131r. Buna ek olarak, izolasyon \u00e7ift ili\u015fkisinde a\u015f\u0131r\u0131 taleplere katk\u0131da bulunabilir ve bu da genellikle kendini cinsel bozukluklarla ifade eder. Bu bir k\u0131s\u0131r d\u00f6ng\u00fc yarat\u0131r.<\/p>\n<p>\u00c7o\u011fu zaman \u00e7iftin kendi ba\u015fa \u00e7\u0131kma kaynaklar\u0131 yeterlidir. Modern \u00fcreme t\u0131bb\u0131 sayesinde bir\u00e7ok \u00e7ift istemeden \u00e7ocuksuz kalma kaderinden kurtulmu\u015ftur, ancak ayn\u0131 zamanda, \u00f6zellikle tedavi i\u00e7in birka\u00e7 d\u00f6ng\u00fc gerekiyorsa, ac\u0131 \u00e7ekme yolu \u00f6nemli \u00f6l\u00e7\u00fcde uzayabilir ve hatta bazen yo\u011funla\u015fabilir. &#8220;T\u00fcm t\u0131bbi \u00f6nlemleri t\u00fcketiyor muyum ya da s\u0131n\u0131rlar\u0131ma ula\u015ft\u0131\u011f\u0131m\u0131 nas\u0131l anlayabilirim?&#8221; sorusu ac\u0131 verici olabilir ve ba\u015fkalar\u0131n\u0131n merhametine kalm\u0131\u015fl\u0131k, g\u00fc\u00e7s\u00fczl\u00fck, korku ve \u00f6fke duygular\u0131yla y\u00fckl\u00fc olabilir.<\/p>\n<p>Bir\u00e7ok \u00e7ift i\u00e7in belirsizlik \u00e7ok daha erken, yani gebeli\u011fi \u00f6nleyici tedbirlerin kesilmesinden hemen sonra istenen gebelik ba\u015flamad\u0131\u011f\u0131nda da ba\u015flayabilir. \u00d6zellikle kad\u0131nlar erken bir a\u015famada korkular, ruh hali de\u011fi\u015fimleri, ba\u015far\u0131s\u0131zl\u0131k duygular\u0131 vb. ile y\u00fck alt\u0131nda hissederler.<\/p>\n<p>\u0130ster yeni te\u015fhis konmak \u00fczere olun, ister uzun bir tedavi s\u00fcrecinden ge\u00e7mi\u015f olun, kendinizi bask\u0131 alt\u0131nda hissetti\u011finiz anda en az\u0131ndan psikoterap\u00f6tik dan\u0131\u015fmanl\u0131\u011f\u0131 ve gerekirse psikoterap\u00f6tik e\u015fzamanl\u0131 terapiyi d\u00fc\u015f\u00fcnmelisiniz. \u00c7\u00fcnk\u00fc istemsiz \u00e7ocuksuzluk stresi, depresyon, anksiyete ve karma\u015f\u0131k yas benzeri semptomlar\u0131n geli\u015fmesiyle uzun s\u00fcreli psikolojik s\u0131k\u0131nt\u0131 geli\u015ftirme riskini art\u0131r\u0131r.<\/p>\n<p>Psikoterapi masraflar\u0131 (ba\u011flay\u0131c\u0131 olmayan ilk g\u00f6r\u00fc\u015fme dahil) sa\u011fl\u0131k sigortan\u0131z taraf\u0131ndan kar\u015f\u0131lan\u0131r.<\/p>\n<p>Psikoterap\u00f6tik dan\u0131\u015fma saatindeki ilk g\u00f6r\u00fc\u015fme, birbirimizi tan\u0131maya, te\u015fhis koymaya ve prosed\u00fcr\u00fc tart\u0131\u015fmaya hizmet eder.<\/p>\n<p>Tedavimin ana oda\u011f\u0131, \u00e7ocuk sahibi olma arzusunun yerine getirilmemesinden kaynaklanan duygularla ba\u015fa \u00e7\u0131kmak ve \u00fcreme t\u0131bbi \u00f6nlemlerinin ba\u015far\u0131s\u0131ndan ba\u011f\u0131ms\u0131z olarak tedavi d\u00f6ng\u00fcleri s\u0131ras\u0131nda destek olmakt\u0131r.<\/p>\n<p>Bu ama\u00e7la, muayenehanemde \u00e7ocuk sahibi olma arzusu tatmin edilmemi\u015f kad\u0131nlar i\u00e7in \u00f6zel bir terapi grubuna kat\u0131l\u0131m \u00f6neriyorum.<\/p>\n<p>Grup psikoterapisinin bireysel psikoterapiye g\u00f6re bir\u00e7ok avantaj\u0131 vard\u0131r, terap\u00f6tik potansiyel daha y\u00fcksektir. Grup \u00fcyeleri ki\u015fisel alg\u0131lar\u0131, g\u00f6zlemleri, yorumlar\u0131 ve deneyimleriyle birbirlerini zenginle\u015ftirirler. Ki\u015finin kendi duygusal d\u00fcnyas\u0131n\u0131 alg\u0131lamas\u0131 ve bir terapi grubunda bununla ilgili ortak payla\u015f\u0131mlarda bulunmas\u0131 karma\u015f\u0131k ba\u015fa \u00e7\u0131kma, b\u00fcy\u00fcme ve iyile\u015fme s\u00fcre\u00e7lerini ba\u015flat\u0131r. Uzmanla\u015fm\u0131\u015f bir grup ayn\u0131 zamanda size etkilenen ki\u015filerle deneyim al\u0131\u015fveri\u015finde bulunmak i\u00e7in \u00f6zel bir f\u0131rsat sunar. Desteklendi\u011finizi ve anla\u015f\u0131ld\u0131\u011f\u0131n\u0131z\u0131 hissedersiniz, izolasyon hissi k\u0131r\u0131l\u0131r.<\/p>\n<p>Size ayr\u0131nt\u0131l\u0131 bilgi vermekten mutluluk duyaca\u011f\u0131m.<\/p>\n<p>Dan\u0131\u015fmanl\u0131k ve \u00f6n g\u00f6r\u00fc\u015fme randevusu i\u00e7in <a href=\"https:\/\/grunert-psychotherapie.de\/tr\/kontakt\/\">e-posta<\/a> yoluyla ya da <a href=\"https:\/\/www.jameda.de\/pinar-grunert\/psychosomatiker-aerztlicher-psychotherapeut-psychoanalyse\/berlin\" target=\"_blank\" rel=\"noopener\">Jameda<\/a> veya <a href=\"https:\/\/www.doctolib.de\/psychosomatische-medizin-psychotherapie\/berlin\/pinar-grunert\" target=\"_blank\" rel=\"noopener\">Doctolib<\/a> randevu platformlar\u0131 \u00fczerinden psikoterapi dan\u0131\u015fma saatim i\u00e7in randevu alabilirsiniz.<\/p>\n<p>&nbsp;<\/p>\n<p>Di\u011fer ba\u011flant\u0131lar:<\/p>\n<p><a href=\"https:\/\/fertilitaet.de\">Praxis f\u00fcr Fertilit\u00e4t &#8211; Kinderwunsch- und Endometriosezentrum<\/a><\/p>\n<p><a href=\"https:\/\/www.kinderwunschpraxis-berlin.de\">Kinderwunschzentrum am Innsbrucker Platz<\/a><\/p>\n<p><a href=\"https:\/\/www.medicover.de\/de\/facilities\/medicover-berlin-mitte-genetische-beratung\/about\">Medicover Humangenetik Berlin-Mitte MVZ<\/a><\/p>\n<p><a href=\"https:\/\/urologie.charite.de\/fuer_patienten\/krankheitsbilder\/unerfuellter_kinderwunsch\/\">Charit\u00e9 &#8211; Klinik f\u00fcr Urologie<\/a><\/p>\n<p><a href=\"https:\/\/www.kinderwunschzentrum-potsdam.org\">Kinderwunschzentrum Potsdam<\/a><\/p>\n<p>&nbsp;<\/p>\n<p>Daha fazla bilgi:<\/p>\n<p>Ne zaman yerine getirilmemi\u015f bir \u00e7ocuk sahibi olma arzusundan bahsederiz?<\/p>\n<p>&nbsp;<\/p>\n<p>DS\u00d6&#8217;n\u00fcn tan\u0131m\u0131na g\u00f6re, korunmas\u0131z, d\u00fczenli cinsel ili\u015fkiye ra\u011fmen bir y\u0131l i\u00e7inde gebelik olu\u015fmam\u0131\u015fsa, bir kad\u0131n\u0131n \u00e7ocuk sahibi olma iste\u011finin yerine getirilmedi\u011fi s\u00f6ylenir.<\/p>\n<p>&nbsp;<\/p>\n<p>Ger\u00e7ekle\u015fmemi\u015f \u00e7ocuk sahibi olma arzusu ne s\u0131kl\u0131kla g\u00f6r\u00fcl\u00fcr?<\/p>\n<p>&nbsp;<\/p>\n<p>On y\u0131l \u00f6nce, her on \u00e7iftten birinin k\u0131s\u0131rl\u0131ktan muzdarip oldu\u011fu varsay\u0131l\u0131yordu. Bug\u00fcn ise her alt\u0131 \u00e7iftten birinin \u00e7ocuk sahibi olma arzusunu ger\u00e7ekle\u015ftirmede sorun ya\u015fad\u0131\u011f\u0131 tahmin edilmektedir.<\/p>\n<p>&nbsp;<\/p>\n<p>Nereye ba\u015fvurabilirim, nerede yard\u0131m ve destek bulabilirim?<\/p>\n<p>&nbsp;<\/p>\n<p>Bir \u00e7ift uzun s\u00fcredir gebe kalmaya \u00e7al\u0131\u015f\u0131yorsa ve hamilelik ger\u00e7ekle\u015fmiyorsa, hangi yard\u0131m\u0131n (dan\u0131\u015fmanl\u0131k ve tedavi) mevcut oldu\u011fu sorusu ortaya \u00e7\u0131kar. Bu soruyla ilgili olarak ba\u015fvurabilece\u011finiz ilk ki\u015fi jinekolo\u011funuzdur. Bir Google aramas\u0131 da size baz\u0131 ilk cevaplar verecektir, ancak her \u015feyden \u00f6nce size b\u00f6lgenizdeki do\u011furganl\u0131k kliniklerini ve neler sunabileceklerini g\u00f6sterecektir.<\/p>\n<p>&nbsp;<\/p>\n<p>Bununla birlikte, bir do\u011furganl\u0131k klini\u011finde tedavi s\u0131ras\u0131nda e\u015flik eden terapi \u015feklinde psikolojik yard\u0131m, dan\u0131\u015fmanl\u0131k ve destek alma hakk\u0131n\u0131z oldu\u011fundan genellikle bahsedilmez.<\/p>\n<p>&nbsp;<\/p>\n<p>Bir\u00e7ok kad\u0131n, yerine getirilemeyen \u00e7ocuk sahibi olma arzusu konusuyla y\u00fczle\u015fmelerinin ba\u015flang\u0131c\u0131nda zorluklarla y\u00fczle\u015fmek ister ve o anda ve ilerleyen s\u00fcre\u00e7te ne kadar b\u00fcy\u00fck bir psikolojik y\u00fck alt\u0131nda olduklar\u0131n\u0131 fark etmeyebilirler. Bir\u00e7ok kad\u0131n ve \u00e7ift de \u00e7at\u0131\u015fmalar ve streslerle kendi ba\u015flar\u0131na ba\u015fa \u00e7\u0131kmaya al\u0131\u015fk\u0131nd\u0131r. Kelimenin tam anlam\u0131yla psikolojik olarak hasta olmad\u0131klar\u0131, ancak &#8220;sadece&#8221; \u00e7ok stresli olduklar\u0131 i\u00e7in, i\u015flevlerini yerine getiremedikleri s\u00fcrece psikolojik yard\u0131m alabileceklerini ve hatta bunun masraflar\u0131n\u0131n &#8211; burada Almanya&#8217;da &#8211; sa\u011fl\u0131k sigortalar\u0131 taraf\u0131ndan kar\u015f\u0131land\u0131\u011f\u0131n\u0131 d\u00fc\u015f\u00fcnmezler.<\/p>\n<p>&nbsp;<\/p>\n<p>Tedavi ve yerine getirilemeyen \u00e7ocuk sahibi olma arzusuyla ba\u015fa \u00e7\u0131kma s\u00fcrecinde bir\u00e7ok soru ortaya \u00e7\u0131k\u0131yor.<\/p>\n<p><em>\u00a0 \u00a0 \u00a0&#8230;. Di\u011fer i\u015flemler a\u015fa\u011f\u0131daki gibidir &#8230;.<\/em><\/p>\n<p>&nbsp;<\/p>\n","protected":false},"excerpt":{"rendered":"<p>\u00c7ocuk sahibi olma arzusu ger\u00e7ekle\u015fmemi\u015f kad\u0131nlar i\u00e7in \u00f6zel terapi grubu Ger\u00e7ekle\u015fmeyen \u00e7ocuk sahibi olma arzusu b\u00fcy\u00fck bir y\u00fckt\u00fcr. Bir \u00e7ift &hellip; <a href=\"https:\/\/grunert-psychotherapie.de\/tr\/behandlungsschwerpunkte\/junge-erwachsene-2\/\">Daha Fazlas\u0131n\u0131 Oku<\/a><\/p>\n","protected":false},"author":1,"featured_media":0,"parent":341,"menu_order":0,"comment_status":"closed","ping_status":"closed","template":"","meta":{"_exactmetrics_skip_tracking":false,"_exactmetrics_sitenote_active":false,"_exactmetrics_sitenote_note":"","_exactmetrics_sitenote_category":0,"footnotes":""},"class_list":["post-457","page","type-page","status-publish","hentry"],"translation":{"provider":"WPGlobus","version":"3.0.2","language":"tr","enabled_languages":["de","tr"],"languages":{"de":{"title":true,"content":true,"excerpt":false},"tr":{"title":true,"content":true,"excerpt":false}}},"yoast_head":"<!-- This site is optimized with the Yoast SEO Premium plugin v26.9 (Yoast SEO v27.5) - https:\/\/yoast.com\/product\/yoast-seo-premium-wordpress\/ -->\n<title>Dr. med. Pinar Grunert \u2022 Psychotherapeutin f\u00fcr Kinderw\u00fcnsche in Berlin &#8226; \u00c7ocuk sahibi olma arzusu<\/title>\n<meta name=\"description\" content=\"Dr. med. P\u0131nar Grunert \u2022 Berlin&#039;de psikosomatik t\u0131p ve psikoterapi uzman\u0131 ve psikanalist, anadili Almanca ve T\u00fcrk\u00e7e, KV lisans\u0131\" \/>\n<meta name=\"robots\" content=\"index, follow, max-snippet:-1, max-image-preview:large, max-video-preview:-1\" \/>\n<link rel=\"canonical\" href=\"https:\/\/grunert-psychotherapie.de\/behandlungsschwerpunkte\/junge-erwachsene-2\/\" \/>\n<meta property=\"og:locale\" content=\"tr_TR\" \/>\n<meta property=\"og:type\" content=\"article\" \/>\n<meta property=\"og:title\" content=\"Dr. med. Pinar Grunert &#8226; \u00c7ocuk sahibi olma arzusu\" \/>\n<meta property=\"og:description\" content=\"Dr. med. P\u0131nar Grunert \u2022 Berlin&#039;de psikosomatik t\u0131p ve psikoterapi uzman\u0131 ve psikanalist, anadili Almanca ve T\u00fcrk\u00e7e, KV lisans\u0131\" \/>\n<meta property=\"og:url\" content=\"https:\/\/grunert-psychotherapie.de\/behandlungsschwerpunkte\/junge-erwachsene-2\/\" \/>\n<meta property=\"og:site_name\" content=\"Dr. med. Pinar Grunert\" \/>\n<meta property=\"article:modified_time\" content=\"2026-02-11T08:35:10+00:00\" \/>\n<meta property=\"og:image\" content=\"https:\/\/grunert-psychotherapie.de\/wp-content\/uploads\/2023\/03\/website_screenshot_pinar-grunert.jpg\" \/>\n\t<meta property=\"og:image:width\" content=\"1200\" \/>\n\t<meta property=\"og:image:height\" content=\"675\" \/>\n\t<meta property=\"og:image:type\" content=\"image\/jpeg\" \/>\n<meta name=\"twitter:card\" content=\"summary_large_image\" \/>\n<meta name=\"twitter:label1\" content=\"Est. reading time\" \/>\n\t<meta name=\"twitter:data1\" content=\"5 minutes\" \/>\n<script type=\"application\/ld+json\" class=\"yoast-schema-graph\">{\"@context\":\"https:\\\/\\\/schema.org\",\"@graph\":[{\"@type\":\"WebPage\",\"@id\":\"https:\\\/\\\/grunert-psychotherapie.de\\\/behandlungsschwerpunkte\\\/junge-erwachsene-2\\\/\",\"url\":\"https:\\\/\\\/grunert-psychotherapie.de\\\/behandlungsschwerpunkte\\\/junge-erwachsene-2\\\/\",\"name\":\"Dr. med. Pinar Grunert \u2022 Psychotherapeutin f\u00fcr Kinderw\u00fcnsche in Berlin &#8226; \u00c7ocuk sahibi olma arzusu\",\"isPartOf\":{\"@id\":\"https:\\\/\\\/grunert-psychotherapie.de\\\/#website\"},\"datePublished\":\"2019-08-21T10:37:11+00:00\",\"dateModified\":\"2026-02-11T08:35:10+00:00\",\"description\":\"Dr. med. Pinar Grunert \u2022 Fach\u00e4rztin f\u00fcr Psychosomatische Medizin und Psychotherapie und Psychoanalytikerin in Berlin, muttersprachlich auf deutsch und t\u00fcrkisch, KV-Zulassung\",\"breadcrumb\":{\"@id\":\"https:\\\/\\\/grunert-psychotherapie.de\\\/behandlungsschwerpunkte\\\/junge-erwachsene-2\\\/#breadcrumb\"},\"inLanguage\":\"tr-TR\",\"potentialAction\":[{\"@type\":\"ReadAction\",\"target\":[\"https:\\\/\\\/grunert-psychotherapie.de\\\/behandlungsschwerpunkte\\\/junge-erwachsene-2\\\/\"]}]},{\"@type\":\"BreadcrumbList\",\"@id\":\"https:\\\/\\\/grunert-psychotherapie.de\\\/behandlungsschwerpunkte\\\/junge-erwachsene-2\\\/#breadcrumb\",\"itemListElement\":[{\"@type\":\"ListItem\",\"position\":1,\"name\":\"Startseite\",\"item\":\"https:\\\/\\\/grunert-psychotherapie.de\\\/\"},{\"@type\":\"ListItem\",\"position\":2,\"name\":\"Meine Behandlungsschwerpunkte\",\"item\":\"https:\\\/\\\/grunert-psychotherapie.de\\\/behandlungsschwerpunkte\\\/\"},{\"@type\":\"ListItem\",\"position\":3,\"name\":\"Kinderwunsch\"}]},{\"@type\":\"WebSite\",\"@id\":\"https:\\\/\\\/grunert-psychotherapie.de\\\/#website\",\"url\":\"https:\\\/\\\/grunert-psychotherapie.de\\\/\",\"name\":\"Dr. med. Pinar Grunert\",\"description\":\"Fach\u00e4rztin f\u00fcr Psychosomatische Medizin und Psychotherapie in deutscher und t\u00fcrkischer Muttersprache\",\"publisher\":{\"@id\":\"https:\\\/\\\/grunert-psychotherapie.de\\\/#\\\/schema\\\/person\\\/4b53dd21af435bc2960d9ec5a34215ae\"},\"alternateName\":\"Dr. med. Pinar Grunert \u2022 Fach\u00e4rztin f\u00fcr Psychosomatische Medizin und Psychotherapie und Psychoanalytikerin in Berlin, muttersprachlich auf deutsch und t\u00fcrkisch\",\"potentialAction\":[{\"@type\":\"SearchAction\",\"target\":{\"@type\":\"EntryPoint\",\"urlTemplate\":\"https:\\\/\\\/grunert-psychotherapie.de\\\/?s={search_term_string}\"},\"query-input\":{\"@type\":\"PropertyValueSpecification\",\"valueRequired\":true,\"valueName\":\"search_term_string\"}}],\"inLanguage\":\"tr-TR\"},{\"@type\":[\"Person\",\"Organization\"],\"@id\":\"https:\\\/\\\/grunert-psychotherapie.de\\\/#\\\/schema\\\/person\\\/4b53dd21af435bc2960d9ec5a34215ae\",\"name\":\"Dr. med. Pinar Grunert\",\"image\":{\"@type\":\"ImageObject\",\"inLanguage\":\"tr-TR\",\"@id\":\"https:\\\/\\\/grunert-psychotherapie.de\\\/wp-content\\\/uploads\\\/2019\\\/08\\\/start-slider_quadrat_01.jpg\",\"url\":\"https:\\\/\\\/grunert-psychotherapie.de\\\/wp-content\\\/uploads\\\/2019\\\/08\\\/start-slider_quadrat_01.jpg\",\"contentUrl\":\"https:\\\/\\\/grunert-psychotherapie.de\\\/wp-content\\\/uploads\\\/2019\\\/08\\\/start-slider_quadrat_01.jpg\",\"width\":350,\"height\":350,\"caption\":\"Dr. med. Pinar Grunert\"},\"logo\":{\"@id\":\"https:\\\/\\\/grunert-psychotherapie.de\\\/wp-content\\\/uploads\\\/2019\\\/08\\\/start-slider_quadrat_01.jpg\"},\"description\":\"Facharztpraxis f\u00fcr Psychosomatische Medizin und Psychotherapie, Psychoanalyse\",\"sameAs\":[\"https:\\\/\\\/grunert-psychotherapie.de\"],\"honorificPrefix\":\"Dr\",\"honorificSuffix\":\"med\",\"gender\":\"weiblich\",\"knowsAbout\":[\"psychologische Hilfe bei unerf\u00fclltem Kinderwunsch in Berlin\",\"Psychotherapie in Berlin\",\"Psychotherapie f\u00fcr Burnout in Berlin\",\"Psychotherapeutinf\u00fcr Depressionen und \u00c4ngste in Berlin Psychotherapie\",\"Depressionen\",\"\u00c4ngste\",\"Stress assoziierte Erkrankungen\",\"unerf\u00fcllter Kinderwunsch\",\"Somatoforme Schmerzen\",\"Tiefenpsychologie\",\"Psychotherapie auf T\u00fcrkisch und Deutsch\",\"Migration\",\"Spezialisierte Therapiegruppen\",\"Fehlgeburt\"],\"knowsLanguage\":[\"Deutsch\",\"T\u00fcrkisch\"],\"jobTitle\":\"Psychotherapeutin\",\"worksFor\":\"Dr. med Pinar Grunert\"}]}<\/script>\n<!-- \/ Yoast SEO Premium plugin. -->","yoast_head_json":{"title":"Dr. med. Pinar Grunert \u2022 Psychotherapeutin f\u00fcr Kinderw\u00fcnsche in Berlin &#8226; \u00c7ocuk sahibi olma arzusu","description":"Dr. med. P\u0131nar Grunert \u2022 Berlin'de psikosomatik t\u0131p ve psikoterapi uzman\u0131 ve psikanalist, anadili Almanca ve T\u00fcrk\u00e7e, KV lisans\u0131","robots":{"index":"index","follow":"follow","max-snippet":"max-snippet:-1","max-image-preview":"max-image-preview:large","max-video-preview":"max-video-preview:-1"},"canonical":"https:\/\/grunert-psychotherapie.de\/behandlungsschwerpunkte\/junge-erwachsene-2\/","og_locale":"tr_TR","og_type":"article","og_title":"Dr. med. Pinar Grunert &#8226; \u00c7ocuk sahibi olma arzusu","og_description":"Dr. med. P\u0131nar Grunert \u2022 Berlin'de psikosomatik t\u0131p ve psikoterapi uzman\u0131 ve psikanalist, anadili Almanca ve T\u00fcrk\u00e7e, KV lisans\u0131","og_url":"https:\/\/grunert-psychotherapie.de\/behandlungsschwerpunkte\/junge-erwachsene-2\/","og_site_name":"Dr. med. Pinar Grunert","article_modified_time":"2026-02-11T08:35:10+00:00","og_image":[{"width":1200,"height":675,"url":"https:\/\/grunert-psychotherapie.de\/wp-content\/uploads\/2023\/03\/website_screenshot_pinar-grunert.jpg","type":"image\/jpeg"}],"twitter_card":"summary_large_image","twitter_misc":{"Est. reading time":"5 minutes"},"schema":{"@context":"https:\/\/schema.org","@graph":[{"@type":"WebPage","@id":"https:\/\/grunert-psychotherapie.de\/behandlungsschwerpunkte\/junge-erwachsene-2\/","url":"https:\/\/grunert-psychotherapie.de\/behandlungsschwerpunkte\/junge-erwachsene-2\/","name":"Dr. med. Pinar Grunert \u2022 Psychotherapeutin f\u00fcr Kinderw\u00fcnsche in Berlin &#8226; \u00c7ocuk sahibi olma arzusu","isPartOf":{"@id":"https:\/\/grunert-psychotherapie.de\/#website"},"datePublished":"2019-08-21T10:37:11+00:00","dateModified":"2026-02-11T08:35:10+00:00","description":"Dr. med. Pinar Grunert \u2022 Fach\u00e4rztin f\u00fcr Psychosomatische Medizin und Psychotherapie und Psychoanalytikerin in Berlin, muttersprachlich auf deutsch und t\u00fcrkisch, KV-Zulassung","breadcrumb":{"@id":"https:\/\/grunert-psychotherapie.de\/behandlungsschwerpunkte\/junge-erwachsene-2\/#breadcrumb"},"inLanguage":"tr-TR","potentialAction":[{"@type":"ReadAction","target":["https:\/\/grunert-psychotherapie.de\/behandlungsschwerpunkte\/junge-erwachsene-2\/"]}]},{"@type":"BreadcrumbList","@id":"https:\/\/grunert-psychotherapie.de\/behandlungsschwerpunkte\/junge-erwachsene-2\/#breadcrumb","itemListElement":[{"@type":"ListItem","position":1,"name":"Startseite","item":"https:\/\/grunert-psychotherapie.de\/"},{"@type":"ListItem","position":2,"name":"Meine Behandlungsschwerpunkte","item":"https:\/\/grunert-psychotherapie.de\/behandlungsschwerpunkte\/"},{"@type":"ListItem","position":3,"name":"Kinderwunsch"}]},{"@type":"WebSite","@id":"https:\/\/grunert-psychotherapie.de\/#website","url":"https:\/\/grunert-psychotherapie.de\/","name":"Dr. med. Pinar Grunert","description":"Fach\u00e4rztin f\u00fcr Psychosomatische Medizin und Psychotherapie in deutscher und t\u00fcrkischer Muttersprache","publisher":{"@id":"https:\/\/grunert-psychotherapie.de\/#\/schema\/person\/4b53dd21af435bc2960d9ec5a34215ae"},"alternateName":"Dr. med. Pinar Grunert \u2022 Fach\u00e4rztin f\u00fcr Psychosomatische Medizin und Psychotherapie und Psychoanalytikerin in Berlin, muttersprachlich auf deutsch und t\u00fcrkisch","potentialAction":[{"@type":"SearchAction","target":{"@type":"EntryPoint","urlTemplate":"https:\/\/grunert-psychotherapie.de\/?s={search_term_string}"},"query-input":{"@type":"PropertyValueSpecification","valueRequired":true,"valueName":"search_term_string"}}],"inLanguage":"tr-TR"},{"@type":["Person","Organization"],"@id":"https:\/\/grunert-psychotherapie.de\/#\/schema\/person\/4b53dd21af435bc2960d9ec5a34215ae","name":"Dr. med. Pinar Grunert","image":{"@type":"ImageObject","inLanguage":"tr-TR","@id":"https:\/\/grunert-psychotherapie.de\/wp-content\/uploads\/2019\/08\/start-slider_quadrat_01.jpg","url":"https:\/\/grunert-psychotherapie.de\/wp-content\/uploads\/2019\/08\/start-slider_quadrat_01.jpg","contentUrl":"https:\/\/grunert-psychotherapie.de\/wp-content\/uploads\/2019\/08\/start-slider_quadrat_01.jpg","width":350,"height":350,"caption":"Dr. med. Pinar Grunert"},"logo":{"@id":"https:\/\/grunert-psychotherapie.de\/wp-content\/uploads\/2019\/08\/start-slider_quadrat_01.jpg"},"description":"Facharztpraxis f\u00fcr Psychosomatische Medizin und Psychotherapie, Psychoanalyse","sameAs":["https:\/\/grunert-psychotherapie.de"],"honorificPrefix":"Dr","honorificSuffix":"med","gender":"weiblich","knowsAbout":["psychologische Hilfe bei unerf\u00fclltem Kinderwunsch in Berlin","Psychotherapie in Berlin","Psychotherapie f\u00fcr Burnout in Berlin","Psychotherapeutinf\u00fcr Depressionen und \u00c4ngste in Berlin Psychotherapie","Depressionen","\u00c4ngste","Stress assoziierte Erkrankungen","unerf\u00fcllter Kinderwunsch","Somatoforme Schmerzen","Tiefenpsychologie","Psychotherapie auf T\u00fcrkisch und Deutsch","Migration","Spezialisierte Therapiegruppen","Fehlgeburt"],"knowsLanguage":["Deutsch","T\u00fcrkisch"],"jobTitle":"Psychotherapeutin","worksFor":"Dr. med Pinar Grunert"}]}},"_links":{"self":[{"href":"https:\/\/grunert-psychotherapie.de\/tr\/wp-json\/wp\/v2\/pages\/457","targetHints":{"allow":["GET"]}}],"collection":[{"href":"https:\/\/grunert-psychotherapie.de\/tr\/wp-json\/wp\/v2\/pages"}],"about":[{"href":"https:\/\/grunert-psychotherapie.de\/tr\/wp-json\/wp\/v2\/types\/page"}],"author":[{"embeddable":true,"href":"https:\/\/grunert-psychotherapie.de\/tr\/wp-json\/wp\/v2\/users\/1"}],"replies":[{"embeddable":true,"href":"https:\/\/grunert-psychotherapie.de\/tr\/wp-json\/wp\/v2\/comments?post=457"}],"version-history":[{"count":0,"href":"https:\/\/grunert-psychotherapie.de\/tr\/wp-json\/wp\/v2\/pages\/457\/revisions"}],"up":[{"embeddable":true,"href":"https:\/\/grunert-psychotherapie.de\/tr\/wp-json\/wp\/v2\/pages\/341"}],"wp:attachment":[{"href":"https:\/\/grunert-psychotherapie.de\/tr\/wp-json\/wp\/v2\/media?parent=457"}],"curies":[{"name":"wp","href":"https:\/\/api.w.org\/{rel}","templated":true}]}}