{"id":862,"date":"2019-11-29T10:16:24","date_gmt":"2019-11-29T09:16:24","guid":{"rendered":"https:\/\/grunert-psychotherapie.de\/?page_id=862"},"modified":"2026-04-18T14:24:24","modified_gmt":"2026-04-18T12:24:24","slug":"aktuelles","status":"publish","type":"page","link":"https:\/\/grunert-psychotherapie.de\/tr\/behandlungsschwerpunkte\/aktuelles\/","title":{"rendered":"Haberler"},"content":{"rendered":"<h1>Psikoterapi +++ G\u00fcncel +++<\/h1>\n<p>&nbsp;<\/p>\n<p><span style=\"color: #993300;\">Muayenehanemde a\u011f\u0131rl\u0131kla \u00f6zel terapi gruplar\u0131 ile \u00e7al\u0131\u015f\u0131yorum.<\/span><\/p>\n<p><span style=\"color: #993300;\">Baz\u0131 gruplar\u0131m\u0131z dolu baz\u0131 gruplar\u0131m\u0131zda bo\u015f yerimiz var. \u0130lgilenmeniz durumunda, sizinle bir \u00f6n g\u00f6r\u00fc\u015fme yapmakla memnuniyet duyar\u0131m. Dolu gruplar i\u00e7in sizi memnuniyetle bekleme listesine alabilirim.<\/span><\/p>\n<p><span style=\"color: #993300;\">\u0130lgilendi\u011finiz durumda, konu ba\u015fl\u0131\u011f\u0131n\u0131z ile birlikte ilgili talebinizi, bana l\u00fctfen, e-posta yoluyla iletin:<\/span><\/p>\n<p><a href=\"mailto:mail@grunert-psychotherapie.de\">mail@grunert-psychotherapie.de<\/a><\/p>\n<p>&nbsp;<\/p>\n<p><span style=\"color: #993300;\">Akt\u00fcel \u00e7al\u0131\u015ft\u0131\u011f\u0131m terapi gruplar\u0131 \u015funlard\u0131r:<\/span><\/p>\n<p>&nbsp;<\/p>\n<p><span style=\"color: #993300;\">14 g\u00fcnde bir Sal\u0131 g\u00fcnleri <strong>&#8220;Gen\u00e7 yeti\u015fkinler i\u00e7in terapi grubu&#8221;<\/strong> (25 &#8211; 35 ya\u015f), 14:00 &#8211; 17:00 veya 15:00 &#8211; 18:00 saatleri aras\u0131nda &#8211; bo\u015f yer var<\/span><\/p>\n<p>&nbsp;<\/p>\n<p><span style=\"color: #993300;\">14 g\u00fcnde bir \u00c7ar\u015famba g\u00fcnleri <strong>&#8220;\u00c7ocuk sahibi olma arzusu ger\u00e7ekle\u015fmemi\u015f kad\u0131nlar i\u00e7in \u00f6zel terapi grubu&#8221;<\/strong>, 14:00 &#8211; 17:00 &#8211; bo\u015f yer var<\/span><\/p>\n<p>&nbsp;<\/p>\n<p><span style=\"color: #993300;\">14 g\u00fcnde bir \u00c7ar\u015famba g\u00fcnleri <strong>&#8220;G\u00f6\u00e7men k\u00f6kenli kad\u0131nlar i\u00e7in T\u00fcrk\u00e7e anadilinde terapi grubu&#8221;<\/strong>, 12:00 &#8211; 15:00 saatleri aras\u0131nda<\/span><\/p>\n<p>&nbsp;<\/p>\n<p><span style=\"color: #993300;\">14 g\u00fcnde bir Per\u015fembe g\u00fcnleri <strong>&#8220;Anadili T\u00fcrk\u00e7e olan gen\u00e7 yeti\u015fkinler (yeni g\u00f6\u00e7menler\/ new wave) i\u00e7in terapi grubu&#8221;<\/strong> (yakla\u015f\u0131k 25 ve 35 ya\u015f aras\u0131), 13:00 &#8211; 16:00<\/span><\/p>\n<p>&nbsp;<\/p>\n<p><span style=\"color: #993300;\">14 g\u00fcnde bir Per\u015fembe g\u00fcnleri <strong>&#8220;G\u00f6\u00e7men k\u00f6kenli kad\u0131nlar i\u00e7in T\u00fcrk\u00e7e anadilde terapi grubu&#8221;<\/strong>, 9:00 &#8211; 12:00<\/span><\/p>\n<p>&nbsp;<\/p>\n<p><span style=\"color: #993300;\">14 g\u00fcnde bir Cuma g\u00fcnleri <strong>&#8220;\u00c7ocuk sahibi olma arzusu ger\u00e7ekle\u015fmemi\u015f kad\u0131nlar i\u00e7in \u00f6zel terapi grubu&#8221;<\/strong>, 17:00 &#8211; 20:00 &#8211; bo\u015f yer var<\/span><\/p>\n<p>&nbsp;<\/p>\n<p><span style=\"color: #993300;\">14 g\u00fcnde bir Cuma g\u00fcnleri <strong>&#8220;Gen\u00e7 yeti\u015fkinler i\u00e7in terapi grubu&#8221;<\/strong> (25 &#8211; 35 ya\u015f), 9:30 &#8211; 12:30 &#8211; bo\u015f yer var<\/span><\/p>\n<p>&nbsp;<\/p>\n<p>E\u011fer ilgileniyorsan\u0131z, l\u00fctfen bana \u015fahsen e-posta ile konunuzla birlikte \u00f6zel bir talep g\u00f6nderin.<\/p>\n<p>E-posta: <a href=\"mailto:mail@grunert-psychotherapie.de\">mail@grunert-psychotherapie.de<\/a><\/p>\n<p>&nbsp;<\/p>\n<p>Muayenehanemdeki t\u00fcm hizmetlerin masraflar\u0131 sa\u011fl\u0131k sigortan\u0131z taraf\u0131ndan kar\u015f\u0131lanmaktad\u0131r.<\/p>\n<p>Sevk gerekli de\u011fildir.<\/p>\n<p><span style=\"color: #ff00ff;\">L\u00fctfen dikkat edin; muayenehanem \u0131rk\u00e7\u0131l\u0131k, her t\u00fcrl\u00fc antisemitizm, cinsiyet\u00e7ilik ve queer d\u00fc\u015fmanl\u0131\u011f\u0131ndan ar\u0131nd\u0131r\u0131lm\u0131\u015f bir yerdir.<\/span><\/p>\n<p>&nbsp;<\/p>\n","protected":false},"excerpt":{"rendered":"<p>Psikoterapi +++ G\u00fcncel +++ &nbsp; Muayenehanemde a\u011f\u0131rl\u0131kla \u00f6zel terapi gruplar\u0131 ile \u00e7al\u0131\u015f\u0131yorum. Baz\u0131 gruplar\u0131m\u0131z dolu baz\u0131 gruplar\u0131m\u0131zda bo\u015f yerimiz var. &hellip; <a href=\"https:\/\/grunert-psychotherapie.de\/tr\/behandlungsschwerpunkte\/aktuelles\/\">Daha Fazlas\u0131n\u0131 Oku<\/a><\/p>\n","protected":false},"author":1,"featured_media":0,"parent":341,"menu_order":0,"comment_status":"closed","ping_status":"closed","template":"","meta":{"_exactmetrics_skip_tracking":false,"_exactmetrics_sitenote_active":false,"_exactmetrics_sitenote_note":"","_exactmetrics_sitenote_category":0,"footnotes":""},"class_list":["post-862","page","type-page","status-publish","hentry"],"translation":{"provider":"WPGlobus","version":"3.0.2","language":"tr","enabled_languages":["de","tr"],"languages":{"de":{"title":true,"content":true,"excerpt":false},"tr":{"title":true,"content":true,"excerpt":false}}},"yoast_head":"<!-- This site is optimized with the Yoast SEO Premium plugin v26.9 (Yoast SEO v27.5) - https:\/\/yoast.com\/product\/yoast-seo-premium-wordpress\/ -->\n<title>Dr. med. Pinar Grunert \u2022 Psychotherapie Depressionen unerf\u00fcllter Kinderwunsch \u00c4ngste in Berlin &#8226; Exklusive Psychotherapie in Berlin f\u00fcr T\u00fcrkischsprachige Frauen<\/title>\n<meta name=\"description\" content=\"Dr. med. P\u0131nar Grunert \u2022 Berlin&#039;de psikosomatik t\u0131p ve psikoterapi uzman\u0131 ve psikanalist, anadili Almanca ve T\u00fcrk\u00e7e, KV lisans\u0131\" \/>\n<meta name=\"robots\" content=\"index, follow, max-snippet:-1, max-image-preview:large, max-video-preview:-1\" \/>\n<link rel=\"canonical\" href=\"https:\/\/grunert-psychotherapie.de\/behandlungsschwerpunkte\/aktuelles\/\" \/>\n<meta property=\"og:locale\" content=\"tr_TR\" \/>\n<meta property=\"og:type\" content=\"article\" \/>\n<meta property=\"og:title\" content=\"Dr. med. Pinar Grunert &#8226; Haberler\" \/>\n<meta property=\"og:description\" content=\"Dr. med. P\u0131nar Grunert \u2022 Berlin&#039;de psikosomatik t\u0131p ve psikoterapi uzman\u0131 ve psikanalist, anadili Almanca ve T\u00fcrk\u00e7e, KV lisans\u0131\" \/>\n<meta property=\"og:url\" content=\"https:\/\/grunert-psychotherapie.de\/behandlungsschwerpunkte\/aktuelles\/\" \/>\n<meta property=\"og:site_name\" content=\"Dr. med. Pinar Grunert\" \/>\n<meta property=\"article:modified_time\" content=\"2026-04-18T12:24:24+00:00\" \/>\n<meta property=\"og:image\" content=\"https:\/\/grunert-psychotherapie.de\/wp-content\/uploads\/2023\/03\/website_screenshot_pinar-grunert.jpg\" \/>\n\t<meta property=\"og:image:width\" content=\"1200\" \/>\n\t<meta property=\"og:image:height\" content=\"675\" \/>\n\t<meta property=\"og:image:type\" content=\"image\/jpeg\" \/>\n<meta name=\"twitter:card\" content=\"summary_large_image\" \/>\n<meta name=\"twitter:label1\" content=\"Est. reading time\" \/>\n\t<meta name=\"twitter:data1\" content=\"2 minutes\" \/>\n<script type=\"application\/ld+json\" class=\"yoast-schema-graph\">{\"@context\":\"https:\\\/\\\/schema.org\",\"@graph\":[{\"@type\":\"WebPage\",\"@id\":\"https:\\\/\\\/grunert-psychotherapie.de\\\/behandlungsschwerpunkte\\\/aktuelles\\\/\",\"url\":\"https:\\\/\\\/grunert-psychotherapie.de\\\/behandlungsschwerpunkte\\\/aktuelles\\\/\",\"name\":\"Dr. med. Pinar Grunert \u2022 Psychotherapie Depressionen unerf\u00fcllter Kinderwunsch \u00c4ngste in Berlin &#8226; Exklusive Psychotherapie in Berlin f\u00fcr T\u00fcrkischsprachige Frauen\",\"isPartOf\":{\"@id\":\"https:\\\/\\\/grunert-psychotherapie.de\\\/#website\"},\"datePublished\":\"2019-11-29T09:16:24+00:00\",\"dateModified\":\"2026-04-18T12:24:24+00:00\",\"description\":\"Berlin Psychotherapie: Schwerpunktm\u00e4\u00dfig in spezialisierten Therapiegruppen. Zur Wahl stehen f\u00fcr junge Erwachsene, Frauen mit unerf\u00fclltem Kinderwunsch sowie in T\u00fcrkisch f\u00fcr Frauen.\",\"breadcrumb\":{\"@id\":\"https:\\\/\\\/grunert-psychotherapie.de\\\/behandlungsschwerpunkte\\\/aktuelles\\\/#breadcrumb\"},\"inLanguage\":\"tr-TR\",\"potentialAction\":[{\"@type\":\"ReadAction\",\"target\":[\"https:\\\/\\\/grunert-psychotherapie.de\\\/behandlungsschwerpunkte\\\/aktuelles\\\/\"]}]},{\"@type\":\"BreadcrumbList\",\"@id\":\"https:\\\/\\\/grunert-psychotherapie.de\\\/behandlungsschwerpunkte\\\/aktuelles\\\/#breadcrumb\",\"itemListElement\":[{\"@type\":\"ListItem\",\"position\":1,\"name\":\"Startseite\",\"item\":\"https:\\\/\\\/grunert-psychotherapie.de\\\/\"},{\"@type\":\"ListItem\",\"position\":2,\"name\":\"Meine Behandlungsschwerpunkte\",\"item\":\"https:\\\/\\\/grunert-psychotherapie.de\\\/behandlungsschwerpunkte\\\/\"},{\"@type\":\"ListItem\",\"position\":3,\"name\":\"Aktuelles\"}]},{\"@type\":\"WebSite\",\"@id\":\"https:\\\/\\\/grunert-psychotherapie.de\\\/#website\",\"url\":\"https:\\\/\\\/grunert-psychotherapie.de\\\/\",\"name\":\"Dr. med. Pinar Grunert\",\"description\":\"Fach\u00e4rztin f\u00fcr Psychosomatische Medizin und Psychotherapie in deutscher und t\u00fcrkischer Muttersprache\",\"publisher\":{\"@id\":\"https:\\\/\\\/grunert-psychotherapie.de\\\/#\\\/schema\\\/person\\\/4b53dd21af435bc2960d9ec5a34215ae\"},\"alternateName\":\"Dr. med. Pinar Grunert \u2022 Fach\u00e4rztin f\u00fcr Psychosomatische Medizin und Psychotherapie und Psychoanalytikerin in Berlin, muttersprachlich auf deutsch und t\u00fcrkisch\",\"potentialAction\":[{\"@type\":\"SearchAction\",\"target\":{\"@type\":\"EntryPoint\",\"urlTemplate\":\"https:\\\/\\\/grunert-psychotherapie.de\\\/?s={search_term_string}\"},\"query-input\":{\"@type\":\"PropertyValueSpecification\",\"valueRequired\":true,\"valueName\":\"search_term_string\"}}],\"inLanguage\":\"tr-TR\"},{\"@type\":[\"Person\",\"Organization\"],\"@id\":\"https:\\\/\\\/grunert-psychotherapie.de\\\/#\\\/schema\\\/person\\\/4b53dd21af435bc2960d9ec5a34215ae\",\"name\":\"Dr. med. Pinar Grunert\",\"image\":{\"@type\":\"ImageObject\",\"inLanguage\":\"tr-TR\",\"@id\":\"https:\\\/\\\/grunert-psychotherapie.de\\\/wp-content\\\/uploads\\\/2019\\\/08\\\/start-slider_quadrat_01.jpg\",\"url\":\"https:\\\/\\\/grunert-psychotherapie.de\\\/wp-content\\\/uploads\\\/2019\\\/08\\\/start-slider_quadrat_01.jpg\",\"contentUrl\":\"https:\\\/\\\/grunert-psychotherapie.de\\\/wp-content\\\/uploads\\\/2019\\\/08\\\/start-slider_quadrat_01.jpg\",\"width\":350,\"height\":350,\"caption\":\"Dr. med. Pinar Grunert\"},\"logo\":{\"@id\":\"https:\\\/\\\/grunert-psychotherapie.de\\\/wp-content\\\/uploads\\\/2019\\\/08\\\/start-slider_quadrat_01.jpg\"},\"description\":\"Facharztpraxis f\u00fcr Psychosomatische Medizin und Psychotherapie, Psychoanalyse\",\"sameAs\":[\"https:\\\/\\\/grunert-psychotherapie.de\"],\"honorificPrefix\":\"Dr\",\"honorificSuffix\":\"med\",\"gender\":\"weiblich\",\"knowsAbout\":[\"psychologische Hilfe bei unerf\u00fclltem Kinderwunsch in Berlin\",\"Psychotherapie in Berlin\",\"Psychotherapie f\u00fcr Burnout in Berlin\",\"Psychotherapeutinf\u00fcr Depressionen und \u00c4ngste in Berlin Psychotherapie\",\"Depressionen\",\"\u00c4ngste\",\"Stress assoziierte Erkrankungen\",\"unerf\u00fcllter Kinderwunsch\",\"Somatoforme Schmerzen\",\"Tiefenpsychologie\",\"Psychotherapie auf T\u00fcrkisch und Deutsch\",\"Migration\",\"Spezialisierte Therapiegruppen\",\"Fehlgeburt\"],\"knowsLanguage\":[\"Deutsch\",\"T\u00fcrkisch\"],\"jobTitle\":\"Psychotherapeutin\",\"worksFor\":\"Dr. med Pinar Grunert\"}]}<\/script>\n<!-- \/ Yoast SEO Premium plugin. -->","yoast_head_json":{"title":"Dr. med. Pinar Grunert \u2022 Psychotherapie Depressionen unerf\u00fcllter Kinderwunsch \u00c4ngste in Berlin &#8226; Exklusive Psychotherapie in Berlin f\u00fcr T\u00fcrkischsprachige Frauen","description":"Dr. med. P\u0131nar Grunert \u2022 Berlin'de psikosomatik t\u0131p ve psikoterapi uzman\u0131 ve psikanalist, anadili Almanca ve T\u00fcrk\u00e7e, KV lisans\u0131","robots":{"index":"index","follow":"follow","max-snippet":"max-snippet:-1","max-image-preview":"max-image-preview:large","max-video-preview":"max-video-preview:-1"},"canonical":"https:\/\/grunert-psychotherapie.de\/behandlungsschwerpunkte\/aktuelles\/","og_locale":"tr_TR","og_type":"article","og_title":"Dr. med. Pinar Grunert &#8226; Haberler","og_description":"Dr. med. P\u0131nar Grunert \u2022 Berlin'de psikosomatik t\u0131p ve psikoterapi uzman\u0131 ve psikanalist, anadili Almanca ve T\u00fcrk\u00e7e, KV lisans\u0131","og_url":"https:\/\/grunert-psychotherapie.de\/behandlungsschwerpunkte\/aktuelles\/","og_site_name":"Dr. med. Pinar Grunert","article_modified_time":"2026-04-18T12:24:24+00:00","og_image":[{"width":1200,"height":675,"url":"https:\/\/grunert-psychotherapie.de\/wp-content\/uploads\/2023\/03\/website_screenshot_pinar-grunert.jpg","type":"image\/jpeg"}],"twitter_card":"summary_large_image","twitter_misc":{"Est. reading time":"2 minutes"},"schema":{"@context":"https:\/\/schema.org","@graph":[{"@type":"WebPage","@id":"https:\/\/grunert-psychotherapie.de\/behandlungsschwerpunkte\/aktuelles\/","url":"https:\/\/grunert-psychotherapie.de\/behandlungsschwerpunkte\/aktuelles\/","name":"Dr. med. Pinar Grunert \u2022 Psychotherapie Depressionen unerf\u00fcllter Kinderwunsch \u00c4ngste in Berlin &#8226; Exklusive Psychotherapie in Berlin f\u00fcr T\u00fcrkischsprachige Frauen","isPartOf":{"@id":"https:\/\/grunert-psychotherapie.de\/#website"},"datePublished":"2019-11-29T09:16:24+00:00","dateModified":"2026-04-18T12:24:24+00:00","description":"Berlin Psychotherapie: Schwerpunktm\u00e4\u00dfig in spezialisierten Therapiegruppen. Zur Wahl stehen f\u00fcr junge Erwachsene, Frauen mit unerf\u00fclltem Kinderwunsch sowie in T\u00fcrkisch f\u00fcr Frauen.","breadcrumb":{"@id":"https:\/\/grunert-psychotherapie.de\/behandlungsschwerpunkte\/aktuelles\/#breadcrumb"},"inLanguage":"tr-TR","potentialAction":[{"@type":"ReadAction","target":["https:\/\/grunert-psychotherapie.de\/behandlungsschwerpunkte\/aktuelles\/"]}]},{"@type":"BreadcrumbList","@id":"https:\/\/grunert-psychotherapie.de\/behandlungsschwerpunkte\/aktuelles\/#breadcrumb","itemListElement":[{"@type":"ListItem","position":1,"name":"Startseite","item":"https:\/\/grunert-psychotherapie.de\/"},{"@type":"ListItem","position":2,"name":"Meine Behandlungsschwerpunkte","item":"https:\/\/grunert-psychotherapie.de\/behandlungsschwerpunkte\/"},{"@type":"ListItem","position":3,"name":"Aktuelles"}]},{"@type":"WebSite","@id":"https:\/\/grunert-psychotherapie.de\/#website","url":"https:\/\/grunert-psychotherapie.de\/","name":"Dr. med. Pinar Grunert","description":"Fach\u00e4rztin f\u00fcr Psychosomatische Medizin und Psychotherapie in deutscher und t\u00fcrkischer Muttersprache","publisher":{"@id":"https:\/\/grunert-psychotherapie.de\/#\/schema\/person\/4b53dd21af435bc2960d9ec5a34215ae"},"alternateName":"Dr. med. Pinar Grunert \u2022 Fach\u00e4rztin f\u00fcr Psychosomatische Medizin und Psychotherapie und Psychoanalytikerin in Berlin, muttersprachlich auf deutsch und t\u00fcrkisch","potentialAction":[{"@type":"SearchAction","target":{"@type":"EntryPoint","urlTemplate":"https:\/\/grunert-psychotherapie.de\/?s={search_term_string}"},"query-input":{"@type":"PropertyValueSpecification","valueRequired":true,"valueName":"search_term_string"}}],"inLanguage":"tr-TR"},{"@type":["Person","Organization"],"@id":"https:\/\/grunert-psychotherapie.de\/#\/schema\/person\/4b53dd21af435bc2960d9ec5a34215ae","name":"Dr. med. Pinar Grunert","image":{"@type":"ImageObject","inLanguage":"tr-TR","@id":"https:\/\/grunert-psychotherapie.de\/wp-content\/uploads\/2019\/08\/start-slider_quadrat_01.jpg","url":"https:\/\/grunert-psychotherapie.de\/wp-content\/uploads\/2019\/08\/start-slider_quadrat_01.jpg","contentUrl":"https:\/\/grunert-psychotherapie.de\/wp-content\/uploads\/2019\/08\/start-slider_quadrat_01.jpg","width":350,"height":350,"caption":"Dr. med. Pinar Grunert"},"logo":{"@id":"https:\/\/grunert-psychotherapie.de\/wp-content\/uploads\/2019\/08\/start-slider_quadrat_01.jpg"},"description":"Facharztpraxis f\u00fcr Psychosomatische Medizin und Psychotherapie, Psychoanalyse","sameAs":["https:\/\/grunert-psychotherapie.de"],"honorificPrefix":"Dr","honorificSuffix":"med","gender":"weiblich","knowsAbout":["psychologische Hilfe bei unerf\u00fclltem Kinderwunsch in Berlin","Psychotherapie in Berlin","Psychotherapie f\u00fcr Burnout in Berlin","Psychotherapeutinf\u00fcr Depressionen und \u00c4ngste in Berlin Psychotherapie","Depressionen","\u00c4ngste","Stress assoziierte Erkrankungen","unerf\u00fcllter Kinderwunsch","Somatoforme Schmerzen","Tiefenpsychologie","Psychotherapie auf T\u00fcrkisch und Deutsch","Migration","Spezialisierte Therapiegruppen","Fehlgeburt"],"knowsLanguage":["Deutsch","T\u00fcrkisch"],"jobTitle":"Psychotherapeutin","worksFor":"Dr. med Pinar Grunert"}]}},"_links":{"self":[{"href":"https:\/\/grunert-psychotherapie.de\/tr\/wp-json\/wp\/v2\/pages\/862","targetHints":{"allow":["GET"]}}],"collection":[{"href":"https:\/\/grunert-psychotherapie.de\/tr\/wp-json\/wp\/v2\/pages"}],"about":[{"href":"https:\/\/grunert-psychotherapie.de\/tr\/wp-json\/wp\/v2\/types\/page"}],"author":[{"embeddable":true,"href":"https:\/\/grunert-psychotherapie.de\/tr\/wp-json\/wp\/v2\/users\/1"}],"replies":[{"embeddable":true,"href":"https:\/\/grunert-psychotherapie.de\/tr\/wp-json\/wp\/v2\/comments?post=862"}],"version-history":[{"count":1,"href":"https:\/\/grunert-psychotherapie.de\/tr\/wp-json\/wp\/v2\/pages\/862\/revisions"}],"predecessor-version":[{"id":1283,"href":"https:\/\/grunert-psychotherapie.de\/tr\/wp-json\/wp\/v2\/pages\/862\/revisions\/1283"}],"up":[{"embeddable":true,"href":"https:\/\/grunert-psychotherapie.de\/tr\/wp-json\/wp\/v2\/pages\/341"}],"wp:attachment":[{"href":"https:\/\/grunert-psychotherapie.de\/tr\/wp-json\/wp\/v2\/media?parent=862"}],"curies":[{"name":"wp","href":"https:\/\/api.w.org\/{rel}","templated":true}]}}