{"id":972,"date":"2023-10-06T13:52:07","date_gmt":"2023-10-06T11:52:07","guid":{"rendered":"https:\/\/grunert-psychotherapie.de\/?page_id=972"},"modified":"2026-02-11T09:30:25","modified_gmt":"2026-02-11T08:30:25","slug":"info","status":"publish","type":"page","link":"https:\/\/grunert-psychotherapie.de\/tr\/behandlungsschwerpunkte\/info\/","title":{"rendered":"Hizmetler"},"content":{"rendered":"<h1>Hizmetlere genel bak\u0131\u015f<\/h1>\n<p>\u2022 Berlin&#8217;de derin psikoloji \/ analitik psikoterapi, sa\u011fl\u0131k sigortas\u0131 kapsam\u0131ndad\u0131r.<\/p>\n<p>\u2022 <a href=\"https:\/\/grunert-psychotherapie.de\/tr\/behandlungsschwerpunkte\/depressionen\/\">Depresyon<\/a><\/p>\n<p>\u2022 Anksiyete<\/p>\n<p>\u2022 \u00d6zg\u00fcven sorunlar\u0131<\/p>\n<p>\u2022 \u0130li\u015fki \u00e7at\u0131\u015fmalar\u0131<\/p>\n<p>\u2022 T\u00fckenmi\u015flik sendromu<\/p>\n<p>\u2022 <a href=\"https:\/\/grunert-psychotherapie.de\/tr\/behandlungsschwerpunkte\/psycho-onkologie\/\">Psiko-onkoloji<\/a><\/p>\n<p>\u2022 <a href=\"https:\/\/grunert-psychotherapie.de\/tr\/behandlungsschwerpunkte\/psycho-kardiologie\/\">Psiko-kardiyoloji<\/a><\/p>\n<p>\u2022 <a href=\"https:\/\/grunert-psychotherapie.de\/tr\/behandlungsschwerpunkte\/junge-erwachsene-2\/\">\u00c7ocuk sahibi olamama sorunu<\/a><\/p>\n<p>\u2022 Somatoform a\u011fr\u0131lar<\/p>\n<p>\u2022 <a href=\"https:\/\/grunert-psychotherapie.de\/tr\/behandlungsschwerpunkte\/junge-erwachsene\/\">Gen\u00e7 yeti\u015fkinler (<span data-start=\"285\" data-end=\"309\">24 ya\u015f\u0131ndan itibaren)<\/span><\/a><\/p>\n<p>\u2022 <a href=\"https:\/\/grunert-psychotherapie.de\/tr\/behandlungsschwerpunkte\/migration\/\">G\u00f6\u00e7<\/a><\/p>\n<p>\u2022 \u00d6zel terapi gruplar\u0131<\/p>\n<p>\u2022 T\u00fcrk\u00e7e ve Almanca psikoterapi<\/p>\n<p data-start=\"133\" data-end=\"328\"><span data-start=\"133\" data-end=\"326\"><b>Muayenehanemde psikiyatrist olarak hizmet vermemekteyim:<\/b><\/span><\/p>\n<p data-start=\"133\" data-end=\"328\"><span data-start=\"133\" data-end=\"326\">Bu nedenle a\u015fa\u011f\u0131daki hastal\u0131k gruplar\u0131n\u0131n tedavisi yap\u0131lmamaktad\u0131r: ba\u011f\u0131ml\u0131l\u0131k hastal\u0131klar\u0131, psikozlar ve a\u011f\u0131r ki\u015filik bozukluklar\u0131.<\/span><\/p>\n<p data-start=\"335\" data-end=\"509\"><span data-start=\"335\" data-end=\"507\">\u0130la\u00e7 re\u00e7etesi yazmamaktay\u0131m, ADD \/ ADHD tan\u0131 testleri veya bu alanlarda tedavi sunmamaktay\u0131m. Ayr\u0131ca i\u015f g\u00f6remezlik raporu (AU) ya da bilirki\u015fi raporu d\u00fczenlememekteyim.<\/span><\/p>\n<p data-start=\"516\" data-end=\"596\"><span data-start=\"516\" data-end=\"596\">Sigorta veya yarg\u0131 s\u00fcre\u00e7leri kapsam\u0131nda psikoterapi hizmeti sunulmamaktad\u0131r.<\/span><\/p>\n<p data-start=\"516\" data-end=\"596\">Dan\u0131\u015fmanl\u0131k ve \u00f6n g\u00f6r\u00fc\u015fme randevusu i\u00e7in <a href=\"https:\/\/grunert-psychotherapie.de\/tr\/kontakt\/\">e-posta<\/a> yoluyla ya da <a href=\"https:\/\/www.jameda.de\/pinar-grunert\/psychosomatiker-aerztlicher-psychotherapeut-psychoanalyse\/berlin\" target=\"_blank\" rel=\"noopener\">Jameda<\/a> veya <a href=\"https:\/\/www.doctolib.de\/psychosomatische-medizin-psychotherapie\/berlin\/pinar-grunert\" target=\"_blank\" rel=\"noopener\">Doctolib<\/a> randevu platformlar\u0131 \u00fczerinden psikoterapi dan\u0131\u015fma saatim i\u00e7in randevu alabilirsiniz.<\/p>\n","protected":false},"excerpt":{"rendered":"<p>Hizmetlere genel bak\u0131\u015f \u2022 Berlin&#8217;de derin psikoloji \/ analitik psikoterapi, sa\u011fl\u0131k sigortas\u0131 kapsam\u0131ndad\u0131r. \u2022 Depresyon \u2022 Anksiyete \u2022 \u00d6zg\u00fcven sorunlar\u0131 &hellip; <a href=\"https:\/\/grunert-psychotherapie.de\/tr\/behandlungsschwerpunkte\/info\/\">Daha Fazlas\u0131n\u0131 Oku<\/a><\/p>\n","protected":false},"author":1,"featured_media":0,"parent":341,"menu_order":0,"comment_status":"closed","ping_status":"closed","template":"","meta":{"_exactmetrics_skip_tracking":false,"_exactmetrics_sitenote_active":false,"_exactmetrics_sitenote_note":"","_exactmetrics_sitenote_category":0,"footnotes":""},"class_list":["post-972","page","type-page","status-publish","hentry"],"translation":{"provider":"WPGlobus","version":"3.0.2","language":"tr","enabled_languages":["de","tr"],"languages":{"de":{"title":true,"content":true,"excerpt":false},"tr":{"title":true,"content":true,"excerpt":false}}},"yoast_head":"<!-- This site is optimized with the Yoast SEO Premium plugin v26.9 (Yoast SEO v27.5) - https:\/\/yoast.com\/product\/yoast-seo-premium-wordpress\/ -->\n<title>Dr. med. Pinar Grunert \u2022 Info zu Psychotherapie in Berlin &#8226; Hizmetler<\/title>\n<meta name=\"robots\" content=\"index, follow, max-snippet:-1, max-image-preview:large, max-video-preview:-1\" \/>\n<link rel=\"canonical\" href=\"https:\/\/grunert-psychotherapie.de\/behandlungsschwerpunkte\/info\/\" \/>\n<meta property=\"og:locale\" content=\"tr_TR\" \/>\n<meta property=\"og:type\" content=\"article\" \/>\n<meta property=\"og:title\" content=\"Dr. med. Pinar Grunert &#8226; Hizmetler\" \/>\n<meta property=\"og:url\" content=\"https:\/\/grunert-psychotherapie.de\/behandlungsschwerpunkte\/info\/\" \/>\n<meta property=\"og:site_name\" content=\"Dr. med. Pinar Grunert\" \/>\n<meta property=\"article:modified_time\" content=\"2026-02-11T08:30:25+00:00\" \/>\n<meta property=\"og:image\" content=\"https:\/\/grunert-psychotherapie.de\/wp-content\/uploads\/2023\/03\/website_screenshot_pinar-grunert.jpg\" \/>\n\t<meta property=\"og:image:width\" content=\"1200\" \/>\n\t<meta property=\"og:image:height\" content=\"675\" \/>\n\t<meta property=\"og:image:type\" content=\"image\/jpeg\" \/>\n<meta name=\"twitter:card\" content=\"summary_large_image\" \/>\n<meta name=\"twitter:label1\" content=\"Est. reading time\" \/>\n\t<meta name=\"twitter:data1\" content=\"1 minute\" \/>\n<script type=\"application\/ld+json\" class=\"yoast-schema-graph\">{\"@context\":\"https:\\\/\\\/schema.org\",\"@graph\":[{\"@type\":\"WebPage\",\"@id\":\"https:\\\/\\\/grunert-psychotherapie.de\\\/behandlungsschwerpunkte\\\/info\\\/\",\"url\":\"https:\\\/\\\/grunert-psychotherapie.de\\\/behandlungsschwerpunkte\\\/info\\\/\",\"name\":\"Dr. med. Pinar Grunert \u2022 Info zu Psychotherapie in Berlin &#8226; Hizmetler\",\"isPartOf\":{\"@id\":\"https:\\\/\\\/grunert-psychotherapie.de\\\/#website\"},\"datePublished\":\"2023-10-06T11:52:07+00:00\",\"dateModified\":\"2026-02-11T08:30:25+00:00\",\"description\":\"Dr. med. Pinar Grunert \u2022 Fach\u00e4rztin f\u00fcr Psychosomatische Medizin und Psychotherapie und Psychoanalytikerin in Berlin, muttersprachlich auf deutsch und t\u00fcrkisch, KV-Zulassung\",\"breadcrumb\":{\"@id\":\"https:\\\/\\\/grunert-psychotherapie.de\\\/behandlungsschwerpunkte\\\/info\\\/#breadcrumb\"},\"inLanguage\":\"tr-TR\",\"potentialAction\":[{\"@type\":\"ReadAction\",\"target\":[\"https:\\\/\\\/grunert-psychotherapie.de\\\/behandlungsschwerpunkte\\\/info\\\/\"]}]},{\"@type\":\"BreadcrumbList\",\"@id\":\"https:\\\/\\\/grunert-psychotherapie.de\\\/behandlungsschwerpunkte\\\/info\\\/#breadcrumb\",\"itemListElement\":[{\"@type\":\"ListItem\",\"position\":1,\"name\":\"Startseite\",\"item\":\"https:\\\/\\\/grunert-psychotherapie.de\\\/\"},{\"@type\":\"ListItem\",\"position\":2,\"name\":\"Meine Behandlungsschwerpunkte\",\"item\":\"https:\\\/\\\/grunert-psychotherapie.de\\\/behandlungsschwerpunkte\\\/\"},{\"@type\":\"ListItem\",\"position\":3,\"name\":\"Leistungs\u00fcbersicht\"}]},{\"@type\":\"WebSite\",\"@id\":\"https:\\\/\\\/grunert-psychotherapie.de\\\/#website\",\"url\":\"https:\\\/\\\/grunert-psychotherapie.de\\\/\",\"name\":\"Dr. med. Pinar Grunert\",\"description\":\"Fach\u00e4rztin f\u00fcr Psychosomatische Medizin und Psychotherapie in deutscher und t\u00fcrkischer Muttersprache\",\"publisher\":{\"@id\":\"https:\\\/\\\/grunert-psychotherapie.de\\\/#\\\/schema\\\/person\\\/4b53dd21af435bc2960d9ec5a34215ae\"},\"alternateName\":\"Dr. med. Pinar Grunert \u2022 Fach\u00e4rztin f\u00fcr Psychosomatische Medizin und Psychotherapie und Psychoanalytikerin in Berlin, muttersprachlich auf deutsch und t\u00fcrkisch\",\"potentialAction\":[{\"@type\":\"SearchAction\",\"target\":{\"@type\":\"EntryPoint\",\"urlTemplate\":\"https:\\\/\\\/grunert-psychotherapie.de\\\/?s={search_term_string}\"},\"query-input\":{\"@type\":\"PropertyValueSpecification\",\"valueRequired\":true,\"valueName\":\"search_term_string\"}}],\"inLanguage\":\"tr-TR\"},{\"@type\":[\"Person\",\"Organization\"],\"@id\":\"https:\\\/\\\/grunert-psychotherapie.de\\\/#\\\/schema\\\/person\\\/4b53dd21af435bc2960d9ec5a34215ae\",\"name\":\"Dr. med. Pinar Grunert\",\"image\":{\"@type\":\"ImageObject\",\"inLanguage\":\"tr-TR\",\"@id\":\"https:\\\/\\\/grunert-psychotherapie.de\\\/wp-content\\\/uploads\\\/2019\\\/08\\\/start-slider_quadrat_01.jpg\",\"url\":\"https:\\\/\\\/grunert-psychotherapie.de\\\/wp-content\\\/uploads\\\/2019\\\/08\\\/start-slider_quadrat_01.jpg\",\"contentUrl\":\"https:\\\/\\\/grunert-psychotherapie.de\\\/wp-content\\\/uploads\\\/2019\\\/08\\\/start-slider_quadrat_01.jpg\",\"width\":350,\"height\":350,\"caption\":\"Dr. med. Pinar Grunert\"},\"logo\":{\"@id\":\"https:\\\/\\\/grunert-psychotherapie.de\\\/wp-content\\\/uploads\\\/2019\\\/08\\\/start-slider_quadrat_01.jpg\"},\"description\":\"Facharztpraxis f\u00fcr Psychosomatische Medizin und Psychotherapie, Psychoanalyse\",\"sameAs\":[\"https:\\\/\\\/grunert-psychotherapie.de\"],\"honorificPrefix\":\"Dr\",\"honorificSuffix\":\"med\",\"gender\":\"weiblich\",\"knowsAbout\":[\"psychologische Hilfe bei unerf\u00fclltem Kinderwunsch in Berlin\",\"Psychotherapie in Berlin\",\"Psychotherapie f\u00fcr Burnout in Berlin\",\"Psychotherapeutinf\u00fcr Depressionen und \u00c4ngste in Berlin Psychotherapie\",\"Depressionen\",\"\u00c4ngste\",\"Stress assoziierte Erkrankungen\",\"unerf\u00fcllter Kinderwunsch\",\"Somatoforme Schmerzen\",\"Tiefenpsychologie\",\"Psychotherapie auf T\u00fcrkisch und Deutsch\",\"Migration\",\"Spezialisierte Therapiegruppen\",\"Fehlgeburt\"],\"knowsLanguage\":[\"Deutsch\",\"T\u00fcrkisch\"],\"jobTitle\":\"Psychotherapeutin\",\"worksFor\":\"Dr. med Pinar Grunert\"}]}<\/script>\n<!-- \/ Yoast SEO Premium plugin. -->","yoast_head_json":{"title":"Dr. med. Pinar Grunert \u2022 Info zu Psychotherapie in Berlin &#8226; Hizmetler","robots":{"index":"index","follow":"follow","max-snippet":"max-snippet:-1","max-image-preview":"max-image-preview:large","max-video-preview":"max-video-preview:-1"},"canonical":"https:\/\/grunert-psychotherapie.de\/behandlungsschwerpunkte\/info\/","og_locale":"tr_TR","og_type":"article","og_title":"Dr. med. Pinar Grunert &#8226; Hizmetler","og_url":"https:\/\/grunert-psychotherapie.de\/behandlungsschwerpunkte\/info\/","og_site_name":"Dr. med. Pinar Grunert","article_modified_time":"2026-02-11T08:30:25+00:00","og_image":[{"width":1200,"height":675,"url":"https:\/\/grunert-psychotherapie.de\/wp-content\/uploads\/2023\/03\/website_screenshot_pinar-grunert.jpg","type":"image\/jpeg"}],"twitter_card":"summary_large_image","twitter_misc":{"Est. reading time":"1 minute"},"schema":{"@context":"https:\/\/schema.org","@graph":[{"@type":"WebPage","@id":"https:\/\/grunert-psychotherapie.de\/behandlungsschwerpunkte\/info\/","url":"https:\/\/grunert-psychotherapie.de\/behandlungsschwerpunkte\/info\/","name":"Dr. med. Pinar Grunert \u2022 Info zu Psychotherapie in Berlin &#8226; Hizmetler","isPartOf":{"@id":"https:\/\/grunert-psychotherapie.de\/#website"},"datePublished":"2023-10-06T11:52:07+00:00","dateModified":"2026-02-11T08:30:25+00:00","description":"Dr. med. Pinar Grunert \u2022 Fach\u00e4rztin f\u00fcr Psychosomatische Medizin und Psychotherapie und Psychoanalytikerin in Berlin, muttersprachlich auf deutsch und t\u00fcrkisch, KV-Zulassung","breadcrumb":{"@id":"https:\/\/grunert-psychotherapie.de\/behandlungsschwerpunkte\/info\/#breadcrumb"},"inLanguage":"tr-TR","potentialAction":[{"@type":"ReadAction","target":["https:\/\/grunert-psychotherapie.de\/behandlungsschwerpunkte\/info\/"]}]},{"@type":"BreadcrumbList","@id":"https:\/\/grunert-psychotherapie.de\/behandlungsschwerpunkte\/info\/#breadcrumb","itemListElement":[{"@type":"ListItem","position":1,"name":"Startseite","item":"https:\/\/grunert-psychotherapie.de\/"},{"@type":"ListItem","position":2,"name":"Meine Behandlungsschwerpunkte","item":"https:\/\/grunert-psychotherapie.de\/behandlungsschwerpunkte\/"},{"@type":"ListItem","position":3,"name":"Leistungs\u00fcbersicht"}]},{"@type":"WebSite","@id":"https:\/\/grunert-psychotherapie.de\/#website","url":"https:\/\/grunert-psychotherapie.de\/","name":"Dr. med. Pinar Grunert","description":"Fach\u00e4rztin f\u00fcr Psychosomatische Medizin und Psychotherapie in deutscher und t\u00fcrkischer Muttersprache","publisher":{"@id":"https:\/\/grunert-psychotherapie.de\/#\/schema\/person\/4b53dd21af435bc2960d9ec5a34215ae"},"alternateName":"Dr. med. Pinar Grunert \u2022 Fach\u00e4rztin f\u00fcr Psychosomatische Medizin und Psychotherapie und Psychoanalytikerin in Berlin, muttersprachlich auf deutsch und t\u00fcrkisch","potentialAction":[{"@type":"SearchAction","target":{"@type":"EntryPoint","urlTemplate":"https:\/\/grunert-psychotherapie.de\/?s={search_term_string}"},"query-input":{"@type":"PropertyValueSpecification","valueRequired":true,"valueName":"search_term_string"}}],"inLanguage":"tr-TR"},{"@type":["Person","Organization"],"@id":"https:\/\/grunert-psychotherapie.de\/#\/schema\/person\/4b53dd21af435bc2960d9ec5a34215ae","name":"Dr. med. Pinar Grunert","image":{"@type":"ImageObject","inLanguage":"tr-TR","@id":"https:\/\/grunert-psychotherapie.de\/wp-content\/uploads\/2019\/08\/start-slider_quadrat_01.jpg","url":"https:\/\/grunert-psychotherapie.de\/wp-content\/uploads\/2019\/08\/start-slider_quadrat_01.jpg","contentUrl":"https:\/\/grunert-psychotherapie.de\/wp-content\/uploads\/2019\/08\/start-slider_quadrat_01.jpg","width":350,"height":350,"caption":"Dr. med. Pinar Grunert"},"logo":{"@id":"https:\/\/grunert-psychotherapie.de\/wp-content\/uploads\/2019\/08\/start-slider_quadrat_01.jpg"},"description":"Facharztpraxis f\u00fcr Psychosomatische Medizin und Psychotherapie, Psychoanalyse","sameAs":["https:\/\/grunert-psychotherapie.de"],"honorificPrefix":"Dr","honorificSuffix":"med","gender":"weiblich","knowsAbout":["psychologische Hilfe bei unerf\u00fclltem Kinderwunsch in Berlin","Psychotherapie in Berlin","Psychotherapie f\u00fcr Burnout in Berlin","Psychotherapeutinf\u00fcr Depressionen und \u00c4ngste in Berlin Psychotherapie","Depressionen","\u00c4ngste","Stress assoziierte Erkrankungen","unerf\u00fcllter Kinderwunsch","Somatoforme Schmerzen","Tiefenpsychologie","Psychotherapie auf T\u00fcrkisch und Deutsch","Migration","Spezialisierte Therapiegruppen","Fehlgeburt"],"knowsLanguage":["Deutsch","T\u00fcrkisch"],"jobTitle":"Psychotherapeutin","worksFor":"Dr. med Pinar Grunert"}]}},"_links":{"self":[{"href":"https:\/\/grunert-psychotherapie.de\/tr\/wp-json\/wp\/v2\/pages\/972","targetHints":{"allow":["GET"]}}],"collection":[{"href":"https:\/\/grunert-psychotherapie.de\/tr\/wp-json\/wp\/v2\/pages"}],"about":[{"href":"https:\/\/grunert-psychotherapie.de\/tr\/wp-json\/wp\/v2\/types\/page"}],"author":[{"embeddable":true,"href":"https:\/\/grunert-psychotherapie.de\/tr\/wp-json\/wp\/v2\/users\/1"}],"replies":[{"embeddable":true,"href":"https:\/\/grunert-psychotherapie.de\/tr\/wp-json\/wp\/v2\/comments?post=972"}],"version-history":[{"count":0,"href":"https:\/\/grunert-psychotherapie.de\/tr\/wp-json\/wp\/v2\/pages\/972\/revisions"}],"up":[{"embeddable":true,"href":"https:\/\/grunert-psychotherapie.de\/tr\/wp-json\/wp\/v2\/pages\/341"}],"wp:attachment":[{"href":"https:\/\/grunert-psychotherapie.de\/tr\/wp-json\/wp\/v2\/media?parent=972"}],"curies":[{"name":"wp","href":"https:\/\/api.w.org\/{rel}","templated":true}]}}